{"id":6985,"date":"2025-09-17T11:45:34","date_gmt":"2025-09-17T09:45:34","guid":{"rendered":"https:\/\/boreait.com\/hu\/?post_type=product&#038;p=6985"},"modified":"2025-09-17T11:46:27","modified_gmt":"2025-09-17T09:46:27","slug":"hp-elitebook-840-g7-eredeti-laptop-wifi-kartya-ax201ngw-intel-vezetek-nelkuli-frissites","status":"publish","type":"product","link":"https:\/\/boreait.com\/hu\/termek\/hp-elitebook-840-g7-eredeti-laptop-wifi-kartya-ax201ngw-intel-vezetek-nelkuli-frissites\/","title":{"rendered":"HP EliteBook 840 G7 eredeti laptop WiFi k\u00e1rtya AX201NGW Intel vezet\u00e9k n\u00e9lk\u00fcli friss\u00edt\u00e9s"},"content":{"rendered":"<p>Haszn\u00e1lja ki a HP EliteBook 840 G7 teljes potenci\u00e1lj\u00e1t az eredeti Intel AX201NGW vezet\u00e9k n\u00e9lk\u00fcli WiFi k\u00e1rty\u00e1val. Ez a kiv\u00e1l\u00f3 min\u0151s\u00e9g\u0171 laptop alkatr\u00e9sz gyors \u00e9s biztons\u00e1gos vezet\u00e9k n\u00e9lk\u00fcli kapcsolatot biztos\u00edt, lehet\u0151v\u00e9 t\u00e9ve, hogy b\u00e1rhov\u00e1 is megy, kapcsolatban maradjon.<\/p>\n<p><strong>F\u0151bb jellemz\u0151k:<\/strong><\/p>\n<ul>\n<li>Eredeti Intel WiFi k\u00e1rtya: Ez az AX201NGW modell egy eredeti Intel Wireless WiFi k\u00e1rtya, amelyet kifejezetten a HP EliteBook 840 G7-hez terveztek, optim\u00e1lis kompatibilit\u00e1st \u00e9s teljes\u00edtm\u00e9nyt biztos\u00edtva.<\/li>\n<li>Gyorsabb vezet\u00e9k n\u00e9lk\u00fcli sebess\u00e9g: Friss\u00edtsen a leg\u00fajabb WiFi-szabv\u00e1nyra a vill\u00e1mgyors sebess\u00e9g, a z\u00f6kken\u0151mentes streamel\u00e9s \u00e9s a megb\u00edzhat\u00f3 kapcsolatok \u00e9rdek\u00e9ben.<\/li>\n<li>Egyszer\u0171 telep\u00edt\u00e9s: Ennek a WiFi-k\u00e1rty\u00e1nak az eredeti jellege garant\u00e1lja a probl\u00e9mamentes telep\u00edt\u00e9si folyamatot. \u00c9lvezze a z\u00f6kken\u0151mentes friss\u00edt\u00e9st a min\u0151s\u00e9gi kompromisszumok n\u00e9lk\u00fcl.<\/li>\n<li>Sz\u00e1ll\u00edt\u00e1s az eg\u00e9sz vil\u00e1gon: Vil\u00e1gszerte k\u00edn\u00e1lunk kisz\u00e1ll\u00edt\u00e1st, \u00edgy b\u00e1rhol is van, tov\u00e1bbfejlesztheti laptopja k\u00e9pess\u00e9geit ezzel az eredeti Intel WiFi k\u00e1rty\u00e1val.<\/li>\n<\/ul>\n<p><strong>Megjegyz\u00e9s a v\u00e1s\u00e1rl\u00f3knak:<\/strong><\/p>\n<ul>\n<li>Bark\u00e1csbar\u00e1t: B\u00e1r nem adunk konkr\u00e9t cser\u00e9re vonatkoz\u00f3 utas\u00edt\u00e1sokat, a telep\u00edt\u00e9si folyamat egyszer\u0171. Ha b\u00e1rmilyen k\u00e9rd\u00e9se van, vagy seg\u00edts\u00e9gre van sz\u00fcks\u00e9ge, nyugodtan \u00edrjon nek\u00fcnk.<\/li>\n<li>Val\u00f3di term\u00e9kfot\u00f3k: Az ezen a list\u00e1n szerepl\u0151 k\u00e9pek a kapott WiFi-k\u00e1rtya t\u00e9nyleges fot\u00f3k. Amit l\u00e1tsz, azt kapod.<\/li>\n<\/ul>\n<p>Friss\u00edtse HP EliteBook 840 G7 k\u00e9sz\u00fcl\u00e9k\u00e9t m\u00e9g ma az eredeti Intel AX201NGW vezet\u00e9k n\u00e9lk\u00fcli WiFi k\u00e1rty\u00e1val, \u00e9s tapasztalja meg laptopja vezet\u00e9k n\u00e9lk\u00fcli teljes\u00edtm\u00e9ny\u00e9nek \u00faj szintj\u00e9t. Maradjon k\u00f6nnyed\u00e9n kapcsolatban, \u00e9s \u00e9lvezze a megb\u00edzhat\u00f3 csatlakoz\u00e1s szabads\u00e1g\u00e1t \u00fatk\u00f6zben.<\/p>\n","protected":false},"excerpt":{"rendered":"<p>Friss\u00edtse HP EliteBook 840 G7 k\u00e9sz\u00fcl\u00e9k\u00e9t ezzel az eredeti Intel AX201NGW vezet\u00e9k n\u00e9lk\u00fcli WiFi k\u00e1rty\u00e1val. \u00c9lvezze a vill\u00e1mgyors \u00e9s megb\u00edzhat\u00f3 vezet\u00e9k n\u00e9lk\u00fcli kapcsolatot laptopja sz\u00e1m\u00e1ra. Eredeti alkatr\u00e9sz a z\u00f6kken\u0151mentes kompatibilit\u00e1s \u00e9rdek\u00e9ben. N\u00f6velje laptopja teljes\u00edtm\u00e9ny\u00e9t m\u00e9g ma!<\/p>\n","protected":false},"featured_media":7050,"template":"","meta":[],"product_brand":[],"product_cat":[27],"product_tag":[25],"class_list":{"0":"post-6985","1":"product","2":"type-product","3":"status-publish","4":"has-post-thumbnail","6":"product_cat-motherboards-board-parts","7":"product_tag-hp","9":"first","10":"instock","11":"taxable","12":"shipping-taxable","13":"purchasable","14":"product-type-simple"},"_links":{"self":[{"href":"https:\/\/boreait.com\/hu\/wp-json\/wp\/v2\/product\/6985","targetHints":{"allow":["GET"]}}],"collection":[{"href":"https:\/\/boreait.com\/hu\/wp-json\/wp\/v2\/product"}],"about":[{"href":"https:\/\/boreait.com\/hu\/wp-json\/wp\/v2\/types\/product"}],"wp:featuredmedia":[{"embeddable":true,"href":"https:\/\/boreait.com\/hu\/wp-json\/wp\/v2\/media\/7050"}],"wp:attachment":[{"href":"https:\/\/boreait.com\/hu\/wp-json\/wp\/v2\/media?parent=6985"}],"wp:term":[{"taxonomy":"product_brand","embeddable":true,"href":"https:\/\/boreait.com\/hu\/wp-json\/wp\/v2\/product_brand?post=6985"},{"taxonomy":"product_cat","embeddable":true,"href":"https:\/\/boreait.com\/hu\/wp-json\/wp\/v2\/product_cat?post=6985"},{"taxonomy":"product_tag","embeddable":true,"href":"https:\/\/boreait.com\/hu\/wp-json\/wp\/v2\/product_tag?post=6985"}],"curies":[{"name":"wp","href":"https:\/\/api.w.org\/{rel}","templated":true}]}}