{"id":6984,"date":"2025-09-17T11:45:34","date_gmt":"2025-09-17T09:45:34","guid":{"rendered":"https:\/\/boreait.com\/hu\/?post_type=product&#038;p=6984"},"modified":"2025-09-17T11:46:26","modified_gmt":"2025-09-17T09:46:26","slug":"eredeti-hp-elitebook-840-g8-memoriafedel-laptop-alkatreszek","status":"publish","type":"product","link":"https:\/\/boreait.com\/hu\/termek\/eredeti-hp-elitebook-840-g8-memoriafedel-laptop-alkatreszek\/","title":{"rendered":"Eredeti HP EliteBook 840 G8 mem\u00f3riafed\u00e9l &#8211; Laptop alkatr\u00e9szek"},"content":{"rendered":"<p>N\u00f6velje HP EliteBook 840 G8 k\u00e9pess\u00e9geit ezzel az eredeti mem\u00f3riafed\u00e9llel. A HP \u00e1ltal a precizit\u00e1s \u00e9s a kompatibilit\u00e1s \u00e9rdek\u00e9ben k\u00e9sz\u00edtett k\u00e9szletet \u00fagy tervezt\u00e9k, hogy jav\u00edtsa laptopja funkcionalit\u00e1s\u00e1t.<\/p>\n<p><strong>F\u0151bb jellemz\u0151k:<\/strong><\/p>\n<ul>\n<li><strong>Mem\u00f3riafed\u00e9l:<\/strong> z\u00f6kken\u0151mentesen b\u0151v\u00edtheti laptopja mem\u00f3ri\u00e1j\u00e1t a k\u00e9szletben tal\u00e1lhat\u00f3 eredeti HP mem\u00f3riafed\u00e9llel. Tapasztalja meg a jobb teljes\u00edtm\u00e9nyt \u00e9s a t\u00f6bbfeladatos munkav\u00e9gz\u00e9st.<\/li>\n<\/ul>\n<p><strong>Kompatibilit\u00e1s:<\/strong> Ezt a k\u00e9szletet kifejezetten a HP EliteBook 840 G8 modellhez tervezt\u00e9k, t\u00f6k\u00e9letes illeszked\u00e9st \u00e9s optim\u00e1lis teljes\u00edtm\u00e9nyt biztos\u00edtva.<\/p>\n<p><strong>Telep\u00edt\u00e9s:<\/strong> B\u00e1r a r\u00e9szletes telep\u00edt\u00e9si utas\u00edt\u00e1sokat nem adjuk meg, ha b\u00e1rmilyen probl\u00e9m\u00e1ba \u00fctk\u00f6zik vagy k\u00e9rd\u00e9sei vannak a telep\u00edt\u00e9si folyamat sor\u00e1n, forduljon hozz\u00e1nk bizalommal. Az\u00e9rt vagyunk itt, hogy seg\u00edts\u00fcnk. Felh\u00edvjuk figyelm\u00e9t, hogy a professzion\u00e1lis telep\u00edt\u00e9s aj\u00e1nlott azoknak, akik nem ismerik a laptop hardvert.<\/p>\n<p><strong>Garant\u00e1lt eredetis\u00e9g:<\/strong> Biztos lehet benne, hogy a k\u00e9szletben tal\u00e1lhat\u00f3 \u00f6sszes alkatr\u00e9sz eredeti HP alkatr\u00e9sz. El\u0151nyben r\u00e9szes\u00edtj\u00fck az eredetis\u00e9get, hogy a HP-term\u00e9kekt\u0151l elv\u00e1rt min\u0151s\u00e9get \u00e9s megb\u00edzhat\u00f3s\u00e1got biztos\u00edthassuk.<\/p>\n<p><strong>Val\u00f3di term\u00e9k, val\u00f3di fot\u00f3k:<\/strong> A list\u00e1ban szerepl\u0151 k\u00e9pek a kapott k\u00e9szlet val\u00f3di f\u00e9nyk\u00e9pei. Amit l\u00e1tsz, azt kapod \u2013 egy eredeti HP EliteBook 840 G8 mem\u00f3riafed\u00e9l.<\/p>\n","protected":false},"excerpt":{"rendered":"<p>B\u0151v\u00edtse HP EliteBook 840 G8 k\u00e9sz\u00fcl\u00e9k\u00e9t ezzel az eredeti mem\u00f3riafed\u00e9llel. Biztos\u00edtsa az optim\u00e1lis teljes\u00edtm\u00e9nyt \u00e9s biztons\u00e1got eredeti HP alkatr\u00e9szekkel. V\u00e1s\u00e1roljon most a z\u00f6kken\u0151mentes friss\u00edt\u00e9s\u00e9rt!<\/p>\n","protected":false},"featured_media":7049,"template":"","meta":[],"product_brand":[],"product_cat":[16],"product_tag":[25],"class_list":{"0":"post-6984","1":"product","2":"type-product","3":"status-publish","4":"has-post-thumbnail","6":"product_cat-laptop-housing","7":"product_tag-hp","9":"first","10":"instock","11":"taxable","12":"shipping-taxable","13":"purchasable","14":"product-type-simple"},"_links":{"self":[{"href":"https:\/\/boreait.com\/hu\/wp-json\/wp\/v2\/product\/6984","targetHints":{"allow":["GET"]}}],"collection":[{"href":"https:\/\/boreait.com\/hu\/wp-json\/wp\/v2\/product"}],"about":[{"href":"https:\/\/boreait.com\/hu\/wp-json\/wp\/v2\/types\/product"}],"wp:featuredmedia":[{"embeddable":true,"href":"https:\/\/boreait.com\/hu\/wp-json\/wp\/v2\/media\/7049"}],"wp:attachment":[{"href":"https:\/\/boreait.com\/hu\/wp-json\/wp\/v2\/media?parent=6984"}],"wp:term":[{"taxonomy":"product_brand","embeddable":true,"href":"https:\/\/boreait.com\/hu\/wp-json\/wp\/v2\/product_brand?post=6984"},{"taxonomy":"product_cat","embeddable":true,"href":"https:\/\/boreait.com\/hu\/wp-json\/wp\/v2\/product_cat?post=6984"},{"taxonomy":"product_tag","embeddable":true,"href":"https:\/\/boreait.com\/hu\/wp-json\/wp\/v2\/product_tag?post=6984"}],"curies":[{"name":"wp","href":"https:\/\/api.w.org\/{rel}","templated":true}]}}