{"id":6974,"date":"2025-09-17T11:45:33","date_gmt":"2025-09-17T09:45:33","guid":{"rendered":"https:\/\/boreait.com\/hu\/?post_type=product&#038;p=6974"},"modified":"2026-01-19T15:17:12","modified_gmt":"2026-01-19T14:17:12","slug":"eredeti-lenovo-thinkpad-z61t-cpu-hutoventilator-laptop-alkatreszek-gyors-szallitas-az-egesz-vilagon","status":"publish","type":"product","link":"https:\/\/boreait.com\/hu\/termek\/eredeti-lenovo-thinkpad-z61t-cpu-hutoventilator-laptop-alkatreszek-gyors-szallitas-az-egesz-vilagon\/","title":{"rendered":"Eredeti Lenovo THINKPAD Z61t CPU h\u0171t\u0151ventil\u00e1tor | Laptop alkatr\u00e9szek | Gyors sz\u00e1ll\u00edt\u00e1s az eg\u00e9sz vil\u00e1gon"},"content":{"rendered":"<p>N\u00f6velje Lenovo THINKPAD Z61t \u00e9lettartam\u00e1t \u00e9s hat\u00e9konys\u00e1g\u00e1t eredeti CPU h\u0171t\u0151ventil\u00e1torunkkal, amely kulcsfontoss\u00e1g\u00fa eleme laptopja h\u0151m\u00e9rs\u00e9klet\u00e9nek fenntart\u00e1s\u00e1ban. A t\u00falmeleged\u00e9s teljes\u00edtm\u00e9nybeli probl\u00e9m\u00e1kat okozhat, \u00e9s ezt a ventil\u00e1tort \u00fagy tervezt\u00e9k, hogy a laptop z\u00f6kken\u0151mentesen m\u0171k\u00f6dj\u00f6n.<\/p>\n<p><strong>F\u0151bb jellemz\u0151k:<\/strong><\/p>\n<ul>\n<li><strong>Eredeti Lenovo alkatr\u00e9sz:<\/strong> Ez a h\u0171t\u0151ventil\u00e1tor egy hiteles Lenovo term\u00e9k, amely biztos\u00edtja a kompatibilit\u00e1st \u00e9s a megb\u00edzhat\u00f3s\u00e1got.<\/li>\n<li><strong>Kompatibilit\u00e1s:<\/strong> Kifejezetten Lenovo THINKPAD Z61t laptopokhoz tervezve, garant\u00e1lva a t\u00f6k\u00e9letes illeszked\u00e9st.<\/li>\n<li><strong>Optim\u00e1lis teljes\u00edtm\u00e9ny:<\/strong> Ezzel az alapvet\u0151 h\u0171t\u0151komponenssel megel\u0151zheti a t\u00falmeleged\u00e9st, \u00e9s biztos\u00edthatja, hogy laptopja a lehet\u0151 legjobban m\u0171k\u00f6dj\u00f6n.<\/li>\n<li><strong>Gyors sz\u00e1ll\u00edt\u00e1s az eg\u00e9sz vil\u00e1gon:<\/strong> Gyors \u00e9s megb\u00edzhat\u00f3 sz\u00e1ll\u00edt\u00e1si szolg\u00e1ltat\u00e1sokat k\u00edn\u00e1lunk \u00fcgyfeleinknek Eur\u00f3p\u00e1ban \u00e9s szerte a vil\u00e1gon.<\/li>\n<\/ul>\n<p><strong>Fontos megjegyz\u00e9s:<\/strong> Hab\u00e1r nem adunk l\u00e9p\u00e9sr\u0151l l\u00e9p\u00e9sre vonatkoz\u00f3 utas\u00edt\u00e1sokat a h\u0171t\u0151ventil\u00e1tor cser\u00e9j\u00e9hez, forduljon hozz\u00e1nk bizalommal, ha k\u00e9rd\u00e9se van, vagy seg\u00edts\u00e9gre van sz\u00fcks\u00e9ge. A term\u00e9kr\u0151l a list\u00e1ban szerepl\u0151 val\u00f3di f\u00e9nyk\u00e9pek pontosan azt mutatj\u00e1k be, amit kapsz \u2013 egy eredeti Lenovo THINKPAD Z61t CPU h\u0171t\u0151ventil\u00e1tort, amely k\u00e9szen \u00e1ll a telep\u00edt\u00e9sre.<\/p>\n<p>Magabiztosan friss\u00edtse laptopj\u00e1t. Rendelje meg eredeti Lenovo THINKPAD Z61t CPU h\u0171t\u0151ventil\u00e1tor\u00e1t m\u00e9g ma, \u00e9s tapasztalja meg a jobb teljes\u00edtm\u00e9ny- \u00e9s h\u0151m\u00e9rs\u00e9kletszab\u00e1lyoz\u00e1st. Ha k\u00e9rd\u00e9se van, vagy tov\u00e1bbi t\u00e1mogat\u00e1sra van sz\u00fcks\u00e9ge, ne habozzon, \u00edrjon nek\u00fcnk. Az\u00e9rt vagyunk itt, hogy seg\u00edts\u00fcnk, hogy a legt\u00f6bbet hozza ki laptopj\u00e1b\u00f3l!<\/p>\n","protected":false},"excerpt":{"rendered":"<p>Friss\u00edtse Lenovo THINKPAD Z61t k\u00e9sz\u00fcl\u00e9k\u00e9t ezzel az eredeti CPU h\u0171t\u0151ventil\u00e1torral. Biztos\u00edtsa az optim\u00e1lis teljes\u00edtm\u00e9nyt, \u00e9s megel\u0151zze a t\u00falmeleged\u00e9st ezzel a kiv\u00e1l\u00f3 min\u0151s\u00e9g\u0171 laptop-r\u00e9sszel. Gyors sz\u00e1ll\u00edt\u00e1s Eur\u00f3p\u00e1ba \u00e9s vil\u00e1gszerte.<\/p>\n","protected":false},"featured_media":7023,"template":"","meta":[],"product_brand":[],"product_cat":[33],"product_tag":[26],"class_list":{"0":"post-6974","1":"product","2":"type-product","3":"status-publish","4":"has-post-thumbnail","6":"product_cat-cpu-fans-heatsinks","7":"product_tag-lenovo","9":"first","10":"instock","11":"taxable","12":"shipping-taxable","13":"purchasable","14":"product-type-simple"},"_links":{"self":[{"href":"https:\/\/boreait.com\/hu\/wp-json\/wp\/v2\/product\/6974","targetHints":{"allow":["GET"]}}],"collection":[{"href":"https:\/\/boreait.com\/hu\/wp-json\/wp\/v2\/product"}],"about":[{"href":"https:\/\/boreait.com\/hu\/wp-json\/wp\/v2\/types\/product"}],"wp:featuredmedia":[{"embeddable":true,"href":"https:\/\/boreait.com\/hu\/wp-json\/wp\/v2\/media\/7023"}],"wp:attachment":[{"href":"https:\/\/boreait.com\/hu\/wp-json\/wp\/v2\/media?parent=6974"}],"wp:term":[{"taxonomy":"product_brand","embeddable":true,"href":"https:\/\/boreait.com\/hu\/wp-json\/wp\/v2\/product_brand?post=6974"},{"taxonomy":"product_cat","embeddable":true,"href":"https:\/\/boreait.com\/hu\/wp-json\/wp\/v2\/product_cat?post=6974"},{"taxonomy":"product_tag","embeddable":true,"href":"https:\/\/boreait.com\/hu\/wp-json\/wp\/v2\/product_tag?post=6974"}],"curies":[{"name":"wp","href":"https:\/\/api.w.org\/{rel}","templated":true}]}}