{"id":6973,"date":"2025-09-17T11:45:33","date_gmt":"2025-09-17T09:45:33","guid":{"rendered":"https:\/\/boreait.com\/hu\/?post_type=product&#038;p=6973"},"modified":"2026-01-19T15:16:49","modified_gmt":"2026-01-19T14:16:49","slug":"eredeti-lenovo-thinkpad-z61t-s-video-usb-port-kartya-da0bv1tbae5-kabellel","status":"publish","type":"product","link":"https:\/\/boreait.com\/hu\/termek\/eredeti-lenovo-thinkpad-z61t-s-video-usb-port-kartya-da0bv1tbae5-kabellel\/","title":{"rendered":"Eredeti Lenovo Thinkpad Z61T S-Video USB port k\u00e1rtya DA0BV1TBAE5 k\u00e1bellel"},"content":{"rendered":"<p>Alak\u00edtsa \u00e1t Lenovo Thinkpad Z61T-j\u00e9t az eredeti S-Video USB-porttal, amely tartalmazza a mell\u00e9kelt DA0BV1TBAE5 t\u00edpus\u00fa k\u00e1belt. Ez a z\u00f6kken\u0151mentes integr\u00e1ci\u00f3ra tervezett k\u00e1rtya jav\u00edtja laptopja csatlakoztathat\u00f3s\u00e1g\u00e1t, \u00e9s biztos\u00edtja a sz\u00fcks\u00e9ges sokoldal\u00fas\u00e1got. Ak\u00e1r egy hib\u00e1s alkatr\u00e9szt szeretne kicser\u00e9lni, ak\u00e1r laptopja funkcionalit\u00e1s\u00e1t szeretn\u00e9 friss\u00edteni, ez a hiteles alkatr\u00e9sz biztos\u00edtja a kompatibilit\u00e1st \u00e9s a megb\u00edzhat\u00f3s\u00e1got.<\/p>\n<p><strong>F\u0151bb jellemz\u0151k:<\/strong><\/p>\n<ul>\n<li>Eredeti Lenovo Thinkpad Z61T S-Video USB-port k\u00e1bellel (DA0BV1TBAE5)<\/li>\n<li>Fokozza laptopja csatlakoztathat\u00f3s\u00e1g\u00e1t ezzel a szakszer\u0171en kialak\u00edtott komponenssel<\/li>\n<li>Kompatibilis a Lenovo Thinkpad Z61T modellel<\/li>\n<li>Az eg\u00e9sz vil\u00e1gra el\u00e9rhet\u0151 sz\u00e1ll\u00edt\u00e1s az \u00d6n k\u00e9nyelme \u00e9rdek\u00e9ben<\/li>\n<\/ul>\n<p><strong>K\u00e9rj\u00fck, vegye figyelembe:<\/strong><\/p>\n<ul>\n<li>Ez a lista csak a k\u00e1bellel ell\u00e1tott S-Video USB portra vonatkozik.<\/li>\n<li>A telep\u00edt\u00e9si utas\u00edt\u00e1sokat nem adjuk meg, de ha seg\u00edts\u00e9gre van sz\u00fcks\u00e9ge, forduljon hozz\u00e1nk bizalommal.<\/li>\n<li>A list\u00e1n szerepl\u0151 fot\u00f3k val\u00f3diak, \u00e9s bemutatj\u00e1k a t\u00e9nylegesen megkapott r\u00e9szeket.<\/li>\n<\/ul>\n<p>Friss\u00edtse z\u00f6kken\u0151mentesen laptopj\u00e1t ezzel az autentikus Lenovo Thinkpad Z61T S-Video USB-porttal. Rendelje meg most a gyors \u00e9s megb\u00edzhat\u00f3 sz\u00e1ll\u00edt\u00e1s\u00e9rt az eg\u00e9sz vil\u00e1gon. Ha b\u00e1rmilyen k\u00e9rd\u00e9se van, vagy seg\u00edts\u00e9gre van sz\u00fcks\u00e9ge, k\u00fcldj\u00f6n nek\u00fcnk \u00fczenetet. Az \u00d6n el\u00e9gedetts\u00e9ge sz\u00e1munkra a legfontosabb.<\/p>\n","protected":false},"excerpt":{"rendered":"<p>Fejlessze Lenovo Thinkpad Z61T-j\u00e9t ezzel az eredeti S-Video USB-porttal. Ez a szak\u00e9rtelemmel kidolgozott, k\u00e1beles k\u00e1rtya (DA0BV1TBAE5) z\u00f6kken\u0151mentes csatlakoz\u00e1st biztos\u00edt, lehet\u0151v\u00e9 t\u00e9ve, hogy a legt\u00f6bbet hozza ki laptopj\u00e1b\u00f3l. B\u0151v\u00edtse laptopja k\u00e9pess\u00e9geit ezzel az autentikus r\u00e9sszel. Vil\u00e1gszerte el\u00e9rhet\u0151 sz\u00e1ll\u00edt\u00e1s.<\/p>\n","protected":false},"featured_media":7022,"template":"","meta":[],"product_brand":[],"product_cat":[27],"product_tag":[26],"class_list":{"0":"post-6973","1":"product","2":"type-product","3":"status-publish","4":"has-post-thumbnail","6":"product_cat-motherboards-board-parts","7":"product_tag-lenovo","9":"first","10":"instock","11":"taxable","12":"shipping-taxable","13":"purchasable","14":"product-type-simple"},"_links":{"self":[{"href":"https:\/\/boreait.com\/hu\/wp-json\/wp\/v2\/product\/6973","targetHints":{"allow":["GET"]}}],"collection":[{"href":"https:\/\/boreait.com\/hu\/wp-json\/wp\/v2\/product"}],"about":[{"href":"https:\/\/boreait.com\/hu\/wp-json\/wp\/v2\/types\/product"}],"wp:featuredmedia":[{"embeddable":true,"href":"https:\/\/boreait.com\/hu\/wp-json\/wp\/v2\/media\/7022"}],"wp:attachment":[{"href":"https:\/\/boreait.com\/hu\/wp-json\/wp\/v2\/media?parent=6973"}],"wp:term":[{"taxonomy":"product_brand","embeddable":true,"href":"https:\/\/boreait.com\/hu\/wp-json\/wp\/v2\/product_brand?post=6973"},{"taxonomy":"product_cat","embeddable":true,"href":"https:\/\/boreait.com\/hu\/wp-json\/wp\/v2\/product_cat?post=6973"},{"taxonomy":"product_tag","embeddable":true,"href":"https:\/\/boreait.com\/hu\/wp-json\/wp\/v2\/product_tag?post=6973"}],"curies":[{"name":"wp","href":"https:\/\/api.w.org\/{rel}","templated":true}]}}