{"id":6950,"date":"2025-09-17T11:45:11","date_gmt":"2025-09-17T09:45:11","guid":{"rendered":"https:\/\/boreait.com\/hu\/?post_type=product&#038;p=6950"},"modified":"2026-01-19T15:15:18","modified_gmt":"2026-01-19T14:15:18","slug":"eredeti-lenovo-t61-bluetooth-modul-j92182-39t0495-oem-laptop-alkatreszek-vilagszerte","status":"publish","type":"product","link":"https:\/\/boreait.com\/hu\/termek\/eredeti-lenovo-t61-bluetooth-modul-j92182-39t0495-oem-laptop-alkatreszek-vilagszerte\/","title":{"rendered":"Eredeti Lenovo T61 Bluetooth modul J92182 39T0495 &#8211; OEM laptop alkatr\u00e9szek &#8211; Vil\u00e1gszerte"},"content":{"rendered":"<p>Az Eredeti Bluetooth modullal (J92182 39T0495) t\u00e1rja fel Lenovo T61 laptopja fejlett csatlakoz\u00e1s\u00e1t. Ezt az OEM laptop alkatr\u00e9szt a kompatibilit\u00e1sra \u00e9s az optim\u00e1lis teljes\u00edtm\u00e9nyre tervezt\u00e9k.<\/p>\n<p><strong>F\u0151bb jellemz\u0151k:<\/strong><\/p>\n<ul>\n<li>Eredeti Lenovo T61 Bluetooth modul<\/li>\n<li>T\u00edpus: J92182 39T0495<\/li>\n<li>Fokozza laptopja vezet\u00e9k n\u00e9lk\u00fcli k\u00e9pess\u00e9geit<\/li>\n<li>K\u00f6nnyen telep\u00edthet\u0151 a m\u0171szakilag j\u00e1rtas felhaszn\u00e1l\u00f3k sz\u00e1m\u00e1ra<\/li>\n<li>Vil\u00e1gszerte el\u00e9rhet\u0151 kisz\u00e1ll\u00edt\u00e1s<\/li>\n<\/ul>\n<p><strong>Kompatibilit\u00e1s:<\/strong> Gy\u0151z\u0151dj\u00f6n meg a kompatibilit\u00e1sr\u00f3l a Lenovo T61 modellel a cikksz\u00e1m (J92182 39T0495) ellen\u0151rz\u00e9s\u00e9vel. Ezt a Bluetooth modult kifejezetten \u00fagy tervezt\u00e9k, hogy z\u00f6kken\u0151mentesen integr\u00e1l\u00f3djon a laptopj\u00e1ba, megb\u00edzhat\u00f3 \u00e9s hat\u00e9kony friss\u00edt\u00e9st biztos\u00edtva.<\/p>\n<p><strong>Sz\u00e1ll\u00edt\u00e1si inform\u00e1ci\u00f3k:<\/strong> Az \u00d6n k\u00e9nyelme \u00e9rdek\u00e9ben vil\u00e1gszerte sz\u00e1ll\u00edtunk. A l\u00e1tott term\u00e9kk\u00e9pek val\u00f3di fot\u00f3k, \u00edgy pontosan azt kapod, amit elv\u00e1rsz.<\/p>\n<p><strong>Megjegyz\u00e9s:<\/strong> Nem adunk telep\u00edt\u00e9si utas\u00edt\u00e1sokat, de ha b\u00e1rmilyen k\u00e9rd\u00e9se van, vagy seg\u00edts\u00e9gre van sz\u00fcks\u00e9ge, forduljon bizalommal. Az\u00e9rt vagyunk itt, hogy seg\u00edts\u00fcnk \u00d6nnek a legt\u00f6bbet kihozni v\u00e1s\u00e1rl\u00e1s\u00e1b\u00f3l.<\/p>\n<p>Friss\u00edtse Lenovo T61 k\u00e9sz\u00fcl\u00e9k\u00e9t m\u00e9g ma az Eredeti Bluetooth modullal (J92182 39T0495). Rendelje meg most a tov\u00e1bbfejlesztett csatlakoztathat\u00f3s\u00e1g \u00e9s a z\u00f6kken\u0151mentes felhaszn\u00e1l\u00f3i \u00e9lm\u00e9ny \u00e9rdek\u00e9ben.<\/p>\n","protected":false},"excerpt":{"rendered":"<p>Fokozza laptopja csatlakoztathat\u00f3s\u00e1g\u00e1t az eredeti Lenovo T61 Bluetooth modullal (J92182 39T0495). Ez az OEM laptop alkatr\u00e9sz z\u00f6kken\u0151mentes integr\u00e1ci\u00f3t \u00e9s megb\u00edzhat\u00f3 teljes\u00edtm\u00e9nyt biztos\u00edt. Friss\u00edtse Lenovo T61 k\u00e9sz\u00fcl\u00e9k\u00e9t k\u00f6nnyed\u00e9n. Vil\u00e1gszerte el\u00e9rhet\u0151 sz\u00e1ll\u00edt\u00e1s. Val\u00f3di term\u00e9kfot\u00f3k az \u00e1tl\u00e1that\u00f3s\u00e1g \u00e9rdek\u00e9ben.<\/p>\n","protected":false},"featured_media":7017,"template":"","meta":[],"product_brand":[],"product_cat":[27],"product_tag":[26],"class_list":{"0":"post-6950","1":"product","2":"type-product","3":"status-publish","4":"has-post-thumbnail","6":"product_cat-motherboards-board-parts","7":"product_tag-lenovo","9":"first","10":"instock","11":"taxable","12":"shipping-taxable","13":"purchasable","14":"product-type-simple"},"_links":{"self":[{"href":"https:\/\/boreait.com\/hu\/wp-json\/wp\/v2\/product\/6950","targetHints":{"allow":["GET"]}}],"collection":[{"href":"https:\/\/boreait.com\/hu\/wp-json\/wp\/v2\/product"}],"about":[{"href":"https:\/\/boreait.com\/hu\/wp-json\/wp\/v2\/types\/product"}],"wp:featuredmedia":[{"embeddable":true,"href":"https:\/\/boreait.com\/hu\/wp-json\/wp\/v2\/media\/7017"}],"wp:attachment":[{"href":"https:\/\/boreait.com\/hu\/wp-json\/wp\/v2\/media?parent=6950"}],"wp:term":[{"taxonomy":"product_brand","embeddable":true,"href":"https:\/\/boreait.com\/hu\/wp-json\/wp\/v2\/product_brand?post=6950"},{"taxonomy":"product_cat","embeddable":true,"href":"https:\/\/boreait.com\/hu\/wp-json\/wp\/v2\/product_cat?post=6950"},{"taxonomy":"product_tag","embeddable":true,"href":"https:\/\/boreait.com\/hu\/wp-json\/wp\/v2\/product_tag?post=6950"}],"curies":[{"name":"wp","href":"https:\/\/api.w.org\/{rel}","templated":true}]}}