{"id":6947,"date":"2025-09-17T11:45:11","date_gmt":"2025-09-17T09:45:11","guid":{"rendered":"https:\/\/boreait.com\/hu\/?post_type=product&#038;p=6947"},"modified":"2025-09-17T11:45:52","modified_gmt":"2025-09-17T09:45:52","slug":"eredeti-lenovo-thinkpad-z61t-laptop-also-tok-fekete-3bbv2bask09-oem-csere","status":"publish","type":"product","link":"https:\/\/boreait.com\/hu\/termek\/eredeti-lenovo-thinkpad-z61t-laptop-also-tok-fekete-3bbv2bask09-oem-csere\/","title":{"rendered":"Eredeti Lenovo ThinkPad Z61T laptop als\u00f3 tok fekete 3BBV2BASK09 &#8211; OEM csere"},"content":{"rendered":"<p>Friss\u00edtse Lenovo ThinkPad Z61T k\u00e9sz\u00fcl\u00e9k\u00e9t az eredeti Lenovo als\u00f3 tokkal (cikksz\u00e1m: 3BBV2BASK09). Ez az apr\u00f3l\u00e9kosan kidolgozott fekete als\u00f3 tok egy OEM csere, amelyet \u00fagy terveztek, hogy z\u00f6kken\u0151mentesen illeszkedjen laptopmodellj\u00e9hez.<\/p>\n<p><strong>F\u0151bb jellemz\u0151k:<\/strong><\/p>\n<ul>\n<li><strong>Eredeti Lenovo alkatr\u00e9sz:<\/strong> Biztos lehet benne, hogy ez az als\u00f3 h\u00e1z egy hiteles Lenovo-komponens, amely biztos\u00edtja a kompatibilit\u00e1st \u00e9s a teljes\u00edtm\u00e9nyt.<\/li>\n<li><strong>Tov\u00e1bbi tart\u00f3ss\u00e1g:<\/strong> V\u00e9dje laptopj\u00e1t ezzel a tart\u00f3s als\u00f3 tokkal, amelyet \u00fagy terveztek, hogy ellen\u00e1lljon a napi kop\u00e1snak.<\/li>\n<li><strong>Eszt\u00e9tikai friss\u00edt\u00e9s:<\/strong> Ez a tok nem csak funkcion\u00e1lis, hanem jav\u00edtja laptopja vizu\u00e1lis vonzerej\u00e9t, meg\u0151rizve az eleg\u00e1ns \u00e9s professzion\u00e1lis ThinkPad megjelen\u00e9st.<\/li>\n<li><strong>Egyszer\u0171 telep\u00edt\u00e9s:<\/strong> K\u00f6nnyed\u00e9n cser\u00e9lje ki elhaszn\u00e1l\u00f3dott vagy s\u00e9r\u00fclt als\u00f3 tokj\u00e1t. B\u00e1r nem adunk cser\u00e9re vonatkoz\u00f3 utas\u00edt\u00e1sokat, b\u00e1tran forduljon hozz\u00e1nk, ha seg\u00edts\u00e9gre van sz\u00fcks\u00e9ge.<\/li>\n<\/ul>\n<p>Ak\u00e1r s\u00e9r\u00fclt alkatr\u00e9szt cser\u00e9l, ak\u00e1r \u00faj megjelen\u00e9s \u00e9rdek\u00e9ben friss\u00edt, a Lenovo ThinkPad Z61T laptop als\u00f3 tok ide\u00e1lis v\u00e1laszt\u00e1s. Rendeljen most, hogy megtapasztalja laptopja funkcionalit\u00e1s\u00e1nak \u00e9s st\u00edlus\u00e1nak t\u00f6k\u00e9letes kever\u00e9k\u00e9t.<\/p>\n<p><em>Megjegyz\u00e9s: A list\u00e1ban szerepl\u0151 k\u00e9pek val\u00f3di fot\u00f3k arr\u00f3l az alkatr\u00e9szr\u0151l, amelyet pontosan kapni fog. V\u00e1s\u00e1roljon bizalommal, tudva, hogy min\u0151s\u00e9gi term\u00e9k<\/em>et kap<\/p>\n","protected":false},"excerpt":{"rendered":"<p>N\u00f6velje Lenovo ThinkPad Z61T tart\u00f3ss\u00e1g\u00e1t \u00e9s eszt\u00e9tik\u00e1j\u00e1t ezzel az eredeti als\u00f3 tokkal. A prec\u00edzen megalkotott fekete 3BBV2BASK09 egy OEM csere, amely garant\u00e1lja a t\u00f6k\u00e9letes illeszked\u00e9st. N\u00f6velje laptopja teljes\u00edtm\u00e9ny\u00e9t \u00e9s megjelen\u00e9s\u00e9t ezzel a kiv\u00e1l\u00f3 min\u0151s\u00e9g\u0171 laptopr\u00e9sszel.<\/p>\n","protected":false},"featured_media":7000,"template":"","meta":[],"product_brand":[],"product_cat":[16],"product_tag":[26],"class_list":{"0":"post-6947","1":"product","2":"type-product","3":"status-publish","4":"has-post-thumbnail","6":"product_cat-laptop-housing","7":"product_tag-lenovo","9":"first","10":"instock","11":"taxable","12":"shipping-taxable","13":"purchasable","14":"product-type-simple"},"_links":{"self":[{"href":"https:\/\/boreait.com\/hu\/wp-json\/wp\/v2\/product\/6947","targetHints":{"allow":["GET"]}}],"collection":[{"href":"https:\/\/boreait.com\/hu\/wp-json\/wp\/v2\/product"}],"about":[{"href":"https:\/\/boreait.com\/hu\/wp-json\/wp\/v2\/types\/product"}],"wp:featuredmedia":[{"embeddable":true,"href":"https:\/\/boreait.com\/hu\/wp-json\/wp\/v2\/media\/7000"}],"wp:attachment":[{"href":"https:\/\/boreait.com\/hu\/wp-json\/wp\/v2\/media?parent=6947"}],"wp:term":[{"taxonomy":"product_brand","embeddable":true,"href":"https:\/\/boreait.com\/hu\/wp-json\/wp\/v2\/product_brand?post=6947"},{"taxonomy":"product_cat","embeddable":true,"href":"https:\/\/boreait.com\/hu\/wp-json\/wp\/v2\/product_cat?post=6947"},{"taxonomy":"product_tag","embeddable":true,"href":"https:\/\/boreait.com\/hu\/wp-json\/wp\/v2\/product_tag?post=6947"}],"curies":[{"name":"wp","href":"https:\/\/api.w.org\/{rel}","templated":true}]}}