{"id":693,"date":"2025-09-17T09:30:11","date_gmt":"2025-09-17T07:30:11","guid":{"rendered":"https:\/\/boreait.com\/hu\/?post_type=product&#038;p=693"},"modified":"2026-01-14T08:36:46","modified_gmt":"2026-01-14T07:36:46","slug":"dell-precision-m6800-eredeti-egergombok-tabla-a12127-kabellel","status":"publish","type":"product","link":"https:\/\/boreait.com\/hu\/termek\/dell-precision-m6800-eredeti-egergombok-tabla-a12127-kabellel\/","title":{"rendered":"Dell Precision M6800 eredeti eg\u00e9rgombok t\u00e1bla a12127 k\u00e1bellel"},"content":{"rendered":"<p>A Dell Precision M6800 Mouse Buttons Board k\u00e1bellel egy eredeti Dell cserealkatr\u00e9sz, amelyet a Dell Precision M6800 laptop eg\u00e9rgombjainak m\u0171k\u00f6d\u0151k\u00e9pess\u00e9g\u00e9nek helyre\u00e1ll\u00edt\u00e1s\u00e1ra terveztek. Ha az eg\u00e9rgombok nem m\u0171k\u00f6dnek megfelel\u0151en, vagy nem reag\u00e1lnak, a megold\u00e1s az eg\u00e9rgombok panelj\u00e9nek az eredeti Dell alkatr\u00e9szre val\u00f3 cser\u00e9je.<\/p>\n<p>A k\u00e1bellel ell\u00e1tott eg\u00e9rgombok k\u00e1rty\u00e1ja felel\u0151s a jelek tov\u00e1bb\u00edt\u00e1s\u00e1\u00e9rt az \u00e9rint\u0151padr\u00f3l a laptop alaplapj\u00e1ra, lehet\u0151v\u00e9 t\u00e9ve a k\u00e9perny\u0151n l\u00e9v\u0151 kurzor kattint\u00e1s\u00e1t \u00e9s a vele val\u00f3 interakci\u00f3t. Ezzel az eredeti Dell cserek\u00e1rty\u00e1val prec\u00edz \u00e9s gyorsan reag\u00e1l\u00f3 eg\u00e9rgomb-funkci\u00f3kat \u00e9lvezhet, biztos\u00edtva a z\u00f6kken\u0151mentes \u00e9s hat\u00e9kony felhaszn\u00e1l\u00f3i \u00e9lm\u00e9nyt.<\/p>\n<p>A Dell Precision M6800 Mouse Buttons Board k\u00e1bellel t\u00f6rt\u00e9n\u0151 telep\u00edt\u00e9s\u00e9hez m\u0171szaki szak\u00e9rtelem \u00e9s tud\u00e1s sz\u00fcks\u00e9ges. Javasoljuk, hogy k\u00e9rjen szak\u00e9rt\u0151i seg\u00edts\u00e9get, vagy olvassa el a Dell szervizk\u00f6nyv\u00e9t a megfelel\u0151 telep\u00edt\u00e9si utas\u00edt\u00e1sok\u00e9rt. Gy\u0151z\u0151dj\u00f6n meg arr\u00f3l, hogy laptopja ki van kapcsolva, \u00e9s le van v\u00e1lasztva az \u00e1ramforr\u00e1sr\u00f3l, miel\u0151tt megpr\u00f3b\u00e1ln\u00e1 a cser\u00e9t.<\/p>\n<p>Vissza\u00e1ll\u00edtsa Dell Precision M6800 \u00e9rint\u0151padj\u00e1nak teljes funkcionalit\u00e1s\u00e1t az eredeti Dell Precision M6800 Mouse Buttons Board k\u00e1bellel. \u00c9lvezze a prec\u00edz \u00e9s \u00e9rz\u00e9keny eg\u00e9rgomb funkci\u00f3t, amely lehet\u0151v\u00e9 teszi, hogy k\u00f6nnyed\u00e9n navig\u00e1ljon \u00e9s kommunik\u00e1ljon laptopj\u00e1val. Cser\u00e9lje ki hib\u00e1s eg\u00e9rgomb-t\u00e1bl\u00e1j\u00e1t erre a kiv\u00e1l\u00f3 min\u0151s\u00e9g\u0171 cserealkatr\u00e9szre.<\/p>\n","protected":false},"excerpt":{"rendered":"<p>Cser\u00e9lje ki a s\u00e9r\u00fclt vagy nem m\u0171k\u00f6d\u0151 eg\u00e9rgomb-t\u00e1bl\u00e1t k\u00e1belre a Dell Precision M6800 laptopban ezzel az eredeti Dell Precision M6800 Mouse Buttons Board k\u00e1rty\u00e1val. Ez a kifejezetten a Dell Precision M6800-hoz tervezett k\u00e1rtya k\u00e1bellel prec\u00edz \u00e9s \u00e9rz\u00e9keny eg\u00e9rgomb-funkci\u00f3kat biztos\u00edt. Ezzel a kiv\u00e1l\u00f3 min\u0151s\u00e9g\u0171 cserealkatr\u00e9szrel \u00e1ll\u00edtsa vissza laptopja \u00e9rint\u0151padj\u00e1nak teljes funkcionalit\u00e1s\u00e1t.<\/p>\n","protected":false},"featured_media":753,"template":"","meta":[],"product_brand":[],"product_cat":[42],"product_tag":[17,25],"class_list":{"0":"post-693","1":"product","2":"type-product","3":"status-publish","4":"has-post-thumbnail","6":"product_cat-laptop-touchpads","7":"product_tag-dell","8":"product_tag-hp","10":"first","11":"instock","12":"taxable","13":"shipping-taxable","14":"purchasable","15":"product-type-simple"},"_links":{"self":[{"href":"https:\/\/boreait.com\/hu\/wp-json\/wp\/v2\/product\/693","targetHints":{"allow":["GET"]}}],"collection":[{"href":"https:\/\/boreait.com\/hu\/wp-json\/wp\/v2\/product"}],"about":[{"href":"https:\/\/boreait.com\/hu\/wp-json\/wp\/v2\/types\/product"}],"wp:featuredmedia":[{"embeddable":true,"href":"https:\/\/boreait.com\/hu\/wp-json\/wp\/v2\/media\/753"}],"wp:attachment":[{"href":"https:\/\/boreait.com\/hu\/wp-json\/wp\/v2\/media?parent=693"}],"wp:term":[{"taxonomy":"product_brand","embeddable":true,"href":"https:\/\/boreait.com\/hu\/wp-json\/wp\/v2\/product_brand?post=693"},{"taxonomy":"product_cat","embeddable":true,"href":"https:\/\/boreait.com\/hu\/wp-json\/wp\/v2\/product_cat?post=693"},{"taxonomy":"product_tag","embeddable":true,"href":"https:\/\/boreait.com\/hu\/wp-json\/wp\/v2\/product_tag?post=693"}],"curies":[{"name":"wp","href":"https:\/\/api.w.org\/{rel}","templated":true}]}}