{"id":6900,"date":"2025-09-17T11:44:25","date_gmt":"2025-09-17T09:44:25","guid":{"rendered":"https:\/\/boreait.com\/hu\/?post_type=product&#038;p=6900"},"modified":"2026-01-19T14:57:33","modified_gmt":"2026-01-19T13:57:33","slug":"ls-8134p-lenovo-thinkpad-edge-e430-ujjlenyomat-olvaso-kartya-caddy-a-fokozatu-laptop-alkatreszekkel","status":"publish","type":"product","link":"https:\/\/boreait.com\/hu\/termek\/ls-8134p-lenovo-thinkpad-edge-e430-ujjlenyomat-olvaso-kartya-caddy-a-fokozatu-laptop-alkatreszekkel\/","title":{"rendered":"LS-8134P Lenovo ThinkPad Edge E430 ujjlenyomat-olvas\u00f3 k\u00e1rtya Caddy A fokozat\u00fa laptop alkatr\u00e9szekkel"},"content":{"rendered":"<p>Friss\u00edtse Lenovo ThinkPad Edge E430 k\u00e9sz\u00fcl\u00e9k\u00e9t A fokozat\u00fa LS-8134P ujjlenyomat-olvas\u00f3 k\u00e1rty\u00e1nkkal. Ez az eredeti \u00e9s kiv\u00e1l\u00f3 min\u0151s\u00e9g\u0171 laptop alkatr\u00e9sz fokozott biztons\u00e1gi \u00e9lm\u00e9nyt ny\u00fajt laptopja sz\u00e1m\u00e1ra. A mell\u00e9kelt caddy megk\u00f6nny\u00edti a telep\u00edt\u00e9st, lehet\u0151v\u00e9 t\u00e9ve az ujjlenyomat-olvas\u00f3 z\u00f6kken\u0151mentes integr\u00e1l\u00e1s\u00e1t a rendszerbe.<\/p>\n<p><strong>Term\u00e9k r\u00e9szletei:<\/strong><\/p>\n<ul>\n<li><strong>Kompatibilit\u00e1s:<\/strong> Lenovo ThinkPad Edge E430-hoz tervezve<\/li>\n<li><strong>\u00c1llapot:<\/strong> A fokozat \u2013 Kiv\u00e1l\u00f3 \u00e1llapot, kiv\u00e1l\u00f3 teljes\u00edtm\u00e9nyt biztos\u00edt.<\/li>\n<li><strong>Tov\u00e1bbfejlesztett biztons\u00e1g:<\/strong> Az ujjlenyomat-olvas\u00f3 tov\u00e1bbi biztons\u00e1gi r\u00e9teget ad laptopj\u00e1hoz, v\u00e9di adatait \u00e9s biztos\u00edtja a nyugalmat.<\/li>\n<li><strong>K\u00f6nny\u0171 telep\u00edt\u00e9s:<\/strong> A mell\u00e9kelt caddy leegyszer\u0171s\u00edti a telep\u00edt\u00e9si folyamatot, \u00e9s m\u00e9g a korl\u00e1tozott m\u0171szaki ismeretekkel rendelkez\u0151k sz\u00e1m\u00e1ra is felhaszn\u00e1l\u00f3bar\u00e1tt\u00e1 teszi.<\/li>\n<li><strong>Vil\u00e1gszint\u0171 kompatibilit\u00e1s:<\/strong> Vil\u00e1gszerte haszn\u00e1lhat\u00f3, az eur\u00f3pai \u00fcgyfelekre \u00f6sszpontos\u00edtva.<\/li>\n<\/ul>\n<p>Ak\u00e1r hib\u00e1s ujjlenyomat-olvas\u00f3t szeretne cser\u00e9lni, ak\u00e1r rendszer\u00e9t friss\u00edti, az A fokozat\u00fa LS-8134P ujjlenyomat-olvas\u00f3 k\u00e1rty\u00e1nk az ide\u00e1lis v\u00e1laszt\u00e1s. Felh\u00edvjuk figyelm\u00e9t, hogy b\u00e1r nem adunk telep\u00edt\u00e9si utas\u00edt\u00e1sokat, az\u00e9rt vagyunk itt, hogy seg\u00edts\u00fcnk \u00d6nnek. Ha b\u00e1rmilyen k\u00e9rd\u00e9se van, vagy tov\u00e1bbi seg\u00edts\u00e9gre van sz\u00fcks\u00e9ge, forduljon bizalommal.<\/p>\n<p><em>Megjegyz\u00e9s: Az \u00d6n \u00e1ltal l\u00e1tott term\u00e9kfot\u00f3k val\u00f3s k\u00e9pek a kapott alkatr\u00e9szekr\u0151l. V\u00e1s\u00e1roljon bizalommal, \u00e9s friss\u00edtse laptopj\u00e1t a siggmo eredeti \u00e9s megb\u00edzhat\u00f3 laptop-alkatr\u00e9szeivel.<\/em><\/p>\n","protected":false},"excerpt":{"rendered":"<p>Fokozza Lenovo ThinkPad Edge E430 biztons\u00e1gi funkci\u00f3it ezzel az A fokozat\u00fa LS-8134P ujjlenyomat-olvas\u00f3 k\u00e1rty\u00e1val. Tartalmaz egy k\u00e9nyelmes burkolatot a z\u00f6kken\u0151mentes telep\u00edt\u00e9shez. Eredeti \u00e9s kiv\u00e1l\u00f3 min\u0151s\u00e9g\u0171 laptop alkatr\u00e9szek az optim\u00e1lis teljes\u00edtm\u00e9ny \u00e9rdek\u00e9ben.<\/p>\n","protected":false},"featured_media":6960,"template":"","meta":[],"product_brand":[],"product_cat":[27],"product_tag":[26],"class_list":{"0":"post-6900","1":"product","2":"type-product","3":"status-publish","4":"has-post-thumbnail","6":"product_cat-motherboards-board-parts","7":"product_tag-lenovo","9":"first","10":"instock","11":"taxable","12":"shipping-taxable","13":"purchasable","14":"product-type-simple"},"_links":{"self":[{"href":"https:\/\/boreait.com\/hu\/wp-json\/wp\/v2\/product\/6900","targetHints":{"allow":["GET"]}}],"collection":[{"href":"https:\/\/boreait.com\/hu\/wp-json\/wp\/v2\/product"}],"about":[{"href":"https:\/\/boreait.com\/hu\/wp-json\/wp\/v2\/types\/product"}],"wp:featuredmedia":[{"embeddable":true,"href":"https:\/\/boreait.com\/hu\/wp-json\/wp\/v2\/media\/6960"}],"wp:attachment":[{"href":"https:\/\/boreait.com\/hu\/wp-json\/wp\/v2\/media?parent=6900"}],"wp:term":[{"taxonomy":"product_brand","embeddable":true,"href":"https:\/\/boreait.com\/hu\/wp-json\/wp\/v2\/product_brand?post=6900"},{"taxonomy":"product_cat","embeddable":true,"href":"https:\/\/boreait.com\/hu\/wp-json\/wp\/v2\/product_cat?post=6900"},{"taxonomy":"product_tag","embeddable":true,"href":"https:\/\/boreait.com\/hu\/wp-json\/wp\/v2\/product_tag?post=6900"}],"curies":[{"name":"wp","href":"https:\/\/api.w.org\/{rel}","templated":true}]}}