{"id":69,"date":"2025-09-17T09:21:17","date_gmt":"2025-09-17T07:21:17","guid":{"rendered":"https:\/\/boreait.com\/hu\/?post_type=product&#038;p=69"},"modified":"2025-09-17T09:21:24","modified_gmt":"2025-09-17T07:21:24","slug":"b156xtn02-6-lcd-kepernyo-hd-1366x768-kijelzo-15-6","status":"publish","type":"product","link":"https:\/\/boreait.com\/hu\/termek\/b156xtn02-6-lcd-kepernyo-hd-1366x768-kijelzo-15-6\/","title":{"rendered":"B156XTN02.6 LCD k\u00e9perny\u0151 HD 1366&#215;768 kijelz\u0151 15.6&#8243;"},"content":{"rendered":"<p><strong>Ugyanaz a k\u00e9perny\u0151, mint az adatlapon szerepl\u0151 fot\u00f3n! Nincsenek halott pixelek vagy karcok!<\/strong><\/p>\n<p>A B156XTN02.6 egy kiv\u00e1l\u00f3 min\u0151s\u00e9g\u0171 LCD-k\u00e9perny\u0151, amely tiszta \u00e9s \u00e9l\u00e9nk l\u00e1tv\u00e1nyt ny\u00fajt laptopok \u00e9s egy\u00e9b eszk\u00f6z\u00f6k sz\u00e1m\u00e1ra. A 15,6 h\u00fcvelykes kijelz\u0151 m\u00e9ret\u00e9vel \u00e9s 1366&#215;768 pixeles felbont\u00e1s\u00e1val ez a k\u00e9perny\u0151 \u00e9les \u00e9s r\u00e9szletgazdag k\u00e9peket biztos\u00edt \u00e9l\u00e9nk sz\u00ednekkel \u00e9s m\u00e9ly feket\u00e9vel. A matt fel\u00fclet seg\u00edt cs\u00f6kkenteni a t\u00fckr\u00f6z\u0151d\u00e9st \u00e9s a t\u00fckr\u00f6z\u0151d\u00e9st, k\u00e9nyelmes megtekint\u00e9si \u00e9lm\u00e9nyt biztos\u00edtva m\u00e9g vil\u00e1gos k\u00f6rnyezetben is. A v\u00e9kony kialak\u00edt\u00e1s \u00e9s a k\u00f6nny\u0171 fel\u00e9p\u00edt\u00e9s ide\u00e1liss\u00e1 teszi hordozhat\u00f3 eszk\u00f6z\u00f6kben val\u00f3 haszn\u00e1latra, m\u00edg a sz\u00e9les betekint\u00e9si sz\u00f6gek b\u00e1rmilyen poz\u00edci\u00f3b\u00f3l lebilincsel\u0151 megtekint\u00e9si \u00e9lm\u00e9nyt biztos\u00edtanak. Legyen sz\u00f3 munk\u00e1r\u00f3l vagy sz\u00f3rakoz\u00e1sr\u00f3l, a B156XTN02.6 kiv\u00e1l\u00f3 v\u00e1laszt\u00e1s azoknak, akik kiv\u00e1l\u00f3 min\u0151s\u00e9g\u0171 LCD-k\u00e9perny\u0151t keresnek laptopjukhoz.<\/p>\n<p>\u00cdme n\u00e9h\u00e1ny kompatibilis k\u00e9perny\u0151 a B156XTN02.6 HD 1366&#215;768 HD 15,6 h\u00fcvelykes LCD k\u00e9perny\u0151vel:<\/p>\n<ol>\n<li>LP156WHB(TP)(A1)<\/li>\n<li>N156BGE-EB2<\/li>\n<li>B156XTN03.1<\/li>\n<li>N156BGE-EB1<\/li>\n<li>LP156WHB(TP)(C1)<\/li>\n<li>N156BGE-EB2 Rev.C2<\/li>\n<li>LP156WHB(TP)(D1)<\/li>\n<li>B156XTN03.2<\/li>\n<li>N156BGE-EB3<\/li>\n<li>LP156WHB(TP)(E1)<\/li>\n<\/ol>\n","protected":false},"excerpt":{"rendered":"<p>A B156XTN02.6 egy 15,6 h\u00fcvelykes LCD-k\u00e9perny\u0151, amely tiszta \u00e9s \u00e9les k\u00e9pet ad HD 1366&#215;768 pixeles felbont\u00e1s\u00e1val. Matt fel\u00fclete cs\u00f6kkenti a t\u00fckr\u00f6z\u0151d\u00e9st \u00e9s a t\u00fckr\u00f6z\u0151d\u00e9st, k\u00e9nyelmes megtekint\u00e9si \u00e9lm\u00e9nyt biztos\u00edtva k\u00fcl\u00f6nf\u00e9le megvil\u00e1g\u00edt\u00e1si k\u00f6r\u00fclm\u00e9nyek k\u00f6z\u00f6tt. A k\u00e9perny\u0151 karcs\u00fa kialak\u00edt\u00e1sa \u00e9s k\u00f6nny\u0171 fel\u00e9p\u00edt\u00e9se t\u00f6k\u00e9letes hordozhat\u00f3 eszk\u00f6z\u00f6kh\u00f6z, m\u00edg a sz\u00e9les l\u00e1t\u00f3sz\u00f6gb\u0151l b\u00e1rmilyen sz\u00e9les l\u00e1t\u00f3sz\u00f6gb\u0151l.<\/p>\n","protected":false},"featured_media":103,"template":"","meta":[],"product_brand":[],"product_cat":[22,21],"product_tag":[],"class_list":{"0":"post-69","1":"product","2":"type-product","3":"status-publish","4":"has-post-thumbnail","6":"product_cat-15-6","7":"product_cat-laptop-screens-lcd-panels","9":"first","10":"instock","11":"taxable","12":"shipping-taxable","13":"purchasable","14":"product-type-simple"},"_links":{"self":[{"href":"https:\/\/boreait.com\/hu\/wp-json\/wp\/v2\/product\/69","targetHints":{"allow":["GET"]}}],"collection":[{"href":"https:\/\/boreait.com\/hu\/wp-json\/wp\/v2\/product"}],"about":[{"href":"https:\/\/boreait.com\/hu\/wp-json\/wp\/v2\/types\/product"}],"wp:featuredmedia":[{"embeddable":true,"href":"https:\/\/boreait.com\/hu\/wp-json\/wp\/v2\/media\/103"}],"wp:attachment":[{"href":"https:\/\/boreait.com\/hu\/wp-json\/wp\/v2\/media?parent=69"}],"wp:term":[{"taxonomy":"product_brand","embeddable":true,"href":"https:\/\/boreait.com\/hu\/wp-json\/wp\/v2\/product_brand?post=69"},{"taxonomy":"product_cat","embeddable":true,"href":"https:\/\/boreait.com\/hu\/wp-json\/wp\/v2\/product_cat?post=69"},{"taxonomy":"product_tag","embeddable":true,"href":"https:\/\/boreait.com\/hu\/wp-json\/wp\/v2\/product_tag?post=69"}],"curies":[{"name":"wp","href":"https:\/\/api.w.org\/{rel}","templated":true}]}}