{"id":6887,"date":"2025-09-17T11:44:24","date_gmt":"2025-09-17T09:44:24","guid":{"rendered":"https:\/\/boreait.com\/hu\/?post_type=product&#038;p=6887"},"modified":"2025-09-17T11:44:57","modified_gmt":"2025-09-17T09:44:57","slug":"medion-akoya-e7226t-13n0-bna2501-keztamasz-felso-tok-eredeti-laptop-alkatreszek-gyors-szallitas","status":"publish","type":"product","link":"https:\/\/boreait.com\/hu\/termek\/medion-akoya-e7226t-13n0-bna2501-keztamasz-felso-tok-eredeti-laptop-alkatreszek-gyors-szallitas\/","title":{"rendered":"Medion Akoya E7226T 13N0-BNA2501 k\u00e9zt\u00e1masz fels\u0151 tok &#8211; Eredeti laptop alkatr\u00e9szek &#8211; Gyors sz\u00e1ll\u00edt\u00e1s"},"content":{"rendered":"<p>Friss\u00edtse Medion Akoya E7226T k\u00e9sz\u00fcl\u00e9k\u00e9t az eredeti 13N0-BNA2501 k\u00e9zt\u00e1masz fels\u0151 tokkal, amelyet apr\u00f3l\u00e9kosan a precizit\u00e1s \u00e9s a hossz\u00fa \u00e9lettartam \u00e9rdek\u00e9ben terveztek. Ez a laptopj\u00e1val z\u00f6kken\u0151mentesen integr\u00e1lhat\u00f3 cserealkatr\u00e9sz nem csak az optim\u00e1lis funkcionalit\u00e1st biztos\u00edtja, hanem jav\u00edtja az \u00e1ltal\u00e1nos eszt\u00e9tikai megjelen\u00e9st is.<\/p>\n<p><strong>F\u0151bb jellemz\u0151k:<\/strong><\/p>\n<ul>\n<li>Eredeti Medion Akoya E7226T 13N0-BNA2501 k\u00e9zt\u00e1masz fels\u0151 tok<\/li>\n<li>K\u00e9nyelem \u00e9s v\u00e9delem helyre\u00e1ll\u00edt\u00e1sa: Ide\u00e1lis a s\u00e9r\u00fclt vagy elhaszn\u00e1l\u00f3dott k\u00e9zt\u00e1maszok cser\u00e9j\u00e9hez<\/li>\n<li>T\u00f6k\u00e9letes illeszked\u00e9s: A Medion Akoya E7226T sorozattal val\u00f3 z\u00f6kken\u0151mentes integr\u00e1ci\u00f3hoz tervezt\u00e9k.<\/li>\n<li>Egyszer\u0171 telep\u00edt\u00e9s: Gyorsan cser\u00e9lje ki az alkatr\u00e9szt r\u00e9szletes utas\u00edt\u00e1sok n\u00e9lk\u00fcl.<\/li>\n<li>Vil\u00e1gszint\u0171 kompatibilit\u00e1s: Alkalmas laptopokhoz Eur\u00f3pa-szerte \u00e9s vil\u00e1gszerte<\/li>\n<\/ul>\n<p><strong>Mi\u00e9rt v\u00e1lassza laptop-alkatr\u00e9szeinket?<\/strong> A Siggmon\u00e1l a min\u0151s\u00e9get \u00e9s a hiteless\u00e9get helyezz\u00fck el\u0151t\u00e9rbe. Eredeti laptop-alkatr\u00e9szeink szigor\u00fa tesztel\u00e9sen esnek \u00e1t, hogy megbizonyosodjanak arr\u00f3l, hogy megfelelnek a legmagasabb k\u00f6vetelm\u00e9nyeknek. Megb\u00edzhat benn\u00fcnket abban, hogy nemcsak cser\u00e9t, hanem eszk\u00f6ze teljes\u00edtm\u00e9ny\u00e9nek \u00e9s eszt\u00e9tikai megjelen\u00e9s\u00e9nek jav\u00edt\u00e1s\u00e1t is biztos\u00edtjuk.<\/p>\n<p><strong>Sz\u00e1ll\u00edt\u00e1si inform\u00e1ci\u00f3k:<\/strong> Tapasztalja meg a probl\u00e9mamentes tranzakci\u00f3kat gyors \u00e9s biztons\u00e1gos sz\u00e1ll\u00edt\u00e1si szolg\u00e1ltat\u00e1sainkkal. Ak\u00e1r Eur\u00f3p\u00e1ban, ak\u00e1r b\u00e1rhol a vil\u00e1gon, mi gondoskodunk r\u00f3la.<\/p>\n<p>K\u00e9rj\u00fck, vegye figyelembe, hogy a cser\u00e9re vonatkoz\u00f3 utas\u00edt\u00e1sokat nem tartalmazza, de arra biztatjuk \u00fcgyfeleit, hogy forduljanak hozz\u00e1nk, ha tov\u00e1bbi seg\u00edts\u00e9gre van sz\u00fcks\u00e9g\u00fck. A list\u00e1n szerepl\u0151 k\u00e9pek val\u00f3diak, vil\u00e1gosan t\u00fckr\u00f6zik a kapott alkatr\u00e9szek min\u0151s\u00e9g\u00e9t \u00e9s \u00e1llapot\u00e1t.<\/p>\n<p>Friss\u00edtse Medion Akoya E7226T k\u00e9sz\u00fcl\u00e9k\u00e9t m\u00e9g ma a Siggmo seg\u00edts\u00e9g\u00e9vel \u2013 az eredeti laptop-alkatr\u00e9szek megb\u00edzhat\u00f3 forr\u00e1sa.<\/p>\n","protected":false},"excerpt":{"rendered":"<p>Fokozza Medion Akoya E7226T tart\u00f3ss\u00e1g\u00e1t \u00e9s eszt\u00e9tik\u00e1j\u00e1t az eredeti 13N0-BNA2501 k\u00e9zt\u00e1masz fels\u0151 tokkal. Ez a z\u00f6kken\u0151mentes illeszked\u00e9sre kialak\u00edtott p\u00f3talkatr\u00e9sz k\u00e9nyelmet \u00e9s v\u00e9delmet biztos\u00edt. Gyorsan cser\u00e9lje ki a s\u00e9r\u00fclt vagy elhaszn\u00e1l\u00f3dott k\u00e9zt\u00e1maszokat, hogy vissza\u00e1ll\u00edtsa laptopja eredeti var\u00e1zs\u00e1t. Kompatibilis a Medion Akoya E7226T sorozattal. Gyors \u00e9s biztons\u00e1gos sz\u00e1ll\u00edt\u00e1s Eur\u00f3p\u00e1n bel\u00fcl \u00e9s vil\u00e1gszerte.<\/p>\n","protected":false},"featured_media":6935,"template":"","meta":[],"product_brand":[],"product_cat":[16],"product_tag":[70],"class_list":{"0":"post-6887","1":"product","2":"type-product","3":"status-publish","4":"has-post-thumbnail","6":"product_cat-laptop-housing","7":"product_tag-medion","9":"first","10":"instock","11":"taxable","12":"shipping-taxable","13":"purchasable","14":"product-type-simple"},"_links":{"self":[{"href":"https:\/\/boreait.com\/hu\/wp-json\/wp\/v2\/product\/6887","targetHints":{"allow":["GET"]}}],"collection":[{"href":"https:\/\/boreait.com\/hu\/wp-json\/wp\/v2\/product"}],"about":[{"href":"https:\/\/boreait.com\/hu\/wp-json\/wp\/v2\/types\/product"}],"wp:featuredmedia":[{"embeddable":true,"href":"https:\/\/boreait.com\/hu\/wp-json\/wp\/v2\/media\/6935"}],"wp:attachment":[{"href":"https:\/\/boreait.com\/hu\/wp-json\/wp\/v2\/media?parent=6887"}],"wp:term":[{"taxonomy":"product_brand","embeddable":true,"href":"https:\/\/boreait.com\/hu\/wp-json\/wp\/v2\/product_brand?post=6887"},{"taxonomy":"product_cat","embeddable":true,"href":"https:\/\/boreait.com\/hu\/wp-json\/wp\/v2\/product_cat?post=6887"},{"taxonomy":"product_tag","embeddable":true,"href":"https:\/\/boreait.com\/hu\/wp-json\/wp\/v2\/product_tag?post=6887"}],"curies":[{"name":"wp","href":"https:\/\/api.w.org\/{rel}","templated":true}]}}