{"id":6852,"date":"2025-09-17T11:44:01","date_gmt":"2025-09-17T09:44:01","guid":{"rendered":"https:\/\/boreait.com\/hu\/?post_type=product&#038;p=6852"},"modified":"2025-09-17T11:44:37","modified_gmt":"2025-09-17T09:44:37","slug":"medion-akoya-e7226-hangszorokeszlet-bal-es-jobb-hangszorok-eredeti-laptop-alkatreszek","status":"publish","type":"product","link":"https:\/\/boreait.com\/hu\/termek\/medion-akoya-e7226-hangszorokeszlet-bal-es-jobb-hangszorok-eredeti-laptop-alkatreszek\/","title":{"rendered":"Medion Akoya E7226 hangsz\u00f3r\u00f3k\u00e9szlet &#8211; Bal \u00e9s jobb hangsz\u00f3r\u00f3k &#8211; Eredeti laptop alkatr\u00e9szek"},"content":{"rendered":"<p>Alak\u00edtsa \u00e1t Medion Akoya E7226 laptopj\u00e1nak hangj\u00e1t exkluz\u00edv hangsz\u00f3r\u00f3k\u00e9szlet\u00fcnkkel, amely a bal \u00e9s a jobb oldali hangsz\u00f3r\u00f3kat is tartalmazza. Az eredeti specifik\u00e1ci\u00f3knak megfelel\u0151en kialak\u00edtott eredeti laptop-alkatr\u00e9szek garant\u00e1lj\u00e1k a megl\u00e9v\u0151 hangsz\u00f3r\u00f3k z\u00f6kken\u0151mentes cser\u00e9j\u00e9t vagy friss\u00edt\u00e9s\u00e9t.<\/p>\n<p><strong>F\u0151bb jellemz\u0151k:<\/strong><\/p>\n<ul>\n<li><strong>Kompatibilit\u00e1s:<\/strong> Kifejezetten Medion Akoya E7226 laptopokhoz tervezve.<\/li>\n<li><strong>Tov\u00e1bbfejlesztett hangmin\u0151s\u00e9g:<\/strong> \u00c9lvezze a tiszta \u00e9s mag\u00e1val ragad\u00f3 hangz\u00e1st a multim\u00e9di\u00e1s \u00e9lm\u00e9nyben.<\/li>\n<li><strong>Eredeti alkatr\u00e9szek:<\/strong> Az eredetis\u00e9g biztos\u00edtja a kompatibilit\u00e1st \u00e9s az optim\u00e1lis teljes\u00edtm\u00e9nyt.<\/li>\n<li><strong>Egyszer\u0171 telep\u00edt\u00e9s:<\/strong> K\u00f6nnyed\u00e9n cser\u00e9lje ki r\u00e9gi hangsz\u00f3r\u00f3it; nem tartalmaz bonyolult utas\u00edt\u00e1sokat, de ha seg\u00edts\u00e9gre van sz\u00fcks\u00e9ge, forduljon bizalommal.<\/li>\n<\/ul>\n<p>Ak\u00e1r hib\u00e1s hangsz\u00f3r\u00f3t szeretne cser\u00e9lni, ak\u00e1r a jobb hangz\u00e1s \u00e9rdek\u00e9ben friss\u00edteni szeretne, a Medion Akoya E7226 hangsz\u00f3r\u00f3k\u00e9szlet\u00fcnk az ide\u00e1lis megold\u00e1s. Vil\u00e1gszerte sz\u00e1ll\u00edtjuk, \u00e9s a term\u00e9kk\u00e9pek pontosan t\u00fckr\u00f6zik a kapott alkatr\u00e9szeket. N\u00f6velje laptopja audiok\u00e9pess\u00e9geit m\u00e9g ma ezekkel a megb\u00edzhat\u00f3 \u00e9s eredeti laptop-alkatr\u00e9szekkel.<\/p>\n","protected":false},"excerpt":{"rendered":"<p>Fokozza a Medion Akoya E7226 laptop hang\u00e9lm\u00e9ny\u00e9t eredeti hangsz\u00f3r\u00f3k\u00e9szlet\u00fcnkkel. Ez a csomag tartalmazza a bal \u00e9s a jobb oldali hangsz\u00f3r\u00f3kat is, amelyek optim\u00e1lis hangmin\u0151s\u00e9get biztos\u00edtanak k\u00e9sz\u00fcl\u00e9ke sz\u00e1m\u00e1ra. Friss\u00edtse vagy cser\u00e9lje ki jelenlegi hangsz\u00f3r\u00f3it ezekkel az eredeti Medion Akoya E7226 alkatr\u00e9szekkel. Gyors sz\u00e1ll\u00edt\u00e1s vil\u00e1gszerte el\u00e9rhet\u0151. V\u00e1s\u00e1roljon most!<\/p>\n","protected":false},"featured_media":6909,"template":"","meta":[],"product_brand":[],"product_cat":[18],"product_tag":[70],"class_list":{"0":"post-6852","1":"product","2":"type-product","3":"status-publish","4":"has-post-thumbnail","6":"product_cat-laptop-speakers","7":"product_tag-medion","9":"first","10":"instock","11":"taxable","12":"shipping-taxable","13":"purchasable","14":"product-type-simple"},"_links":{"self":[{"href":"https:\/\/boreait.com\/hu\/wp-json\/wp\/v2\/product\/6852","targetHints":{"allow":["GET"]}}],"collection":[{"href":"https:\/\/boreait.com\/hu\/wp-json\/wp\/v2\/product"}],"about":[{"href":"https:\/\/boreait.com\/hu\/wp-json\/wp\/v2\/types\/product"}],"wp:featuredmedia":[{"embeddable":true,"href":"https:\/\/boreait.com\/hu\/wp-json\/wp\/v2\/media\/6909"}],"wp:attachment":[{"href":"https:\/\/boreait.com\/hu\/wp-json\/wp\/v2\/media?parent=6852"}],"wp:term":[{"taxonomy":"product_brand","embeddable":true,"href":"https:\/\/boreait.com\/hu\/wp-json\/wp\/v2\/product_brand?post=6852"},{"taxonomy":"product_cat","embeddable":true,"href":"https:\/\/boreait.com\/hu\/wp-json\/wp\/v2\/product_cat?post=6852"},{"taxonomy":"product_tag","embeddable":true,"href":"https:\/\/boreait.com\/hu\/wp-json\/wp\/v2\/product_tag?post=6852"}],"curies":[{"name":"wp","href":"https:\/\/api.w.org\/{rel}","templated":true}]}}