{"id":6845,"date":"2025-09-17T11:44:00","date_gmt":"2025-09-17T09:44:00","guid":{"rendered":"https:\/\/boreait.com\/hu\/?post_type=product&#038;p=6845"},"modified":"2026-01-19T14:53:49","modified_gmt":"2026-01-19T13:53:49","slug":"eredeti-hp-733476-005-733476-001-733268-001-vezetek-nelkuli-bluetooth-4-0-kartya","status":"publish","type":"product","link":"https:\/\/boreait.com\/hu\/termek\/eredeti-hp-733476-005-733476-001-733268-001-vezetek-nelkuli-bluetooth-4-0-kartya\/","title":{"rendered":"Eredeti HP 733476-005 733476-001 733268-001 vezet\u00e9k n\u00e9lk\u00fcli Bluetooth 4.0 k\u00e1rtya"},"content":{"rendered":"<p>B\u0151v\u00edtse laptopja vezet\u00e9k n\u00e9lk\u00fcli k\u00e9pess\u00e9geit az eredeti HP 733476-005 733476-001 733268-001 vezet\u00e9k n\u00e9lk\u00fcli Bluetooth 4.0 k\u00e1rty\u00e1val. Ezt az eredeti HP-tartoz\u00e9kot \u00fagy tervezt\u00e9k, hogy kiv\u00e1l\u00f3 Bluetooth-\u00e9lm\u00e9nyt biztos\u00edtson kompatibilis HP laptopj\u00e1hoz.<\/p>\n<p><strong>F\u0151bb jellemz\u0151k:<\/strong><\/p>\n<ul>\n<li><strong>Kompatibilit\u00e1s:<\/strong> K\u00fcl\u00f6nf\u00e9le HP laptopmodellekkel val\u00f3 egy\u00fcttm\u0171k\u00f6d\u00e9sre tervezt\u00e9k, \u00edgy biztos\u00edtva a t\u00f6k\u00e9letes illeszked\u00e9st.<\/li>\n<li><strong>Vezet\u00e9k n\u00e9lk\u00fcli kapcsolat:<\/strong> \u00c9lvezze a Bluetooth 4.0 technol\u00f3gi\u00e1t a hat\u00e9kony \u00e9s gyors vezet\u00e9k n\u00e9lk\u00fcli kapcsolatok\u00e9rt.<\/li>\n<li><strong>Eredeti HP min\u0151s\u00e9g:<\/strong> Nyugodjon meg, tudva, hogy eredeti HP-term\u00e9kkel rendelkezik, amely garant\u00e1lja a megb\u00edzhat\u00f3s\u00e1got \u00e9s a teljes\u00edtm\u00e9nyt.<\/li>\n<li><strong>Egyszer\u0171 telep\u00edt\u00e9s:<\/strong> A felhaszn\u00e1l\u00f3bar\u00e1t Bluetooth k\u00e1rty\u00e1nkkal k\u00f6nnyed\u00e9n friss\u00edtheti laptopj\u00e1t.<\/li>\n<\/ul>\n<p>Ak\u00e1r hib\u00e1s Bluetooth-k\u00e1rty\u00e1t szeretne cser\u00e9lni, ak\u00e1r egy r\u00e9gebbi laptopot szeretne friss\u00edteni, ez a HP vezet\u00e9k n\u00e9lk\u00fcli Bluetooth 4.0 k\u00e1rtya a t\u00f6k\u00e9letes megold\u00e1s. N\u00f6velje laptopja k\u00e9pess\u00e9geit, \u00e9s \u00e9lvezze a z\u00f6kken\u0151mentes csatlakoz\u00e1st minden vezet\u00e9k n\u00e9lk\u00fcli ig\u00e9ny\u00e9hez.<\/p>\n<p>K\u00e9rj\u00fck, vegye figyelembe, hogy ez az adatlap val\u00f3di fot\u00f3kat tartalmaz a term\u00e9kr\u0151l, \u00e9s ha seg\u00edts\u00e9gre van sz\u00fcks\u00e9ge a telep\u00edt\u00e9shez, nyugodtan \u00edrjon nek\u00fcnk. N\u00f6velje laptopja teljes\u00edtm\u00e9ny\u00e9t ezzel az eredeti HP vezet\u00e9k n\u00e9lk\u00fcli Bluetooth 4.0 k\u00e1rty\u00e1val. Rendeljen most a megb\u00edzhat\u00f3 \u00e9s hat\u00e9kony Bluetooth-kapcsolat\u00e9rt!<\/p>\n","protected":false},"excerpt":{"rendered":"<p>Fokozza laptopja csatlakoztathat\u00f3s\u00e1g\u00e1t az Eredeti HP vezet\u00e9k n\u00e9lk\u00fcli Bluetooth 4.0 k\u00e1rty\u00e1val. A HP k\u00fcl\u00f6nf\u00e9le modelljeivel kompatibilis ez a k\u00e1rtya z\u00f6kken\u0151mentes Bluetooth funkci\u00f3t biztos\u00edt. B\u00edzzon az eredeti HP min\u0151s\u00e9gben a megb\u00edzhat\u00f3 vezet\u00e9k n\u00e9lk\u00fcli \u00e9lm\u00e9ny \u00e9rdek\u00e9ben.<\/p>\n","protected":false},"featured_media":6880,"template":"","meta":[],"product_brand":[],"product_cat":[27],"product_tag":[25],"class_list":{"0":"post-6845","1":"product","2":"type-product","3":"status-publish","4":"has-post-thumbnail","6":"product_cat-motherboards-board-parts","7":"product_tag-hp","9":"first","10":"instock","11":"taxable","12":"shipping-taxable","13":"purchasable","14":"product-type-simple"},"_links":{"self":[{"href":"https:\/\/boreait.com\/hu\/wp-json\/wp\/v2\/product\/6845","targetHints":{"allow":["GET"]}}],"collection":[{"href":"https:\/\/boreait.com\/hu\/wp-json\/wp\/v2\/product"}],"about":[{"href":"https:\/\/boreait.com\/hu\/wp-json\/wp\/v2\/types\/product"}],"wp:featuredmedia":[{"embeddable":true,"href":"https:\/\/boreait.com\/hu\/wp-json\/wp\/v2\/media\/6880"}],"wp:attachment":[{"href":"https:\/\/boreait.com\/hu\/wp-json\/wp\/v2\/media?parent=6845"}],"wp:term":[{"taxonomy":"product_brand","embeddable":true,"href":"https:\/\/boreait.com\/hu\/wp-json\/wp\/v2\/product_brand?post=6845"},{"taxonomy":"product_cat","embeddable":true,"href":"https:\/\/boreait.com\/hu\/wp-json\/wp\/v2\/product_cat?post=6845"},{"taxonomy":"product_tag","embeddable":true,"href":"https:\/\/boreait.com\/hu\/wp-json\/wp\/v2\/product_tag?post=6845"}],"curies":[{"name":"wp","href":"https:\/\/api.w.org\/{rel}","templated":true}]}}