{"id":6822,"date":"2025-09-17T11:43:38","date_gmt":"2025-09-17T09:43:38","guid":{"rendered":"https:\/\/boreait.com\/hu\/?post_type=product&#038;p=6822"},"modified":"2026-01-19T14:53:28","modified_gmt":"2026-01-19T13:53:28","slug":"eredeti-hp-15-rghs-250255256-g3-sorozatu-hutoborda-sps-767537-001-laptop-alkatreszek","status":"publish","type":"product","link":"https:\/\/boreait.com\/hu\/termek\/eredeti-hp-15-rghs-250255256-g3-sorozatu-hutoborda-sps-767537-001-laptop-alkatreszek\/","title":{"rendered":"Eredeti HP 15-rghs 250255256 G3 sorozat\u00fa h\u0171t\u0151borda SPS-767537-001 laptop alkatr\u00e9szek"},"content":{"rendered":"<p>N\u00f6velje HP 15-r\/g\/h\/s 250\/255\/256 G3 sorozat\u00fa laptopja h\u0171t\u00e9si hat\u00e9konys\u00e1g\u00e1t eredeti h\u0171t\u0151bord\u00e1nkkal (SPS-767537-001). A t\u00falmeleged\u00e9s vesz\u00e9lyeztetheti laptopja teljes\u00edtm\u00e9ny\u00e9t, \u00e9s ezt a gondosan megtervezett h\u0171t\u0151bord\u00e1t ennek megakad\u00e1lyoz\u00e1s\u00e1ra tervezt\u00e9k.<\/p>\n<p><strong>F\u0151bb jellemz\u0151k:<\/strong><\/p>\n<ul>\n<li><strong>Kompatibilit\u00e1s:<\/strong> Ez a h\u0171t\u0151borda k\u00fcl\u00f6nf\u00e9le HP 15-r\/g\/h\/s 250\/255\/256 G3 sorozat\u00fa laptopokkal kompatibilis. K\u00e9rj\u00fck, v\u00e1s\u00e1rl\u00e1s el\u0151tt ellen\u0151rizze a kompatibilit\u00e1st a modellel.<\/li>\n<li><strong>Eredeti alkatr\u00e9sz:<\/strong> A k\u00f6zvetlen\u00fcl a HP-t\u00f3l sz\u00e1rmaz\u00f3 h\u0171t\u0151borda eredeti cserealkatr\u00e9sz, amely biztos\u00edtja a min\u0151s\u00e9get \u00e9s a kompatibilit\u00e1st az eszk\u00f6zzel.<\/li>\n<li><strong>Optim\u00e1lis h\u0171t\u00e9s:<\/strong> A h\u0171t\u0151borda d\u00f6nt\u0151 szerepet j\u00e1tszik a laptop h\u0151m\u00e9rs\u00e9klet\u00e9nek fenntart\u00e1s\u00e1ban. Hat\u00e9konyan elvezeti a h\u0151t, megakad\u00e1lyozva a h\u0151fojt\u00e1st \u00e9s a bels\u0151 alkatr\u00e9szek esetleges k\u00e1rosod\u00e1s\u00e1t.<\/li>\n<li><strong>Egyszer\u0171 telep\u00edt\u00e9s:<\/strong> k\u00f6nnyed\u00e9n friss\u00edtheti laptopja h\u0171t\u0151rendszer\u00e9t. B\u00e1r nem adunk konkr\u00e9t telep\u00edt\u00e9si utas\u00edt\u00e1sokat, nyugodtan \u00edrjon nek\u00fcnk, ha seg\u00edts\u00e9gre van sz\u00fcks\u00e9ge vagy k\u00e9rd\u00e9se van.<\/li>\n<li><strong>Glob\u00e1lis sz\u00e1ll\u00edt\u00e1s:<\/strong> A Siggm\u00f3t\u00f3l vil\u00e1gszerte sz\u00e1ll\u00edtunk. B\u00e1rhol is van, \u00e9lvezheti eredeti HP laptop-alkatr\u00e9szeink el\u0151nyeit.<\/li>\n<\/ul>\n<p>Fekessen be HP laptopja hossz\u00fa \u00e9lettartam\u00e1ba, ha erre a kiv\u00e1l\u00f3 min\u0151s\u00e9g\u0171 h\u0171t\u0151bord\u00e1ra friss\u00edt. B\u00edzzon a Siggm\u00f3ban az eredeti laptop-alkatr\u00e9szek\u00e9rt, \u00e9s \u00e9lvezze az optim\u00e1lis teljes\u00edtm\u00e9nnyel j\u00e1r\u00f3 nyugalmat. K\u00e9rj\u00fck, vegye figyelembe, hogy a term\u00e9kr\u0151l val\u00f3s fot\u00f3k szerepelnek a list\u00e1n, \u00edgy pontosan l\u00e1thatja, hogy mit fog kapni.<\/p>\n","protected":false},"excerpt":{"rendered":"<p>Friss\u00edtse HP 15-r\/g\/h\/s 250\/255\/256 G3 sorozat\u00fa laptopja h\u0171t\u0151rendszer\u00e9t ezzel az eredeti h\u0171t\u0151bord\u00e1val (SPS-767537-001). Biztos\u00edtsa az optim\u00e1lis teljes\u00edtm\u00e9nyt \u00e9s megakad\u00e1lyozza a t\u00falmeleged\u00e9st. K\u00fcl\u00f6nf\u00e9le G3 modellekkel kompatibilis. Kiv\u00e1l\u00f3 min\u0151s\u00e9g\u0171, megb\u00edzhat\u00f3 laptop alkatr\u00e9sz kaphat\u00f3 a Siggm\u00f3n\u00e1l.<\/p>\n","protected":false},"featured_media":6878,"template":"","meta":[],"product_brand":[],"product_cat":[33],"product_tag":[25],"class_list":{"0":"post-6822","1":"product","2":"type-product","3":"status-publish","4":"has-post-thumbnail","6":"product_cat-cpu-fans-heatsinks","7":"product_tag-hp","9":"first","10":"instock","11":"taxable","12":"shipping-taxable","13":"purchasable","14":"product-type-simple"},"_links":{"self":[{"href":"https:\/\/boreait.com\/hu\/wp-json\/wp\/v2\/product\/6822","targetHints":{"allow":["GET"]}}],"collection":[{"href":"https:\/\/boreait.com\/hu\/wp-json\/wp\/v2\/product"}],"about":[{"href":"https:\/\/boreait.com\/hu\/wp-json\/wp\/v2\/types\/product"}],"wp:featuredmedia":[{"embeddable":true,"href":"https:\/\/boreait.com\/hu\/wp-json\/wp\/v2\/media\/6878"}],"wp:attachment":[{"href":"https:\/\/boreait.com\/hu\/wp-json\/wp\/v2\/media?parent=6822"}],"wp:term":[{"taxonomy":"product_brand","embeddable":true,"href":"https:\/\/boreait.com\/hu\/wp-json\/wp\/v2\/product_brand?post=6822"},{"taxonomy":"product_cat","embeddable":true,"href":"https:\/\/boreait.com\/hu\/wp-json\/wp\/v2\/product_cat?post=6822"},{"taxonomy":"product_tag","embeddable":true,"href":"https:\/\/boreait.com\/hu\/wp-json\/wp\/v2\/product_tag?post=6822"}],"curies":[{"name":"wp","href":"https:\/\/api.w.org\/{rel}","templated":true}]}}