{"id":6808,"date":"2025-09-17T11:43:37","date_gmt":"2025-09-17T09:43:37","guid":{"rendered":"https:\/\/boreait.com\/hu\/?post_type=product&#038;p=6808"},"modified":"2026-01-19T14:45:11","modified_gmt":"2026-01-19T13:45:11","slug":"eredeti-hp-probook-450-g2-memoriafedel-laptop-alkatreszek-csere-memoria-elolap-fedoajto","status":"publish","type":"product","link":"https:\/\/boreait.com\/hu\/termek\/eredeti-hp-probook-450-g2-memoriafedel-laptop-alkatreszek-csere-memoria-elolap-fedoajto\/","title":{"rendered":"Eredeti HP ProBook 450 G2 mem\u00f3riafed\u00e9l &#8211; Laptop alkatr\u00e9szek &#8211; Csere mem\u00f3ria el\u0151lap-fed\u0151ajt\u00f3"},"content":{"rendered":"<p>Friss\u00edtse HP ProBook 450 G2 k\u00e9sz\u00fcl\u00e9k\u00e9t k\u00f6nnyed\u00e9n Eredeti mem\u00f3riafed\u00e9l\u00fcnkkel. Ezt a mem\u00f3riael\u0151lap-ajt\u00f3t a tart\u00f3ss\u00e1gra \u00e9s a k\u00f6nny\u0171 hozz\u00e1f\u00e9r\u00e9sre tervezt\u00e9k, \u00edgy magabiztosan b\u0151v\u00edtheti laptopja mem\u00f3ri\u00e1j\u00e1t.<\/p>\n<p><strong>F\u0151bb jellemz\u0151k:<\/strong><\/p>\n<ul>\n<li><strong>Kompatibilit\u00e1s:<\/strong> Kifejezetten HP ProBook 450 G2 laptopokhoz tervezve.<\/li>\n<li><strong>Min\u0151s\u00e9gbiztos\u00edt\u00e1s:<\/strong> Eredeti HP alkatr\u00e9sz, amely t\u00f6k\u00e9letes illeszked\u00e9st \u00e9s megb\u00edzhat\u00f3 teljes\u00edtm\u00e9nyt biztos\u00edt.<\/li>\n<li><strong>Egyszer\u0171 telep\u00edt\u00e9s:<\/strong> Probl\u00e9mamentes friss\u00edt\u00e9s a mem\u00f3riael\u0151lap-ajt\u00f3nkkal a mem\u00f3riany\u00edl\u00e1sok gyors el\u00e9r\u00e9s\u00e9hez.<\/li>\n<li><strong>Sz\u00e1ll\u00edt\u00e1s az eg\u00e9sz vil\u00e1gon:<\/strong> Vil\u00e1gszerte sz\u00e1ll\u00edtunk, \u00edgy b\u00e1rhol is van, n\u00f6velje laptopja teljes\u00edtm\u00e9ny\u00e9t a Siggmo seg\u00edts\u00e9g\u00e9vel.<\/li>\n<\/ul>\n<p><strong>Megjegyz\u00e9s:<\/strong> A telep\u00edt\u00e9si utas\u00edt\u00e1sokat nem adjuk meg, de b\u00e1tran forduljon hozz\u00e1nk \u00fczenetben, ha seg\u00edts\u00e9gre van sz\u00fcks\u00e9ge. A term\u00e9kr\u0151l k\u00e9sz\u00fclt val\u00f3di fot\u00f3k biztos\u00edtj\u00e1k, hogy pontosan l\u00e1ssa, mit fog kapni. B\u0151v\u00edtse laptopja mem\u00f3ri\u00e1j\u00e1t magabiztosan, tudva, hogy olyan eredeti alkatr\u00e9szt kap, amelyet a cs\u00facsteljes\u00edtm\u00e9nyre terveztek.<\/p>\n","protected":false},"excerpt":{"rendered":"<p>N\u00f6velje HP ProBook 450 G2 teljes\u00edtm\u00e9ny\u00e9t ezzel az eredeti mem\u00f3riafed\u00e9llel. A k\u00f6nny\u0171 hozz\u00e1f\u00e9r\u00e9sre tervezett mem\u00f3riael\u0151lapos ajt\u00f3 probl\u00e9mamentes friss\u00edt\u00e9st biztos\u00edt. Megb\u00edzhat\u00f3 min\u0151s\u00e9g, a Siggm\u00f3t\u00f3l vil\u00e1gszerte sz\u00e1ll\u00edtva.<\/p>\n","protected":false},"featured_media":6859,"template":"","meta":[],"product_brand":[],"product_cat":[27],"product_tag":[25],"class_list":{"0":"post-6808","1":"product","2":"type-product","3":"status-publish","4":"has-post-thumbnail","6":"product_cat-motherboards-board-parts","7":"product_tag-hp","9":"first","10":"instock","11":"taxable","12":"shipping-taxable","13":"purchasable","14":"product-type-simple"},"_links":{"self":[{"href":"https:\/\/boreait.com\/hu\/wp-json\/wp\/v2\/product\/6808","targetHints":{"allow":["GET"]}}],"collection":[{"href":"https:\/\/boreait.com\/hu\/wp-json\/wp\/v2\/product"}],"about":[{"href":"https:\/\/boreait.com\/hu\/wp-json\/wp\/v2\/types\/product"}],"wp:featuredmedia":[{"embeddable":true,"href":"https:\/\/boreait.com\/hu\/wp-json\/wp\/v2\/media\/6859"}],"wp:attachment":[{"href":"https:\/\/boreait.com\/hu\/wp-json\/wp\/v2\/media?parent=6808"}],"wp:term":[{"taxonomy":"product_brand","embeddable":true,"href":"https:\/\/boreait.com\/hu\/wp-json\/wp\/v2\/product_brand?post=6808"},{"taxonomy":"product_cat","embeddable":true,"href":"https:\/\/boreait.com\/hu\/wp-json\/wp\/v2\/product_cat?post=6808"},{"taxonomy":"product_tag","embeddable":true,"href":"https:\/\/boreait.com\/hu\/wp-json\/wp\/v2\/product_tag?post=6808"}],"curies":[{"name":"wp","href":"https:\/\/api.w.org\/{rel}","templated":true}]}}