{"id":68,"date":"2025-09-17T09:21:16","date_gmt":"2025-09-17T07:21:16","guid":{"rendered":"https:\/\/boreait.com\/hu\/?post_type=product&#038;p=68"},"modified":"2026-01-14T08:01:28","modified_gmt":"2026-01-14T07:01:28","slug":"dell-precision-7710-m7710-lcd-video-edp-fhd-kabel","status":"publish","type":"product","link":"https:\/\/boreait.com\/hu\/termek\/dell-precision-7710-m7710-lcd-video-edp-fhd-kabel\/","title":{"rendered":"DELL Precision 7710 M7710 LCD VIDEO EDP FHD K\u00c1BEL"},"content":{"rendered":"<p>PN: 03GPF4<\/p>\n<p>A DELL Precision 7710 M7710 LCD VIDEO EDP FHD CABLE egy kiv\u00e1l\u00f3 min\u0151s\u00e9g\u0171 \u00e9s megb\u00edzhat\u00f3 videok\u00e1bel, amelyet a Dell Precision 7710 laptophoz terveztek. Ez a k\u00e1bel felel\u0151s a nagy felbont\u00e1s\u00fa videojelek tov\u00e1bb\u00edt\u00e1s\u00e1\u00e9rt a laptop grafikus k\u00e1rty\u00e1j\u00e1r\u00f3l a Full HD (FHD) kijelz\u0151panelre a be\u00e1gyazott kijelz\u0151porton (EDP) kereszt\u00fcl. Ez egy eredeti Dell alkatr\u00e9sz, amelyet alaposan teszteltek, \u00e9s garant\u00e1ltan tiszta \u00e9s \u00e9les k\u00e9pet ny\u00fajt torz\u00edt\u00e1s vagy jelveszt\u00e9s n\u00e9lk\u00fcl. Ha a s\u00e9r\u00fclt vagy hib\u00e1s k\u00e1belt erre a k\u00e1belre cser\u00e9li, a felhaszn\u00e1l\u00f3k vissza\u00e1ll\u00edthatj\u00e1k laptopjuk videoteljes\u00edtm\u00e9ny\u00e9t, \u00e9s z\u00f6kken\u0151mentesen \u00e9lvezhetik a megtekint\u00e9si \u00e9lm\u00e9nyt.<\/p>\n","protected":false},"excerpt":{"rendered":"<p>A DELL Precision 7710 M7710 LCD VIDEO EDP FHD CABLE egy eredeti Dell cserek\u00e1bel, amely tiszta \u00e9s torz\u00edt\u00e1smentes videojeleket biztos\u00edt a laptop grafikus k\u00e1rty\u00e1ja \u00e9s a Full HD kijelz\u0151 k\u00f6z\u00f6tt.<\/p>\n","protected":false},"featured_media":101,"template":"","meta":[],"product_brand":[],"product_cat":[20],"product_tag":[17],"class_list":{"0":"post-68","1":"product","2":"type-product","3":"status-publish","4":"has-post-thumbnail","6":"product_cat-cables","7":"product_tag-dell","9":"first","10":"instock","11":"taxable","12":"shipping-taxable","13":"purchasable","14":"product-type-simple"},"_links":{"self":[{"href":"https:\/\/boreait.com\/hu\/wp-json\/wp\/v2\/product\/68","targetHints":{"allow":["GET"]}}],"collection":[{"href":"https:\/\/boreait.com\/hu\/wp-json\/wp\/v2\/product"}],"about":[{"href":"https:\/\/boreait.com\/hu\/wp-json\/wp\/v2\/types\/product"}],"wp:featuredmedia":[{"embeddable":true,"href":"https:\/\/boreait.com\/hu\/wp-json\/wp\/v2\/media\/101"}],"wp:attachment":[{"href":"https:\/\/boreait.com\/hu\/wp-json\/wp\/v2\/media?parent=68"}],"wp:term":[{"taxonomy":"product_brand","embeddable":true,"href":"https:\/\/boreait.com\/hu\/wp-json\/wp\/v2\/product_brand?post=68"},{"taxonomy":"product_cat","embeddable":true,"href":"https:\/\/boreait.com\/hu\/wp-json\/wp\/v2\/product_cat?post=68"},{"taxonomy":"product_tag","embeddable":true,"href":"https:\/\/boreait.com\/hu\/wp-json\/wp\/v2\/product_tag?post=68"}],"curies":[{"name":"wp","href":"https:\/\/api.w.org\/{rel}","templated":true}]}}