{"id":6782,"date":"2025-09-17T11:43:15","date_gmt":"2025-09-17T09:43:15","guid":{"rendered":"https:\/\/boreait.com\/hu\/?post_type=product&#038;p=6782"},"modified":"2026-01-19T14:42:13","modified_gmt":"2026-01-19T13:42:13","slug":"hp-450-g2-also-alaplap-ajtohoz-csavarokkal-caddy-ap15a000600-laptop-alkatreszek","status":"publish","type":"product","link":"https:\/\/boreait.com\/hu\/termek\/hp-450-g2-also-alaplap-ajtohoz-csavarokkal-caddy-ap15a000600-laptop-alkatreszek\/","title":{"rendered":"HP 450 G2 als\u00f3 alaplap ajt\u00f3hoz csavarokkal Caddy AP15A000600 laptop alkatr\u00e9szek"},"content":{"rendered":"<p>Friss\u00edtse HP 450 G2 k\u00e9sz\u00fcl\u00e9k\u00e9t pr\u00e9mium min\u0151s\u00e9g\u0171 als\u00f3 alaplapajt\u00f3nkkal. Ezt a csavarokkal \u00e9s burkolattal kieg\u00e9sz\u00edtett m\u00e1rkakomponenst \u00fagy tervezt\u00e9k, hogy k\u00f6nny\u0171 hozz\u00e1f\u00e9r\u00e9st biztos\u00edtson az alapvet\u0151 bels\u0151 elemekhez a probl\u00e9mamentes karbantart\u00e1s \u00e9s friss\u00edt\u00e9s \u00e9rdek\u00e9ben. Legyen sz\u00f3 technol\u00f3giai rajong\u00f3r\u00f3l vagy profir\u00f3l, ez a r\u00e9sz biztos\u00edtja, hogy laptopja optim\u00e1lis \u00e1llapotban maradjon.<\/p>\n<p><strong>Kompatibilit\u00e1s:<\/strong> Ezt az ajt\u00f3t kifejezetten a HP 450 G2 laptopokhoz tervezt\u00e9k, \u00edgy biztos\u00edtva a t\u00f6k\u00e9letes illeszked\u00e9st. Ez egy eredeti cserealkatr\u00e9sz, AP15A000600 cikksz\u00e1mmal, amely az eredetivel azonos min\u0151s\u00e9get garant\u00e1l.<\/p>\n<p><strong>Egyszer\u0171 telep\u00edt\u00e9s:<\/strong> A bark\u00e1csol\u00e1s szerelmesei \u00e9rt\u00e9kelni fogj\u00e1k a telep\u00edt\u00e9si folyamat egyszer\u0171s\u00e9g\u00e9t. Nincs sz\u00fcks\u00e9g bonyolult utas\u00edt\u00e1sokra \u2013 csak haszn\u00e1lja a mell\u00e9kelt csavarokat a hozz\u00e1f\u00e9r\u00e9si panel ajtaj\u00e1nak \u00e9s a burkolat\u00e1nak r\u00f6gz\u00edt\u00e9s\u00e9hez. Ha b\u00e1rmilyen probl\u00e9m\u00e1ja van, vagy k\u00e9rd\u00e9se van, forduljon hozz\u00e1nk bizalommal seg\u00edts\u00e9g\u00e9rt.<\/p>\n<p><strong>Min\u0151s\u00e9gbiztos\u00edt\u00e1s:<\/strong> A Siggmon\u00e1l a min\u0151s\u00e9get r\u00e9szes\u00edtj\u00fck el\u0151nyben. A bel\u00e9ptet\u0151 panel ajt\u00f3t \u00fagy gy\u00e1rtj\u00e1k, hogy megfeleljen vagy meghaladja az OEM specifik\u00e1ci\u00f3it, biztos\u00edtva a tart\u00f3ss\u00e1got \u00e9s a hossz\u00fa \u00e9lettartamot. B\u00edzzon laptop alkatr\u00e9szeink megb\u00edzhat\u00f3s\u00e1g\u00e1ban, hogy HP 450 G2 z\u00f6kken\u0151mentesen m\u0171k\u00f6dj\u00f6n.<\/p>\n<p><strong>Sz\u00e1ll\u00edt\u00e1s az eg\u00e9sz vil\u00e1gon:<\/strong> Tiszt\u00e1ban vagyunk vele, hogy laptopja alapvet\u0151 fontoss\u00e1g\u00fa napi tev\u00e9kenys\u00e9gei sor\u00e1n. Ez\u00e9rt k\u00edn\u00e1lunk vil\u00e1gm\u00e9ret\u0171 kisz\u00e1ll\u00edt\u00e1st, biztos\u00edtva, hogy k\u00e9zbe tudja venni ezt a n\u00e9lk\u00fcl\u00f6zhetetlen laptop-alkatr\u00e9szt, b\u00e1rhol is van.<\/p>\n<p><strong>V\u00e1s\u00e1roljon magabiztosan:<\/strong> a Siggmo az \u00d6n megb\u00edzhat\u00f3 forr\u00e1sa a kiv\u00e1l\u00f3 min\u0151s\u00e9g\u0171 laptop-alkatr\u00e9szek beszerz\u00e9s\u00e9hez. Minden term\u00e9ket gondosan ellen\u0151riznek \u00e9s ellen\u0151riznek, hogy megfeleljenek szigor\u00fa min\u0151s\u00e9gi el\u0151\u00edr\u00e1sainknak. V\u00e1s\u00e1roljon bizalommal, \u00e9s friss\u00edtse HP 450 G2 k\u00e9sz\u00fcl\u00e9k\u00e9t m\u00e9g ma.<\/p>\n","protected":false},"excerpt":{"rendered":"<p>Fejlessze HP 450 G2-j\u00e9t ezzel a m\u00e1rk\u00e1s als\u00f3 alaplap-ajt\u00f3val, csavarokkal \u00e9s burkolattal. K\u00f6nnyen telep\u00edthet\u0151 \u00e9s t\u00f6k\u00e9letes bark\u00e1csol\u00e1si friss\u00edt\u00e9sekhez. Fedezze fel a Siggmo cs\u00facsmin\u0151s\u00e9g\u0171 laptop-alkatr\u00e9szeit.<\/p>\n","protected":false},"featured_media":6842,"template":"","meta":[],"product_brand":[],"product_cat":[16],"product_tag":[25],"class_list":{"0":"post-6782","1":"product","2":"type-product","3":"status-publish","4":"has-post-thumbnail","6":"product_cat-laptop-housing","7":"product_tag-hp","9":"first","10":"instock","11":"taxable","12":"shipping-taxable","13":"purchasable","14":"product-type-simple"},"_links":{"self":[{"href":"https:\/\/boreait.com\/hu\/wp-json\/wp\/v2\/product\/6782","targetHints":{"allow":["GET"]}}],"collection":[{"href":"https:\/\/boreait.com\/hu\/wp-json\/wp\/v2\/product"}],"about":[{"href":"https:\/\/boreait.com\/hu\/wp-json\/wp\/v2\/types\/product"}],"wp:featuredmedia":[{"embeddable":true,"href":"https:\/\/boreait.com\/hu\/wp-json\/wp\/v2\/media\/6842"}],"wp:attachment":[{"href":"https:\/\/boreait.com\/hu\/wp-json\/wp\/v2\/media?parent=6782"}],"wp:term":[{"taxonomy":"product_brand","embeddable":true,"href":"https:\/\/boreait.com\/hu\/wp-json\/wp\/v2\/product_brand?post=6782"},{"taxonomy":"product_cat","embeddable":true,"href":"https:\/\/boreait.com\/hu\/wp-json\/wp\/v2\/product_cat?post=6782"},{"taxonomy":"product_tag","embeddable":true,"href":"https:\/\/boreait.com\/hu\/wp-json\/wp\/v2\/product_tag?post=6782"}],"curies":[{"name":"wp","href":"https:\/\/api.w.org\/{rel}","templated":true}]}}