{"id":6780,"date":"2025-09-17T11:43:15","date_gmt":"2025-09-17T09:43:15","guid":{"rendered":"https:\/\/boreait.com\/hu\/?post_type=product&#038;p=6780"},"modified":"2026-01-19T14:41:48","modified_gmt":"2026-01-19T13:41:48","slug":"eredeti-lenovo-3000-n200-bcm92045-bluetooth-modul-kabellel-laptop-alkatreszek","status":"publish","type":"product","link":"https:\/\/boreait.com\/hu\/termek\/eredeti-lenovo-3000-n200-bcm92045-bluetooth-modul-kabellel-laptop-alkatreszek\/","title":{"rendered":"Eredeti Lenovo 3000 N200 BCM92045 Bluetooth modul k\u00e1bellel &#8211; Laptop alkatr\u00e9szek"},"content":{"rendered":"<p>Friss\u00edtse Lenovo 3000 N200 laptopj\u00e1t az eredeti BROADCOM Bluetooth-modullal k\u00e1bellel &#8211; BCM92045, amely kiz\u00e1r\u00f3lag a Siggmo-n\u00e1l kaphat\u00f3. Ez a kiv\u00e1l\u00f3 min\u0151s\u00e9g\u0171 Bluetooth modul megb\u00edzhat\u00f3 \u00e9s hat\u00e9kony vezet\u00e9k n\u00e9lk\u00fcli kapcsolatot biztos\u00edt laptopja sz\u00e1m\u00e1ra, megk\u00f6nny\u00edtve ezzel a k\u00fcl\u00f6nf\u00e9le eszk\u00f6z\u00f6kh\u00f6z val\u00f3 csatlakoz\u00e1st.<\/p>\n<p><strong>F\u0151bb jellemz\u0151k:<\/strong><\/p>\n<ul>\n<li><strong>Eredeti Lenovo alkatr\u00e9sz:<\/strong> Ez a Bluetooth-modul egy hiteles Lenovo 3000 N200 alkatr\u00e9sz, amely biztos\u00edtja a kompatibilit\u00e1st \u00e9s az optim\u00e1lis teljes\u00edtm\u00e9nyt.<\/li>\n<li><strong>BCM92045 lapkak\u00e9szlet:<\/strong> A BROADCOM BCM92045 lapkak\u00e9szlettel m\u0171k\u00f6d\u0151 modul fejlett Bluetooth-k\u00e9pess\u00e9geket biztos\u00edt laptopja sz\u00e1m\u00e1ra.<\/li>\n<li><strong>Z\u00f6kken\u0151mentes csatlakoz\u00e1s:<\/strong> \u00c9lvezze a z\u00f6kken\u0151mentes kapcsolatot kedvenc Bluetooth-kompatibilis eszk\u00f6zeivel, bele\u00e9rtve a hangsz\u00f3r\u00f3kat, fejhallgat\u00f3kat \u00e9s okostelefonokat.<\/li>\n<li><strong>Egyszer\u0171 telep\u00edt\u00e9s:<\/strong> A modulhoz egy k\u00e1bel tartozik az egyszer\u0171 telep\u00edt\u00e9s \u00e9rdek\u00e9ben. Ha seg\u00edts\u00e9gre van sz\u00fcks\u00e9ge, b\u00e1tran forduljon hozz\u00e1nk t\u00e1mogat\u00e1s\u00e9rt.<\/li>\n<li><strong>Sz\u00e1ll\u00edt\u00e1s az eg\u00e9sz vil\u00e1gon:<\/strong> Vil\u00e1gszerte k\u00edn\u00e1lunk sz\u00e1ll\u00edt\u00e1st, \u00edgy min\u0151s\u00e9gi laptop alkatr\u00e9szeket sz\u00e1ll\u00edtunk h\u00e1zhoz.<\/li>\n<\/ul>\n<p>Fokozza laptopja funkcionalit\u00e1s\u00e1t, \u00e9s maradjon k\u00f6nnyed\u00e9n kapcsolatban az Eredeti Lenovo 3000 N200 BCM92045 Bluetooth-modullal. Rendeljen most, \u00e9s tapasztalja meg a megb\u00edzhat\u00f3 vezet\u00e9k n\u00e9lk\u00fcli kapcsolatok k\u00e9nyelm\u00e9t.<\/p>\n<p>Megjegyz\u00e9s: A telep\u00edt\u00e9si utas\u00edt\u00e1sokat nem tartalmazza, de csapatunk k\u00e9szen \u00e1ll a seg\u00edts\u00e9g\u00e9re. Ha b\u00e1rmilyen k\u00e9rd\u00e9se van, vagy tov\u00e1bbi seg\u00edts\u00e9gre van sz\u00fcks\u00e9ge, k\u00e9rj\u00fck, forduljon hozz\u00e1nk bizalommal. A term\u00e9kfot\u00f3k val\u00f3diak, \u00e9s pontosan a kapott Bluetooth modult \u00e9s k\u00e1belt mutatj\u00e1k be<\/p>\n","protected":false},"excerpt":{"rendered":"<p>t\u00f6k\u00e9letes\u00edtse Lenovo 3000 N200 laptopj\u00e1t az eredeti BROADCOM Bluetooth modulunkkal. Ez a modul a k\u00e1bellel egy\u00fctt z\u00f6kken\u0151mentes csatlakoz\u00e1st biztos\u00edt az eszk\u00f6z sz\u00e1m\u00e1ra. Min\u0151s\u00e9g, amelyben megb\u00edzhat, kiz\u00e1r\u00f3lag a Siggm\u00f3n\u00e1l.<\/p>\n","protected":false},"featured_media":6839,"template":"","meta":[],"product_brand":[],"product_cat":[27],"product_tag":[26],"class_list":{"0":"post-6780","1":"product","2":"type-product","3":"status-publish","4":"has-post-thumbnail","6":"product_cat-motherboards-board-parts","7":"product_tag-lenovo","9":"first","10":"instock","11":"taxable","12":"shipping-taxable","13":"purchasable","14":"product-type-simple"},"_links":{"self":[{"href":"https:\/\/boreait.com\/hu\/wp-json\/wp\/v2\/product\/6780","targetHints":{"allow":["GET"]}}],"collection":[{"href":"https:\/\/boreait.com\/hu\/wp-json\/wp\/v2\/product"}],"about":[{"href":"https:\/\/boreait.com\/hu\/wp-json\/wp\/v2\/types\/product"}],"wp:featuredmedia":[{"embeddable":true,"href":"https:\/\/boreait.com\/hu\/wp-json\/wp\/v2\/media\/6839"}],"wp:attachment":[{"href":"https:\/\/boreait.com\/hu\/wp-json\/wp\/v2\/media?parent=6780"}],"wp:term":[{"taxonomy":"product_brand","embeddable":true,"href":"https:\/\/boreait.com\/hu\/wp-json\/wp\/v2\/product_brand?post=6780"},{"taxonomy":"product_cat","embeddable":true,"href":"https:\/\/boreait.com\/hu\/wp-json\/wp\/v2\/product_cat?post=6780"},{"taxonomy":"product_tag","embeddable":true,"href":"https:\/\/boreait.com\/hu\/wp-json\/wp\/v2\/product_tag?post=6780"}],"curies":[{"name":"wp","href":"https:\/\/api.w.org\/{rel}","templated":true}]}}