{"id":6774,"date":"2025-09-17T11:43:14","date_gmt":"2025-09-17T09:43:14","guid":{"rendered":"https:\/\/boreait.com\/hu\/?post_type=product&#038;p=6774"},"modified":"2026-01-19T14:40:37","modified_gmt":"2026-01-19T13:40:37","slug":"ccs094lpd0071-wi-fi-kartya-hp-pavilion-dv6000-laptophoz-eredeti-cserealkatresz","status":"publish","type":"product","link":"https:\/\/boreait.com\/hu\/termek\/ccs094lpd0071-wi-fi-kartya-hp-pavilion-dv6000-laptophoz-eredeti-cserealkatresz\/","title":{"rendered":"CCS094LPD0071 Wi-Fi k\u00e1rtya HP Pavilion DV6000 laptophoz, eredeti cserealkatr\u00e9sz"},"content":{"rendered":"<p>Friss\u00edtse HP Pavilion DV6000 laptopj\u00e1t a CCS094LPD0071 Wi-Fi k\u00e1rty\u00e1val, amely egy eredeti cserealkatr\u00e9sz, amelyet a vezet\u00e9k n\u00e9lk\u00fcli kapcsolat jav\u00edt\u00e1s\u00e1ra terveztek. Ez a Wi-Fi k\u00e1rtya kompatibilis a HP Pavilion DV6000 sorozattal, t\u00f6k\u00e9letes illeszked\u00e9st \u00e9s optim\u00e1lis teljes\u00edtm\u00e9nyt biztos\u00edtva.<\/p>\n<p><strong>F\u0151bb jellemz\u0151k:<\/strong><\/p>\n<ul>\n<li><strong>Kompatibilit\u00e1s:<\/strong> Kifejezetten HP Pavilion DV6000 laptopokhoz tervezve.<\/li>\n<li><strong>Megb\u00edzhat\u00f3 teljes\u00edtm\u00e9ny:<\/strong> \u00c9lvezze a z\u00f6kken\u0151mentes \u00e9s megb\u00edzhat\u00f3 vezet\u00e9k n\u00e9lk\u00fcli kapcsolatot.<\/li>\n<li><strong>Eredeti csere:<\/strong> B\u00edzzon a laptop e cserealkatr\u00e9sz\u00e9nek eredetis\u00e9g\u00e9ben.<\/li>\n<li><strong>Egyszer\u0171 telep\u00edt\u00e9s:<\/strong> Nincs sz\u00fcks\u00e9g bonyolult utas\u00edt\u00e1sokra; k\u00f6nnyed\u00e9n cser\u00e9lje ki a Wi-Fi-k\u00e1rty\u00e1t.<\/li>\n<\/ul>\n<p>Gondoskodjon arr\u00f3l, hogy laptopja kapcsolatban maradjon ezzel az alapvet\u0151 friss\u00edt\u00e9ssel. Ak\u00e1r streamel, ak\u00e1r dolgozik, vagy b\u00f6ng\u00e9szik, a CCS094LPD0071 Wi-Fi k\u00e1rtya megb\u00edzhat\u00f3 kapcsolatot biztos\u00edt. Ha b\u00e1rmilyen k\u00e9rd\u00e9se van, vagy tov\u00e1bbi seg\u00edts\u00e9gre van sz\u00fcks\u00e9ge, forduljon bizalommal.<\/p>\n","protected":false},"excerpt":{"rendered":"<p>Fokozza HP Pavilion DV6000 laptopja csatlakoztathat\u00f3s\u00e1g\u00e1t a CCS094LPD0071 Wi-Fi k\u00e1rty\u00e1val. Ez az eredeti cserealkatr\u00e9sz z\u00f6kken\u0151mentes vezet\u00e9k n\u00e9lk\u00fcli teljes\u00edtm\u00e9nyt biztos\u00edt, lehet\u0151v\u00e9 t\u00e9ve, hogy b\u00e1rhov\u00e1 is megy, kapcsolatban maradjon. B\u00edzzon laptopja min\u0151s\u00e9g\u00e9ben \u00e9s kompatibilit\u00e1s\u00e1ban ezzel az alapvet\u0151 Wi-Fi-friss\u00edt\u00e9ssel.<\/p>\n","protected":false},"featured_media":6829,"template":"","meta":[],"product_brand":[],"product_cat":[27],"product_tag":[25],"class_list":{"0":"post-6774","1":"product","2":"type-product","3":"status-publish","4":"has-post-thumbnail","6":"product_cat-motherboards-board-parts","7":"product_tag-hp","9":"first","10":"instock","11":"taxable","12":"shipping-taxable","13":"purchasable","14":"product-type-simple"},"_links":{"self":[{"href":"https:\/\/boreait.com\/hu\/wp-json\/wp\/v2\/product\/6774","targetHints":{"allow":["GET"]}}],"collection":[{"href":"https:\/\/boreait.com\/hu\/wp-json\/wp\/v2\/product"}],"about":[{"href":"https:\/\/boreait.com\/hu\/wp-json\/wp\/v2\/types\/product"}],"wp:featuredmedia":[{"embeddable":true,"href":"https:\/\/boreait.com\/hu\/wp-json\/wp\/v2\/media\/6829"}],"wp:attachment":[{"href":"https:\/\/boreait.com\/hu\/wp-json\/wp\/v2\/media?parent=6774"}],"wp:term":[{"taxonomy":"product_brand","embeddable":true,"href":"https:\/\/boreait.com\/hu\/wp-json\/wp\/v2\/product_brand?post=6774"},{"taxonomy":"product_cat","embeddable":true,"href":"https:\/\/boreait.com\/hu\/wp-json\/wp\/v2\/product_cat?post=6774"},{"taxonomy":"product_tag","embeddable":true,"href":"https:\/\/boreait.com\/hu\/wp-json\/wp\/v2\/product_tag?post=6774"}],"curies":[{"name":"wp","href":"https:\/\/api.w.org\/{rel}","templated":true}]}}