{"id":6772,"date":"2025-09-17T11:43:14","date_gmt":"2025-09-17T09:43:14","guid":{"rendered":"https:\/\/boreait.com\/hu\/?post_type=product&#038;p=6772"},"modified":"2026-01-19T14:39:41","modified_gmt":"2026-01-19T13:39:41","slug":"hp-compaq-6820s-56k-betarcsazos-modem-es-kabel-eredeti-oem-laptop-alkatreszek-gyors-szallitas","status":"publish","type":"product","link":"https:\/\/boreait.com\/hu\/termek\/hp-compaq-6820s-56k-betarcsazos-modem-es-kabel-eredeti-oem-laptop-alkatreszek-gyors-szallitas\/","title":{"rendered":"HP Compaq 6820s 56K bet\u00e1rcs\u00e1z\u00f3s modem \u00e9s k\u00e1bel \u2013 Eredeti OEM laptop-alkatr\u00e9szek \u2013 Gyors sz\u00e1ll\u00edt\u00e1s"},"content":{"rendered":"<p>B\u0151v\u00edtse HP Compaq 6820s laptopja csatlakoztathat\u00f3s\u00e1g\u00e1t az eredeti OEM 56K bet\u00e1rcs\u00e1z\u00f3s modem\u00fcnkkel &amp; K\u00e1bel. Ez az eredeti laptop alkatr\u00e9sz z\u00f6kken\u0151mentes \u00e9s megb\u00edzhat\u00f3 internetkapcsolatot biztos\u00edt, lehet\u0151v\u00e9 t\u00e9ve, hogy b\u00e1rhov\u00e1 is megy, kapcsolatban maradjon.<\/p>\n<p><strong>Kompatibilit\u00e1s:<\/strong><\/p>\n<ul>\n<li>Kifejezetten HP Compaq 6820s laptopokhoz tervezt\u00e9k.<\/li>\n<li>Eredeti OEM alkatr\u00e9sz (cikksz\u00e1m: 449139-001).<\/li>\n<\/ul>\n<p><strong>Tov\u00e1bbfejlesztett csatlakoztathat\u00f3s\u00e1g:<\/strong> N\u00f6velje laptopja b\u00f6ng\u00e9sz\u00e9si \u00e9lm\u00e9ny\u00e9t ezzel az 56K-os bet\u00e1rcs\u00e1z\u00f3s modemmel \u00e9s modemmel; K\u00e1bel. Ak\u00e1r munk\u00e1hoz, ak\u00e1r szabadid\u0151h\u00f6z van sz\u00fcks\u00e9ge megb\u00edzhat\u00f3 kapcsolatra, ez az eredeti alkatr\u00e9sz kiv\u00e1l\u00f3 min\u0151s\u00e9g\u0171 teljes\u00edtm\u00e9nyt garant\u00e1l.<\/p>\n<p><strong>Egyszer\u0171 telep\u00edt\u00e9s:<\/strong> Cserealkatr\u00e9szeinket az egyszer\u0171 telep\u00edt\u00e9sre tervezt\u00e9k. B\u00e1r nem adunk r\u00e9szletes utas\u00edt\u00e1sokat, nyugodtan \u00edrjon nek\u00fcnk, ha tov\u00e1bbi seg\u00edts\u00e9gre van sz\u00fcks\u00e9ge. Az\u00e9rt vagyunk itt, hogy seg\u00edts\u00fcnk!<\/p>\n<p><strong>Gyors sz\u00e1ll\u00edt\u00e1s:<\/strong> Tiszt\u00e1ban vagyunk vele, hogy s\u00fcrg\u0151sen vissza kell helyezni laptopj\u00e1t. Ez\u00e9rt k\u00edn\u00e1lunk gyors \u00e9s megb\u00edzhat\u00f3 sz\u00e1ll\u00edt\u00e1si szolg\u00e1ltat\u00e1sokat, biztos\u00edtva, hogy azonnal megkapja eredeti OEM laptop alkatr\u00e9sz\u00e9t.<\/p>\n<p><strong>Val\u00f3di fot\u00f3k, val\u00f3di alkatr\u00e9szek:<\/strong> Az ezen a list\u00e1n szerepl\u0151 fot\u00f3k a t\u00e9nyleges 56K-os bet\u00e1rcs\u00e1z\u00f3s modemet \u00e1br\u00e1zolj\u00e1k. K\u00e1bel, amit kapsz. Hisz\u00fcnk az \u00e1tl\u00e1that\u00f3s\u00e1gban, \u00e9s ezek a val\u00f3di k\u00e9pek mutatj\u00e1k be laptopjaink min\u0151s\u00e9g\u00e9t \u00e9s hiteless\u00e9g\u00e9t.<\/p>\n<p>Magabiztosan friss\u00edtheti HP Compaq 6820s k\u00e9sz\u00fcl\u00e9k\u00e9t. Rendelje meg eredeti 56K bet\u00e1rcs\u00e1z\u00f3s modemet &amp; K\u00e1belezze most, \u00e9s tapasztalja meg a m\u00e9g soha nem l\u00e1tott fejlettebb kapcsol\u00f3d\u00e1st. Maradjon kapcsolatban a Siggm\u00f3val \u2013 a min\u0151s\u00e9gi laptop-alkatr\u00e9szek megb\u00edzhat\u00f3 forr\u00e1sa.<\/p>\n","protected":false},"excerpt":{"rendered":"<p>N\u00f6velje HP Compaq 6820s laptopja csatlakoztathat\u00f3s\u00e1g\u00e1t az eredeti OEM 56K bet\u00e1rcs\u00e1z\u00f3s modem\u00fcnkkel &amp; K\u00e1bel. Fokozza b\u00f6ng\u00e9sz\u00e9si \u00e9lm\u00e9ny\u00e9t ezzel a kiv\u00e1l\u00f3 min\u0151s\u00e9g\u0171 cserealkatr\u00e9szsel. Gyors sz\u00e1ll\u00edt\u00e1s el\u00e9rhet\u0151.<\/p>\n","protected":false},"featured_media":6826,"template":"","meta":[],"product_brand":[],"product_cat":[27],"product_tag":[25],"class_list":{"0":"post-6772","1":"product","2":"type-product","3":"status-publish","4":"has-post-thumbnail","6":"product_cat-motherboards-board-parts","7":"product_tag-hp","9":"first","10":"instock","11":"taxable","12":"shipping-taxable","13":"purchasable","14":"product-type-simple"},"_links":{"self":[{"href":"https:\/\/boreait.com\/hu\/wp-json\/wp\/v2\/product\/6772","targetHints":{"allow":["GET"]}}],"collection":[{"href":"https:\/\/boreait.com\/hu\/wp-json\/wp\/v2\/product"}],"about":[{"href":"https:\/\/boreait.com\/hu\/wp-json\/wp\/v2\/types\/product"}],"wp:featuredmedia":[{"embeddable":true,"href":"https:\/\/boreait.com\/hu\/wp-json\/wp\/v2\/media\/6826"}],"wp:attachment":[{"href":"https:\/\/boreait.com\/hu\/wp-json\/wp\/v2\/media?parent=6772"}],"wp:term":[{"taxonomy":"product_brand","embeddable":true,"href":"https:\/\/boreait.com\/hu\/wp-json\/wp\/v2\/product_brand?post=6772"},{"taxonomy":"product_cat","embeddable":true,"href":"https:\/\/boreait.com\/hu\/wp-json\/wp\/v2\/product_cat?post=6772"},{"taxonomy":"product_tag","embeddable":true,"href":"https:\/\/boreait.com\/hu\/wp-json\/wp\/v2\/product_tag?post=6772"}],"curies":[{"name":"wp","href":"https:\/\/api.w.org\/{rel}","templated":true}]}}