{"id":674,"date":"2025-09-17T09:29:47","date_gmt":"2025-09-17T07:29:47","guid":{"rendered":"https:\/\/boreait.com\/hu\/?post_type=product&#038;p=674"},"modified":"2026-01-07T09:23:07","modified_gmt":"2026-01-07T08:23:07","slug":"webkamera-kameralap-dell-latitude-e5550-e5450-e3340-e7250-e7450-fhkk7-0fhkk7-keszulekhez","status":"publish","type":"product","link":"https:\/\/boreait.com\/hu\/termek\/webkamera-kameralap-dell-latitude-e5550-e5450-e3340-e7250-e7450-fhkk7-0fhkk7-keszulekhez\/","title":{"rendered":"Webkamera kameralap Dell Latitude E5550 E5450 E3340 E7250 E7450 FHKK7 0FHKK7 k\u00e9sz\u00fcl\u00e9khez"},"content":{"rendered":"<p>N\u00f6velje Dell Latitude E5550, E5450, E3340, E7250 vagy E7450 laptopja kommunik\u00e1ci\u00f3s k\u00e9pess\u00e9geit az FHKK7 (0FHKK7) webkamera-lappal. Ezt az eredeti Dell cserekamera k\u00e1rty\u00e1t kifejezetten ezekhez a laptopmodellekhez tervezt\u00e9k, biztos\u00edtva a kompatibilit\u00e1st \u00e9s a z\u00f6kken\u0151mentes integr\u00e1ci\u00f3t.<\/p>\n<p>A Webcam Camera Board FHKK7 lehet\u0151v\u00e9 teszi, hogy videokonferenci\u00e1kon, videocseveg\u00e9seken \u00e9s online tal\u00e1lkoz\u00f3kon vegyen r\u00e9szt koll\u00e9g\u00e1ival, bar\u00e1taival \u00e9s csal\u00e1dj\u00e1val. Tiszta \u00e9s kiv\u00e1l\u00f3 min\u0151s\u00e9g\u0171 k\u00e9peket k\u00e9sz\u00edt, \u00edgy \u00d6n kiv\u00e1l\u00f3 tisztas\u00e1ggal l\u00e1that\u00f3 \u00e9s hallhat\u00f3. A kameralap fot\u00f3k \u00e9s vide\u00f3k r\u00f6gz\u00edt\u00e9s\u00e9t is lehet\u0151v\u00e9 teszi, \u00edgy sokoldal\u00fa eszk\u00f6z a k\u00fcl\u00f6nf\u00e9le multim\u00e9di\u00e1s alkalmaz\u00e1sokhoz.<\/p>\n<p>Az FHKK7 webkamera-k\u00e1rtya telep\u00edt\u00e9se egyszer\u0171 folyamat. Gy\u0151z\u0151dj\u00f6n meg arr\u00f3l, hogy laptopja ki van kapcsolva, \u00e9s le van v\u00e1lasztva minden \u00e1ramforr\u00e1sr\u00f3l. Keresse meg a megfelel\u0151 ny\u00edl\u00e1st vagy csatlakoz\u00f3t a laptop kijelz\u0151panelj\u00e9n a kamerak\u00e1rtya sz\u00e1m\u00e1ra, \u00e9s \u00f3vatosan helyezze be, biztos\u00edtva a biztons\u00e1gos csatlakoz\u00e1st. Miut\u00e1n telep\u00edtette, \u00e9lvezheti a tov\u00e1bbfejlesztett videokommunik\u00e1ci\u00f3s \u00e9s multim\u00e9di\u00e1s k\u00e9pess\u00e9geket.<\/p>\n<p>Friss\u00edtse Dell Latitude E5550, E5450, E3340, E7250 vagy E7450 laptopj\u00e1t az eredeti FHKK7 (0FHKK7) webkamera-kameralappal. Maradjon kapcsolatban koll\u00e9g\u00e1ival, bar\u00e1taival \u00e9s csal\u00e1dj\u00e1val videokonferenci\u00e1k \u00e9s videocseveg\u00e9sek seg\u00edts\u00e9g\u00e9vel. K\u00e9sz\u00edtsen tiszta \u00e9s kiv\u00e1l\u00f3 min\u0151s\u00e9g\u0171 k\u00e9peket a kiv\u00e1l\u00f3 kommunik\u00e1ci\u00f3s \u00e9lm\u00e9ny \u00e9rdek\u00e9ben.<\/p>\n","protected":false},"excerpt":{"rendered":"<p>Friss\u00edtse Dell Latitude E5550, E5450, E3340, E7250 vagy E7450 laptopj\u00e1t az FHKK7 (0FHKK7) webkamera-kameralappal. Ez az eredeti Dell cserekamerak\u00e1rtya lehet\u0151v\u00e9 teszi, hogy videokonferenci\u00e1kon vegyen r\u00e9szt, f\u00e9nyk\u00e9peket \u00e9s vide\u00f3kat r\u00f6gz\u00edtsen tiszta \u00e9s kiv\u00e1l\u00f3 min\u0151s\u00e9g\u0171 k\u00e9p- \u00e9s videokimenettel. Maradjon kapcsolatban, \u00e9s fokozza kommunik\u00e1ci\u00f3s \u00e9lm\u00e9ny\u00e9t ezzel a megb\u00edzhat\u00f3 \u00e9s kompatibilis kamerak\u00e1rty\u00e1val.<\/p>\n","protected":false},"featured_media":732,"template":"","meta":[],"product_brand":[],"product_cat":[23],"product_tag":[17],"class_list":{"0":"post-674","1":"product","2":"type-product","3":"status-publish","4":"has-post-thumbnail","6":"product_cat-laptop-camera","7":"product_tag-dell","9":"first","10":"instock","11":"taxable","12":"shipping-taxable","13":"purchasable","14":"product-type-simple"},"_links":{"self":[{"href":"https:\/\/boreait.com\/hu\/wp-json\/wp\/v2\/product\/674","targetHints":{"allow":["GET"]}}],"collection":[{"href":"https:\/\/boreait.com\/hu\/wp-json\/wp\/v2\/product"}],"about":[{"href":"https:\/\/boreait.com\/hu\/wp-json\/wp\/v2\/types\/product"}],"wp:featuredmedia":[{"embeddable":true,"href":"https:\/\/boreait.com\/hu\/wp-json\/wp\/v2\/media\/732"}],"wp:attachment":[{"href":"https:\/\/boreait.com\/hu\/wp-json\/wp\/v2\/media?parent=674"}],"wp:term":[{"taxonomy":"product_brand","embeddable":true,"href":"https:\/\/boreait.com\/hu\/wp-json\/wp\/v2\/product_brand?post=674"},{"taxonomy":"product_cat","embeddable":true,"href":"https:\/\/boreait.com\/hu\/wp-json\/wp\/v2\/product_cat?post=674"},{"taxonomy":"product_tag","embeddable":true,"href":"https:\/\/boreait.com\/hu\/wp-json\/wp\/v2\/product_tag?post=674"}],"curies":[{"name":"wp","href":"https:\/\/api.w.org\/{rel}","templated":true}]}}