{"id":6736,"date":"2025-09-17T11:42:50","date_gmt":"2025-09-17T09:42:50","guid":{"rendered":"https:\/\/boreait.com\/hu\/?post_type=product&#038;p=6736"},"modified":"2026-01-19T11:24:13","modified_gmt":"2026-01-19T10:24:13","slug":"ibm-lenovo-intel-3945abg-vezetek-nelkuli-wlan-pcie-kartya-laptop-alkatreszek-gyors-szallitasa-az-egesz-vilagon","status":"publish","type":"product","link":"https:\/\/boreait.com\/hu\/termek\/ibm-lenovo-intel-3945abg-vezetek-nelkuli-wlan-pcie-kartya-laptop-alkatreszek-gyors-szallitasa-az-egesz-vilagon\/","title":{"rendered":"IBM Lenovo Intel 3945abg vezet\u00e9k n\u00e9lk\u00fcli WLAN PCIe k\u00e1rtya laptop alkatr\u00e9szek gyors sz\u00e1ll\u00edt\u00e1sa az eg\u00e9sz vil\u00e1gon"},"content":{"rendered":"<p>B\u0151v\u00edtse laptopja vezet\u00e9k n\u00e9lk\u00fcli kapcsolat\u00e1t az eredeti IBM Lenovo Intel 3945abg vezet\u00e9k n\u00e9lk\u00fcli WLAN PCIe k\u00e1rty\u00e1val. Az optim\u00e1lis teljes\u00edtm\u00e9nyre tervezett laptop r\u00e9sz megb\u00edzhat\u00f3 \u00e9s gyors internetkapcsolatot biztos\u00edt, lehet\u0151v\u00e9 t\u00e9ve, hogy produkt\u00edv \u00e9s kapcsolatban maradjon.<\/p>\n<p><strong>F\u0151bb jellemz\u0151k:<\/strong><\/p>\n<ul>\n<li><strong>Kompatibilit\u00e1s:<\/strong> Ez a vezet\u00e9k n\u00e9lk\u00fcli k\u00e1rtya kompatibilis a Lenovo k\u00fcl\u00f6nf\u00e9le laptopmodelljeivel, sokoldal\u00fas\u00e1got \u00e9s egyszer\u0171 integr\u00e1ci\u00f3t biztos\u00edtva.<\/li>\n<li><strong>Nagy teljes\u00edtm\u00e9ny:<\/strong> \u00c9lvezze a gyors \u00e9s stabil vezet\u00e9k n\u00e9lk\u00fcli kapcsolatot az Intel 3945abg lapkak\u00e9szlettel, amely z\u00f6kken\u0151mentes online \u00e9lm\u00e9nyt biztos\u00edt a munk\u00e1hoz vagy a szabadid\u0151h\u00f6z.<\/li>\n<li><strong>Egyszer\u0171 telep\u00edt\u00e9s:<\/strong> A k\u00e1rtya felhaszn\u00e1l\u00f3bar\u00e1t \u00e9s k\u00f6nnyen telep\u00edthet\u0151. Nincs sz\u00fcks\u00e9g bonyolult utas\u00edt\u00e1sokra \u2013 egyszer\u0171en cser\u00e9lje ki megl\u00e9v\u0151 k\u00e1rty\u00e1j\u00e1t, \u00e9s \u00e9lvezze a tov\u00e1bbfejlesztett vezet\u00e9k n\u00e9lk\u00fcli lehet\u0151s\u00e9geket.<\/li>\n<li><strong>Eredeti Lenovo alkatr\u00e9sz:<\/strong> Biztos lehet benne, hogy a term\u00e9k hiteles. Ez egy eredeti Lenovo alkatr\u00e9sz, amely garant\u00e1lja a min\u0151s\u00e9get \u00e9s a kompatibilit\u00e1st.<\/li>\n<\/ul>\n<p>Ak\u00e1r hib\u00e1s vezet\u00e9k n\u00e9lk\u00fcli k\u00e1rty\u00e1t cser\u00e9l, ak\u00e1r a jobb teljes\u00edtm\u00e9ny \u00e9rdek\u00e9ben friss\u00edt, az IBM Lenovo Intel 3945abg vezet\u00e9k n\u00e9lk\u00fcli WLAN PCIe k\u00e1rtya megb\u00edzhat\u00f3 v\u00e1laszt\u00e1s. Maradjon megszak\u00edt\u00e1s n\u00e9lk\u00fcl kapcsolatban, \u00e9s tapasztalja meg a tov\u00e1bbfejlesztett vezet\u00e9k n\u00e9lk\u00fcli technol\u00f3gia ny\u00fajtotta k\u00e9nyelmet.<\/p>\n<p><strong>Gyors kisz\u00e1ll\u00edt\u00e1s az eg\u00e9sz vil\u00e1gon:<\/strong> Tiszt\u00e1ban vagyunk vele, hogy s\u00fcrg\u0151sen vissza kell hozni laptopj\u00e1t a legjobb form\u00e1ba. Ez\u00e9rt k\u00edn\u00e1lunk gyors \u00e9s megb\u00edzhat\u00f3 sz\u00e1ll\u00edt\u00e1st vil\u00e1gszerte. Azonnal kapja meg IBM Lenovo Intel 3945abg vezet\u00e9k n\u00e9lk\u00fcli WLAN PCIe k\u00e1rty\u00e1j\u00e1t, \u00e9s ind\u00edtsa \u00fajra laptopj\u00e1t.<\/p>\n<p><strong>Megjegyz\u00e9s:<\/strong> Ez a lista val\u00f3di f\u00e9nyk\u00e9peket tartalmaz az IBM Lenovo Intel 3945abg vezet\u00e9k n\u00e9lk\u00fcli WLAN PCIe k\u00e1rty\u00e1r\u00f3l. Amit l\u00e1tsz, azt kapod. Ha b\u00e1rmilyen k\u00e9rd\u00e9se van, vagy seg\u00edts\u00e9gre van sz\u00fcks\u00e9ge a telep\u00edt\u00e9ssel kapcsolatban, \u00edrjon nek\u00fcnk \u00fczenetet. Nem adunk konkr\u00e9t cser\u00e9re vonatkoz\u00f3 utas\u00edt\u00e1sokat, de sz\u00edvesen seg\u00edt\u00fcnk, ha \u00fatmutat\u00e1sra van sz\u00fcks\u00e9ge. Friss\u00edtse laptopj\u00e1t m\u00e9g ma ezzel a kiv\u00e1l\u00f3 min\u0151s\u00e9g\u0171 vezet\u00e9k n\u00e9lk\u00fcli k\u00e1rty\u00e1val!<\/p>\n","protected":false},"excerpt":{"rendered":"<p>Fokozza laptopja vezet\u00e9k n\u00e9lk\u00fcli k\u00e9pess\u00e9geit az IBM Lenovo Intel 3945abg vezet\u00e9k n\u00e9lk\u00fcli WLAN PCIe k\u00e1rty\u00e1val. Megb\u00edzhat\u00f3 \u00e9s nagy teljes\u00edtm\u00e9ny\u0171, ez az eredeti laptop alkatr\u00e9sz z\u00f6kken\u0151mentes internet\u00e9lm\u00e9nyt biztos\u00edt. K\u00f6nnyen telep\u00edthet\u0151, kompatibilis a k\u00fcl\u00f6nb\u00f6z\u0151 Lenovo modellekkel. Gyors sz\u00e1ll\u00edt\u00e1s el\u00e9rhet\u0151. Friss\u00edtse laptopj\u00e1t m\u00e9g ma!<\/p>\n","protected":false},"featured_media":6791,"template":"","meta":[],"product_brand":[],"product_cat":[27],"product_tag":[26],"class_list":{"0":"post-6736","1":"product","2":"type-product","3":"status-publish","4":"has-post-thumbnail","6":"product_cat-motherboards-board-parts","7":"product_tag-lenovo","9":"first","10":"instock","11":"taxable","12":"shipping-taxable","13":"purchasable","14":"product-type-simple"},"_links":{"self":[{"href":"https:\/\/boreait.com\/hu\/wp-json\/wp\/v2\/product\/6736","targetHints":{"allow":["GET"]}}],"collection":[{"href":"https:\/\/boreait.com\/hu\/wp-json\/wp\/v2\/product"}],"about":[{"href":"https:\/\/boreait.com\/hu\/wp-json\/wp\/v2\/types\/product"}],"wp:featuredmedia":[{"embeddable":true,"href":"https:\/\/boreait.com\/hu\/wp-json\/wp\/v2\/media\/6791"}],"wp:attachment":[{"href":"https:\/\/boreait.com\/hu\/wp-json\/wp\/v2\/media?parent=6736"}],"wp:term":[{"taxonomy":"product_brand","embeddable":true,"href":"https:\/\/boreait.com\/hu\/wp-json\/wp\/v2\/product_brand?post=6736"},{"taxonomy":"product_cat","embeddable":true,"href":"https:\/\/boreait.com\/hu\/wp-json\/wp\/v2\/product_cat?post=6736"},{"taxonomy":"product_tag","embeddable":true,"href":"https:\/\/boreait.com\/hu\/wp-json\/wp\/v2\/product_tag?post=6736"}],"curies":[{"name":"wp","href":"https:\/\/api.w.org\/{rel}","templated":true}]}}