{"id":673,"date":"2025-09-17T09:29:47","date_gmt":"2025-09-17T07:29:47","guid":{"rendered":"https:\/\/boreait.com\/hu\/?post_type=product&#038;p=673"},"modified":"2025-09-17T09:31:09","modified_gmt":"2025-09-17T07:31:09","slug":"724294-3h0-webkamera-kamera-hp-elitebook-840-g1-g2-notebookokhoz","status":"publish","type":"product","link":"https:\/\/boreait.com\/hu\/termek\/724294-3h0-webkamera-kamera-hp-elitebook-840-g1-g2-notebookokhoz\/","title":{"rendered":"724294-3H0 webkamera kamera HP EliteBook 840 G1, G2 notebookokhoz"},"content":{"rendered":"<p>N\u00f6velje HP EliteBook 840 G1 vagy G2 notebookja kommunik\u00e1ci\u00f3s k\u00e9pess\u00e9geit a 724294-3H0 webkamer\u00e1val. Ezt az eredeti HP cserekamer\u00e1t kifejezetten az EliteBook 840 G1 \u00e9s G2 modellekhez tervezt\u00e9k, biztos\u00edtva a kompatibilit\u00e1st \u00e9s a z\u00f6kken\u0151mentes integr\u00e1ci\u00f3t.<\/p>\n<p>A 724294-3H0 webkamera lehet\u0151v\u00e9 teszi, hogy videokonferenci\u00e1kon, videocseveg\u00e9seken \u00e9s online tal\u00e1lkoz\u00f3kon vegyen r\u00e9szt koll\u00e9g\u00e1ival, bar\u00e1taival \u00e9s csal\u00e1dj\u00e1val. Tiszta \u00e9s \u00e9les k\u00e9peket k\u00e9sz\u00edt, \u00edgy \u00d6n tiszt\u00e1n l\u00e1that\u00f3 \u00e9s hallhat\u00f3. A f\u00e9nyk\u00e9pez\u0151g\u00e9ppel f\u00e9nyk\u00e9peket \u00e9s vide\u00f3kat is r\u00f6gz\u00edthet, \u00edgy sokoldal\u00fa eszk\u00f6z a k\u00fcl\u00f6nf\u00e9le multim\u00e9di\u00e1s alkalmaz\u00e1sokhoz.<\/p>\n<p>A 724294-3H0 webkamera telep\u00edt\u00e9se egyszer\u0171 folyamat. Gy\u0151z\u0151dj\u00f6n meg arr\u00f3l, hogy notebookja ki van kapcsolva, \u00e9s le van v\u00e1lasztva minden \u00e1ramforr\u00e1sr\u00f3l. Keresse meg a megfelel\u0151 ny\u00edl\u00e1st vagy csatlakoz\u00f3t a notebook kijelz\u0151panelj\u00e9n a f\u00e9nyk\u00e9pez\u0151g\u00e9p sz\u00e1m\u00e1ra, \u00e9s \u00f3vatosan helyezze be, biztos\u00edtva a biztons\u00e1gos csatlakoz\u00e1st. Miut\u00e1n telep\u00edtette, \u00e9lvezheti a tov\u00e1bbfejlesztett videokommunik\u00e1ci\u00f3s \u00e9s multim\u00e9di\u00e1s k\u00e9pess\u00e9geket.<\/p>\n<p>Friss\u00edtse HP EliteBook 840 G1 vagy G2 notebookj\u00e1t az eredeti 724294-3H0 webkamera kamer\u00e1val. Maradjon kapcsolatban koll\u00e9g\u00e1ival, bar\u00e1taival \u00e9s csal\u00e1dj\u00e1val videokonferenci\u00e1k \u00e9s videocseveg\u00e9sek seg\u00edts\u00e9g\u00e9vel. K\u00e9sz\u00edtsen tiszta \u00e9s kiv\u00e1l\u00f3 min\u0151s\u00e9g\u0171 k\u00e9peket a kiv\u00e1l\u00f3 kommunik\u00e1ci\u00f3s \u00e9lm\u00e9ny \u00e9rdek\u00e9ben.<\/p>\n","protected":false},"excerpt":{"rendered":"<p>Friss\u00edtse HP EliteBook 840 G1 vagy G2 notebookj\u00e1t a 724294-3H0 webkamer\u00e1val. Ezzel az eredeti HP cserekamer\u00e1val videokonferenci\u00e1kon vehet r\u00e9szt, f\u00e9nyk\u00e9peket \u00e9s vide\u00f3kat r\u00f6gz\u00edthet tiszta \u00e9s \u00e9les k\u00e9pmin\u0151s\u00e9ggel. Maradjon kapcsolatban, \u00e9s fokozza kommunik\u00e1ci\u00f3s \u00e9lm\u00e9ny\u00e9t ezzel a kiv\u00e1l\u00f3 min\u0151s\u00e9g\u0171 webkamer\u00e1val.<\/p>\n","protected":false},"featured_media":731,"template":"","meta":[],"product_brand":[],"product_cat":[23],"product_tag":[25],"class_list":{"0":"post-673","1":"product","2":"type-product","3":"status-publish","4":"has-post-thumbnail","6":"product_cat-laptop-camera","7":"product_tag-hp","9":"first","10":"instock","11":"taxable","12":"shipping-taxable","13":"purchasable","14":"product-type-simple"},"_links":{"self":[{"href":"https:\/\/boreait.com\/hu\/wp-json\/wp\/v2\/product\/673","targetHints":{"allow":["GET"]}}],"collection":[{"href":"https:\/\/boreait.com\/hu\/wp-json\/wp\/v2\/product"}],"about":[{"href":"https:\/\/boreait.com\/hu\/wp-json\/wp\/v2\/types\/product"}],"wp:featuredmedia":[{"embeddable":true,"href":"https:\/\/boreait.com\/hu\/wp-json\/wp\/v2\/media\/731"}],"wp:attachment":[{"href":"https:\/\/boreait.com\/hu\/wp-json\/wp\/v2\/media?parent=673"}],"wp:term":[{"taxonomy":"product_brand","embeddable":true,"href":"https:\/\/boreait.com\/hu\/wp-json\/wp\/v2\/product_brand?post=673"},{"taxonomy":"product_cat","embeddable":true,"href":"https:\/\/boreait.com\/hu\/wp-json\/wp\/v2\/product_cat?post=673"},{"taxonomy":"product_tag","embeddable":true,"href":"https:\/\/boreait.com\/hu\/wp-json\/wp\/v2\/product_tag?post=673"}],"curies":[{"name":"wp","href":"https:\/\/api.w.org\/{rel}","templated":true}]}}