{"id":6714,"date":"2025-09-17T11:42:28","date_gmt":"2025-09-17T09:42:28","guid":{"rendered":"https:\/\/boreait.com\/hu\/?post_type=product&#038;p=6714"},"modified":"2026-01-19T11:09:52","modified_gmt":"2026-01-19T10:09:52","slug":"eredeti-lenovo-3000-n200-type-0769-laptop-bal-es-jobb-zsanerkeszlet-amzhw00200-amzhw00100","status":"publish","type":"product","link":"https:\/\/boreait.com\/hu\/termek\/eredeti-lenovo-3000-n200-type-0769-laptop-bal-es-jobb-zsanerkeszlet-amzhw00200-amzhw00100\/","title":{"rendered":"Eredeti Lenovo 3000 N200 Type 0769 laptop bal \u00e9s jobb zsan\u00e9rk\u00e9szlet AMZHW00200, AMZHW00100"},"content":{"rendered":"<p>N\u00f6velje Lenovo 3000 N200 Type 0769 laptopja tart\u00f3ss\u00e1g\u00e1t \u00e9s funkcionalit\u00e1s\u00e1t az Eredeti Bal \u00e9s amp; Jobb zsan\u00e9rk\u00e9szlet (AMZHW00200, AMZHW00100). A Lenovo magas k\u00f6vetelm\u00e9nyeinek megfelel\u0151en kialak\u00edtott zsan\u00e9rokat \u00fagy tervezt\u00e9k, hogy z\u00f6kken\u0151mentesen illeszkedjenek, optim\u00e1lis teljes\u00edtm\u00e9nyt \u00e9s hossz\u00fa \u00e9lettartamot biztos\u00edtva a laptop k\u00e9perny\u0151j\u00e9nek.<\/p>\n<p><strong>A term\u00e9k jellemz\u0151i:<\/strong><\/p>\n<ul>\n<li><strong>Kompatibilit\u00e1s:<\/strong> Kifejezetten Lenovo 3000 N200 Type 0769 laptopokhoz tervezve.<\/li>\n<li><strong>Eredeti alkatr\u00e9szek:<\/strong> Autentikus AMZHW00200 \u00e9s AMZHW00100 zsan\u00e9rok a t\u00f6k\u00e9letes illeszked\u00e9s\u00e9rt.<\/li>\n<li><strong>Egyenletes funkcionalit\u00e1s:<\/strong> A laptop k\u00e9perny\u0151j\u00e9nek z\u00f6kken\u0151mentes nyit\u00e1sa \u00e9s z\u00e1r\u00e1sa.<\/li>\n<li><strong>K\u00f6nny\u0171 csere:<\/strong> K\u00f6nnyed\u00e9n cser\u00e9lje ki az elhaszn\u00e1l\u00f3dott vagy s\u00e9r\u00fclt zsan\u00e9rokat. Nincsenek professzion\u00e1lis telep\u00edt\u00e9si utas\u00edt\u00e1sok, de seg\u00edts\u00e9g\u00e9rt forduljon hozz\u00e1nk bizalommal.<\/li>\n<li><strong>Sz\u00e1ll\u00edt\u00e1s az eg\u00e9sz vil\u00e1gon:<\/strong> Gyors \u00e9s megb\u00edzhat\u00f3 sz\u00e1ll\u00edt\u00e1st k\u00edn\u00e1lunk az eg\u00e9sz vil\u00e1gon, \u00edgy b\u00e1rhol is van, \u00fajra \u00fczembe helyezheti laptopj\u00e1t.<\/li>\n<\/ul>\n<p><strong>Val\u00f3di fot\u00f3k, val\u00f3di alkatr\u00e9szek:<\/strong> A list\u00e1ban szerepl\u0151 k\u00e9pek val\u00f3di fot\u00f3k a kapott zsan\u00e9rokr\u00f3l. Hisz\u00fcnk az \u00e1tl\u00e1that\u00f3s\u00e1gban, \u00e9s amit l\u00e1tsz, azt kapod. Biztos lehet benne, hogy kiv\u00e1l\u00f3 min\u0151s\u00e9g\u0171, hiteles Lenovo alkatr\u00e9szeket kap.<\/p>\n<p>Fekessen be laptopja hossz\u00fa \u00e9lettartam\u00e1ba \u00e9s megb\u00edzhat\u00f3s\u00e1g\u00e1ba. Friss\u00edtse vagy cser\u00e9lje ki zsan\u00e9rjait m\u00e9g ma az Eredeti Lenovo 3000 N200 Type 0769 Bal &amp; Jobb csukl\u00f3szett. Ha b\u00e1rmilyen k\u00e9rd\u00e9se van, vagy tov\u00e1bbi seg\u00edts\u00e9gre van sz\u00fcks\u00e9ge, forduljon bizalommal. Az \u00d6n el\u00e9gedetts\u00e9ge sz\u00e1munkra a legfontosabb.<\/p>\n<p><em>Megjegyz\u00e9s: Ez a lista nem tartalmazza a cser\u00e9re vonatkoz\u00f3 utas\u00edt\u00e1sokat. Ha seg\u00edts\u00e9gre van sz\u00fcks\u00e9ge, k\u00e9rj\u00fck, \u00edrjon nek\u00fcnk, \u00e9s mi sz\u00edvesen seg\u00edt\u00fcnk.<\/em><\/p>\n","protected":false},"excerpt":{"rendered":"<p>Friss\u00edtse vagy cser\u00e9lje ki Lenovo 3000 N200 Type 0769 laptopja zsan\u00e9rjait ezzel az eredeti bal \u00e9s amp; Jobb zsan\u00e9rk\u00e9szlet (AMZHW00200, AMZHW00100). Biztos\u00edtsa laptopja k\u00e9perny\u0151j\u00e9nek z\u00f6kken\u0151mentes m\u0171k\u00f6d\u00e9s\u00e9t \u00e9s hossz\u00fa \u00e9lettartam\u00e1t. A val\u00f3di f\u00e9nyk\u00e9pek pontosan azokat a r\u00e9szeket \u00e1br\u00e1zolj\u00e1k, amelyeket megkapsz. Vil\u00e1gszerte el\u00e9rhet\u0151 sz\u00e1ll\u00edt\u00e1s.<\/p>\n","protected":false},"featured_media":6784,"template":"","meta":[],"product_brand":[],"product_cat":[19],"product_tag":[26],"class_list":{"0":"post-6714","1":"product","2":"type-product","3":"status-publish","4":"has-post-thumbnail","6":"product_cat-screen-hinge","7":"product_tag-lenovo","9":"first","10":"instock","11":"taxable","12":"shipping-taxable","13":"purchasable","14":"product-type-simple"},"_links":{"self":[{"href":"https:\/\/boreait.com\/hu\/wp-json\/wp\/v2\/product\/6714","targetHints":{"allow":["GET"]}}],"collection":[{"href":"https:\/\/boreait.com\/hu\/wp-json\/wp\/v2\/product"}],"about":[{"href":"https:\/\/boreait.com\/hu\/wp-json\/wp\/v2\/types\/product"}],"wp:featuredmedia":[{"embeddable":true,"href":"https:\/\/boreait.com\/hu\/wp-json\/wp\/v2\/media\/6784"}],"wp:attachment":[{"href":"https:\/\/boreait.com\/hu\/wp-json\/wp\/v2\/media?parent=6714"}],"wp:term":[{"taxonomy":"product_brand","embeddable":true,"href":"https:\/\/boreait.com\/hu\/wp-json\/wp\/v2\/product_brand?post=6714"},{"taxonomy":"product_cat","embeddable":true,"href":"https:\/\/boreait.com\/hu\/wp-json\/wp\/v2\/product_cat?post=6714"},{"taxonomy":"product_tag","embeddable":true,"href":"https:\/\/boreait.com\/hu\/wp-json\/wp\/v2\/product_tag?post=6714"}],"curies":[{"name":"wp","href":"https:\/\/api.w.org\/{rel}","templated":true}]}}