{"id":6712,"date":"2025-09-17T11:42:28","date_gmt":"2025-09-17T09:42:28","guid":{"rendered":"https:\/\/boreait.com\/hu\/?post_type=product&#038;p=6712"},"modified":"2025-09-17T11:43:10","modified_gmt":"2025-09-17T09:43:10","slug":"sa-sl-cr-elrendezesu-billentyuzet-lenovo-ideapad-3000-y330-y430-f41-n200-n100-42t3394-42t3426-hoz","status":"publish","type":"product","link":"https:\/\/boreait.com\/hu\/termek\/sa-sl-cr-elrendezesu-billentyuzet-lenovo-ideapad-3000-y330-y430-f41-n200-n100-42t3394-42t3426-hoz\/","title":{"rendered":"SA SL CR elrendez\u00e9s\u0171 billenty\u0171zet Lenovo IdeaPad 3000 Y330 Y430 F41 N200 N100 42T3394 42T3426-hoz"},"content":{"rendered":"<p>N\u00f6velje Lenovo IdeaPad teljes\u00edtm\u00e9ny\u00e9t pr\u00e9mium SA SL CR Layout billenty\u0171zet\u00fcnkkel, amelyet kifejezetten az Y330, Y430, F41, N200 \u00e9s N100 modellekhez terveztek. A tart\u00f3ss\u00e1gra \u00e9s pontoss\u00e1gra kialak\u00edtott billenty\u0171zet (cikksz\u00e1mok 42T3394 42T3426) z\u00f6kken\u0151mentes g\u00e9pel\u00e9si \u00e9lm\u00e9nyt biztos\u00edt.<\/p>\n<p><strong>F\u0151bb jellemz\u0151k:<\/strong><\/p>\n<ul>\n<li><strong>Kompatibilit\u00e1s:<\/strong> A Lenovo IdeaPad 3000 sorozathoz tervezt\u00e9k, bele\u00e9rtve az Y330, Y430, F41, N200 \u00e9s N100 modelleket.<\/li>\n<li><strong>Elrendez\u00e9s:<\/strong> SA SL CR (szerb, szlov\u00e9n, horv\u00e1t) elrendez\u00e9s a hat\u00e9kony \u00e9s k\u00e9nyelmes g\u00e9pel\u00e9s \u00e9rdek\u00e9ben. M\u00e1s elrendez\u00e9sekkel\/nyelvekkel is kompatibilis.<\/li>\n<li><strong>Eredeti csere:<\/strong> Az optim\u00e1lis teljes\u00edtm\u00e9ny \u00e9rdek\u00e9ben cser\u00e9lje ki elhaszn\u00e1l\u00f3dott vagy hib\u00e1s billenty\u0171zet\u00e9t erre az eredeti alkatr\u00e9szre.<\/li>\n<li><strong>Egyszer\u0171 telep\u00edt\u00e9s:<\/strong> K\u00f6nnyen cser\u00e9lje ki r\u00e9gi billenty\u0171zet\u00e9t. Nincs sz\u00fcks\u00e9g bonyolult utas\u00edt\u00e1sokra \u2013 t\u00f6k\u00e9letesen illeszkedik a bark\u00e1csol\u00e1s szerelmeseinek.<\/li>\n<li><strong>Sz\u00e1ll\u00edt\u00e1s az eg\u00e9sz vil\u00e1gon:<\/strong> Gyors \u00e9s megb\u00edzhat\u00f3 sz\u00e1ll\u00edt\u00e1si lehet\u0151s\u00e9geket k\u00edn\u00e1lunk, biztos\u00edtva, hogy b\u00e1rhol megkapja a cserebillenty\u0171zetet.<\/li>\n<\/ul>\n<p><strong>Megjegyz\u00e9s:<\/strong> Val\u00f3di fot\u00f3kat biztos\u00edtunk a billenty\u0171zetr\u0151l, amelyet megkap, \u00e1tl\u00e1tsz\u00f3 k\u00e9pet adva a term\u00e9kr\u0151l. Ha b\u00e1rmilyen k\u00e9rd\u00e9se van, vagy seg\u00edts\u00e9gre van sz\u00fcks\u00e9ge a telep\u00edt\u00e9ssel kapcsolatban, \u00edrjon nek\u00fcnk \u00fczenetet. Friss\u00edtse Lenovo IdeaPadj\u00e9t m\u00e9g ma a cs\u00facsmin\u0151s\u00e9g\u0171 SA SL CR Layout billenty\u0171zet\u00fcnkkel \u2013 a funkcionalit\u00e1s \u00e9s a min\u0151s\u00e9g t\u00f6k\u00e9letes kever\u00e9ke.<\/p>\n","protected":false},"excerpt":{"rendered":"<p>Friss\u00edtse Lenovo IdeaPadj\u00e9t ezzel a kiv\u00e1l\u00f3 min\u0151s\u00e9g\u0171 SA SL CR Layout billenty\u0171zettel. K\u00fcl\u00f6nf\u00e9le modellekkel kompatibilis, bele\u00e9rtve az Y330, Y430, F41, N200 \u00e9s N100 t\u00edpusokat. Jav\u00edtsa a g\u00e9pel\u00e9si \u00e9lm\u00e9nyt, \u00e9s cser\u00e9lje ki r\u00e9gi vagy hib\u00e1san m\u0171k\u00f6d\u0151 billenty\u0171zet\u00e9t erre az eredeti alkatr\u00e9szre (42T3394 42T3426).<\/p>\n","protected":false},"featured_media":6765,"template":"","meta":[],"product_brand":[],"product_cat":[35],"product_tag":[26],"class_list":{"0":"post-6712","1":"product","2":"type-product","3":"status-publish","4":"has-post-thumbnail","6":"product_cat-laptop-keyboard","7":"product_tag-lenovo","9":"first","10":"instock","11":"taxable","12":"shipping-taxable","13":"purchasable","14":"product-type-simple"},"_links":{"self":[{"href":"https:\/\/boreait.com\/hu\/wp-json\/wp\/v2\/product\/6712","targetHints":{"allow":["GET"]}}],"collection":[{"href":"https:\/\/boreait.com\/hu\/wp-json\/wp\/v2\/product"}],"about":[{"href":"https:\/\/boreait.com\/hu\/wp-json\/wp\/v2\/types\/product"}],"wp:featuredmedia":[{"embeddable":true,"href":"https:\/\/boreait.com\/hu\/wp-json\/wp\/v2\/media\/6765"}],"wp:attachment":[{"href":"https:\/\/boreait.com\/hu\/wp-json\/wp\/v2\/media?parent=6712"}],"wp:term":[{"taxonomy":"product_brand","embeddable":true,"href":"https:\/\/boreait.com\/hu\/wp-json\/wp\/v2\/product_brand?post=6712"},{"taxonomy":"product_cat","embeddable":true,"href":"https:\/\/boreait.com\/hu\/wp-json\/wp\/v2\/product_cat?post=6712"},{"taxonomy":"product_tag","embeddable":true,"href":"https:\/\/boreait.com\/hu\/wp-json\/wp\/v2\/product_tag?post=6712"}],"curies":[{"name":"wp","href":"https:\/\/api.w.org\/{rel}","templated":true}]}}