{"id":6709,"date":"2025-09-17T11:42:27","date_gmt":"2025-09-17T09:42:27","guid":{"rendered":"https:\/\/boreait.com\/hu\/?post_type=product&#038;p=6709"},"modified":"2025-09-17T11:43:01","modified_gmt":"2025-09-17T09:43:01","slug":"eredeti-hp-dvd-meghajto-700577-1c3-uj8fba-laptop-alkatresz-csere-vilagszerte","status":"publish","type":"product","link":"https:\/\/boreait.com\/hu\/termek\/eredeti-hp-dvd-meghajto-700577-1c3-uj8fba-laptop-alkatresz-csere-vilagszerte\/","title":{"rendered":"Eredeti HP DVD-meghajt\u00f3 700577-1C3 UJ8FBA laptop alkatr\u00e9sz csere vil\u00e1gszerte"},"content":{"rendered":"<p>Friss\u00edtse laptopj\u00e1t az Eredeti HP DVD-meghajt\u00f3val 700577-1C3 UJ8FBA, amely egy pr\u00e9mium cserealkatr\u00e9sz, amelyet \u00fagy terveztek, hogy z\u00f6kken\u0151mentesen kompatibilis legyen HP laptopj\u00e1val. Ez a DVD-meghajt\u00f3 egy eredeti term\u00e9k, amely biztos\u00edtja a hiteless\u00e9get \u00e9s a kiv\u00e1l\u00f3 teljes\u00edtm\u00e9nyt. Ak\u00e1r hib\u00e1s meghajt\u00f3t cser\u00e9l, ak\u00e1r rendszer\u00e9t friss\u00edti, ez a HP DVD-meghajt\u00f3 a t\u00f6k\u00e9letes v\u00e1laszt\u00e1s.<\/p>\n<p>F\u0151bb jellemz\u0151k:<\/p>\n<ul>\n<li>Eredeti HP cserealkatr\u00e9sz (700577-1C3 UJ8FBA).<\/li>\n<li>A HP laptopok sz\u00e9les v\u00e1laszt\u00e9k\u00e1val kompatibilis.<\/li>\n<li>Megb\u00edzhat\u00f3 \u00e9s kiv\u00e1l\u00f3 min\u0151s\u00e9g\u0171 DVD-meghajt\u00f3 az optim\u00e1lis teljes\u00edtm\u00e9ny \u00e9rdek\u00e9ben.<\/li>\n<li>Az eg\u00e9sz vil\u00e1gra el\u00e9rhet\u0151 sz\u00e1ll\u00edt\u00e1s az \u00d6n k\u00e9nyelme \u00e9rdek\u00e9ben.<\/li>\n<\/ul>\n<p>Megjegyz\u00e9s: Ez az adatlap val\u00f3di fot\u00f3kat tartalmaz a term\u00e9kr\u0151l, \u00edgy pontosan l\u00e1thatja, hogy mit fog kapni. Nem adunk konkr\u00e9t utas\u00edt\u00e1sokat az alkatr\u00e9szcser\u00e9vel kapcsolatban, de ha seg\u00edts\u00e9gre van sz\u00fcks\u00e9ge vagy k\u00e9rd\u00e9se van, nyugodtan \u00edrjon nek\u00fcnk. B\u00e1tran friss\u00edtse laptopj\u00e1t \u2013 rendelje meg az Eredeti HP DVD-meghajt\u00f3t m\u00e9g ma!<\/p>\n","protected":false},"excerpt":{"rendered":"<p>Fokozza laptopja k\u00e9pess\u00e9geit az Eredeti HP DVD-meghajt\u00f3 700577-1C3 UJ8FBA seg\u00edts\u00e9g\u00e9vel. Ez a kiv\u00e1l\u00f3 min\u0151s\u00e9g\u0171 DVD-meghajt\u00f3 egy eredeti cserealkatr\u00e9sz, amely biztos\u00edtja a kompatibilit\u00e1st \u00e9s az optim\u00e1lis teljes\u00edtm\u00e9nyt. Vil\u00e1gszerte el\u00e9rhet\u0151 sz\u00e1ll\u00edt\u00e1s. Friss\u00edtse laptopj\u00e1t m\u00e9g ma!<\/p>\n","protected":false},"featured_media":6760,"template":"","meta":[],"product_brand":[],"product_cat":[27],"product_tag":[25],"class_list":{"0":"post-6709","1":"product","2":"type-product","3":"status-publish","4":"has-post-thumbnail","6":"product_cat-motherboards-board-parts","7":"product_tag-hp","9":"first","10":"instock","11":"taxable","12":"shipping-taxable","13":"purchasable","14":"product-type-simple"},"_links":{"self":[{"href":"https:\/\/boreait.com\/hu\/wp-json\/wp\/v2\/product\/6709","targetHints":{"allow":["GET"]}}],"collection":[{"href":"https:\/\/boreait.com\/hu\/wp-json\/wp\/v2\/product"}],"about":[{"href":"https:\/\/boreait.com\/hu\/wp-json\/wp\/v2\/types\/product"}],"wp:featuredmedia":[{"embeddable":true,"href":"https:\/\/boreait.com\/hu\/wp-json\/wp\/v2\/media\/6760"}],"wp:attachment":[{"href":"https:\/\/boreait.com\/hu\/wp-json\/wp\/v2\/media?parent=6709"}],"wp:term":[{"taxonomy":"product_brand","embeddable":true,"href":"https:\/\/boreait.com\/hu\/wp-json\/wp\/v2\/product_brand?post=6709"},{"taxonomy":"product_cat","embeddable":true,"href":"https:\/\/boreait.com\/hu\/wp-json\/wp\/v2\/product_cat?post=6709"},{"taxonomy":"product_tag","embeddable":true,"href":"https:\/\/boreait.com\/hu\/wp-json\/wp\/v2\/product_tag?post=6709"}],"curies":[{"name":"wp","href":"https:\/\/api.w.org\/{rel}","templated":true}]}}