{"id":6707,"date":"2025-09-17T11:42:27","date_gmt":"2025-09-17T09:42:27","guid":{"rendered":"https:\/\/boreait.com\/hu\/?post_type=product&#038;p=6707"},"modified":"2025-09-17T11:42:59","modified_gmt":"2025-09-17T09:42:59","slug":"eredeti-medion-akoya-p6685-p6687-usb-kartya-69n10ad22a01-laptop-alkatreszek","status":"publish","type":"product","link":"https:\/\/boreait.com\/hu\/termek\/eredeti-medion-akoya-p6685-p6687-usb-kartya-69n10ad22a01-laptop-alkatreszek\/","title":{"rendered":"Eredeti MEDION Akoya P6685 | P6687 USB k\u00e1rtya 69N10AD22A01 &#8211; Laptop alkatr\u00e9szek"},"content":{"rendered":"<p>Fokozza MEDION Akoya P6685 vagy P6687 laptopja funkcionalit\u00e1s\u00e1t ezzel az Eredeti USB-k\u00e1rty\u00e1val (cikksz\u00e1m: 69N10AD22A01). A k\u00f6zvetlen\u00fcl a gy\u00e1rt\u00f3t\u00f3l sz\u00e1rmaz\u00f3 USB-k\u00e1rtya optim\u00e1lis teljes\u00edtm\u00e9nyt \u00e9s kompatibilit\u00e1st biztos\u00edt.<\/p>\n<p><strong>Kompatibilit\u00e1s:<\/strong><\/p>\n<ul>\n<li>Kompatibilis a MEDION Akoya P6685 | P6687 laptopok.<\/li>\n<\/ul>\n<p><strong>Min\u0151s\u00e9gbiztos\u00edt\u00e1s:<\/strong> USB-k\u00e1rty\u00e1nk egy eredeti MEDION cserealkatr\u00e9sz, amely garant\u00e1lja a megb\u00edzhat\u00f3s\u00e1got \u00e9s a laptopj\u00e1val val\u00f3 kompatibilit\u00e1st. A Siggmon\u00e1l a min\u0151s\u00e9get helyezz\u00fck el\u0151t\u00e9rbe, hogy a lehet\u0151 legjobb \u00e9lm\u00e9nyt ny\u00fajthassuk.<\/p>\n<p><strong>Egyszer\u0171 telep\u00edt\u00e9s:<\/strong> gond n\u00e9lk\u00fcl friss\u00edtse laptopj\u00e1t. Ezt az USB-k\u00e1rty\u00e1t az egyszer\u0171 telep\u00edt\u00e9sre tervezt\u00e9k, \u00e9s b\u00e1r nem adunk l\u00e9p\u00e9sr\u0151l l\u00e9p\u00e9sre utas\u00edt\u00e1sokat, forduljon bizalommal, ha seg\u00edts\u00e9gre van sz\u00fcks\u00e9ge.<\/p>\n<p><strong>Sz\u00e1ll\u00edt\u00e1si inform\u00e1ci\u00f3k:<\/strong> Gyors \u00e9s megb\u00edzhat\u00f3 sz\u00e1ll\u00edt\u00e1st k\u00edn\u00e1lunk \u00fcgyfeleink sz\u00e1m\u00e1ra Eur\u00f3p\u00e1ban \u00e9s vil\u00e1gszerte. Biztos lehet benne, hogy a fot\u00f3kon l\u00e1that\u00f3 term\u00e9ket pontosan megkapja. List\u00e1nk val\u00f3di f\u00e9nyk\u00e9peket tartalmaz az alkatr\u00e9szekr\u0151l, hogy vil\u00e1gosan meg\u00e9rtse a term\u00e9ket.<\/p>\n<p><strong>Mi\u00e9rt v\u00e1lassza a Siggmo-t?<\/strong> A Siggmo az \u00d6n megb\u00edzhat\u00f3 forr\u00e1sa a laptop alkatr\u00e9szekhez. A min\u0151s\u00e9gre \u00e9s a v\u00e1s\u00e1rl\u00f3i el\u00e9gedetts\u00e9gre f\u00f3kusz\u00e1lva arra t\u00f6reksz\u00fcnk, hogy autentikus alkatr\u00e9szeket biztos\u00edtsunk k\u00fcl\u00f6nb\u00f6z\u0151 laptopmodellekhez. Ha b\u00e1rmilyen k\u00e9rd\u00e9se van, vagy seg\u00edts\u00e9gre van sz\u00fcks\u00e9ge, nyugodtan \u00edrjon nek\u00fcnk.<\/p>\n<p>Magabiztosan friss\u00edtse MEDION laptopj\u00e1t. Rendelje meg Eredeti MEDION Akoya P6685 | P6687 USB k\u00e1rtya (69N10AD22A01) a Siggmo-t\u00f3l ma. Az \u00d6n el\u00e9gedetts\u00e9ge sz\u00e1munkra a legfontosabb.<\/p>\n","protected":false},"excerpt":{"rendered":"<p><strong>Friss\u00edtse MEDION Akoya P6685 vagy P6687 k\u00e9sz\u00fcl\u00e9k\u00e9t ezzel az Eredeti USB-k\u00e1rty\u00e1val (cikksz\u00e1m: 69N10AD22A01). Gondoskodjon a z\u00f6kken\u0151mentes kapcsolatr\u00f3l az eredeti cserealkatr\u00e9szekkel. Gyors \u00e9s megb\u00edzhat\u00f3 sz\u00e1ll\u00edt\u00e1s Eur\u00f3p\u00e1ba \u00e9s vil\u00e1gszerte. B\u00edzzon a Siggm\u00f3ban a min\u0151s\u00e9gi laptop alkatr\u00e9szek\u00e9rt.<\/strong><\/p>\n","protected":false},"featured_media":6758,"template":"","meta":[],"product_brand":[],"product_cat":[27],"product_tag":[70],"class_list":{"0":"post-6707","1":"product","2":"type-product","3":"status-publish","4":"has-post-thumbnail","6":"product_cat-motherboards-board-parts","7":"product_tag-medion","9":"first","10":"instock","11":"taxable","12":"shipping-taxable","13":"purchasable","14":"product-type-simple"},"_links":{"self":[{"href":"https:\/\/boreait.com\/hu\/wp-json\/wp\/v2\/product\/6707","targetHints":{"allow":["GET"]}}],"collection":[{"href":"https:\/\/boreait.com\/hu\/wp-json\/wp\/v2\/product"}],"about":[{"href":"https:\/\/boreait.com\/hu\/wp-json\/wp\/v2\/types\/product"}],"wp:featuredmedia":[{"embeddable":true,"href":"https:\/\/boreait.com\/hu\/wp-json\/wp\/v2\/media\/6758"}],"wp:attachment":[{"href":"https:\/\/boreait.com\/hu\/wp-json\/wp\/v2\/media?parent=6707"}],"wp:term":[{"taxonomy":"product_brand","embeddable":true,"href":"https:\/\/boreait.com\/hu\/wp-json\/wp\/v2\/product_brand?post=6707"},{"taxonomy":"product_cat","embeddable":true,"href":"https:\/\/boreait.com\/hu\/wp-json\/wp\/v2\/product_cat?post=6707"},{"taxonomy":"product_tag","embeddable":true,"href":"https:\/\/boreait.com\/hu\/wp-json\/wp\/v2\/product_tag?post=6707"}],"curies":[{"name":"wp","href":"https:\/\/api.w.org\/{rel}","templated":true}]}}