{"id":6706,"date":"2025-09-17T11:42:27","date_gmt":"2025-09-17T09:42:27","guid":{"rendered":"https:\/\/boreait.com\/hu\/?post_type=product&#038;p=6706"},"modified":"2025-09-17T11:42:59","modified_gmt":"2025-09-17T09:42:59","slug":"eredeti-erintopad-eger-kabel-medion-e6439-md-61188-04a1-00k6100","status":"publish","type":"product","link":"https:\/\/boreait.com\/hu\/termek\/eredeti-erintopad-eger-kabel-medion-e6439-md-61188-04a1-00k6100\/","title":{"rendered":"Eredeti \u00e9rint\u0151pad eg\u00e9r + k\u00e1bel MEDION E6439 MD 61188 04A1-00K6100"},"content":{"rendered":"<p>Friss\u00edtse vagy cser\u00e9lje ki a MEDION E6439 MD 61188 04A1-00K6100 laptop \u00e9rint\u0151pados eger\u00e9t \u00e9s k\u00e1bel\u00e9t ezzel az eredeti, eredeti alkatr\u00e9szrel. \u00c1ll\u00edtsa vissza a z\u00f6kken\u0151mentes navig\u00e1ci\u00f3t \u00e9s a prec\u00edz kurzorvez\u00e9rl\u00e9st eszk\u00f6z\u00e9n, \u00edgy biztos\u00edtva az optim\u00e1lis felhaszn\u00e1l\u00f3i \u00e9lm\u00e9nyt. A legmagasabb szabv\u00e1nyoknak megfelel\u0151en kialak\u00edtott \u00e9rint\u0151pados eg\u00e9r \u00e9s k\u00e1bel kombin\u00e1ci\u00f3 garant\u00e1lja a kompatibilit\u00e1st \u00e9s a megb\u00edzhat\u00f3s\u00e1got. A telep\u00edt\u00e9s egyszer\u0171, \u00edgy gyorsan \u00e9s minim\u00e1lis gonddal \u00fajra \u00fczembe helyezheti laptopj\u00e1t. Ne el\u00e9gedjen meg az ut\u00e1ngy\u00e1rtott alternat\u00edv\u00e1kkal \u2013 v\u00e1lassza az eredeti MEDION alkatr\u00e9szeket a kiv\u00e1l\u00f3 teljes\u00edtm\u00e9ny \u00e9s a nyugalom \u00e9rdek\u00e9ben.<\/p>\n","protected":false},"excerpt":{"rendered":"<p>\u00c1ll\u00edtsa vissza a z\u00f6kken\u0151mentes navig\u00e1ci\u00f3t \u00e9s a prec\u00edz kurzorvez\u00e9rl\u00e9st MEDION E6439 MD 61188 04A1-00K6100 laptopj\u00e1n ezzel az eredeti \u00e9rint\u0151pados eg\u00e9r \u00e9s k\u00e1bel kombin\u00e1ci\u00f3val. K\u00f6nnyen telep\u00edthet\u0151 \u00e9s a legmagasabb szabv\u00e1nyok szerint kialak\u00edtott, optim\u00e1lis felhaszn\u00e1l\u00f3i \u00e9lm\u00e9nyt biztos\u00edt.<\/p>\n","protected":false},"featured_media":6756,"template":"","meta":[],"product_brand":[],"product_cat":[42],"product_tag":[70],"class_list":{"0":"post-6706","1":"product","2":"type-product","3":"status-publish","4":"has-post-thumbnail","6":"product_cat-laptop-touchpads","7":"product_tag-medion","9":"first","10":"instock","11":"taxable","12":"shipping-taxable","13":"purchasable","14":"product-type-simple"},"_links":{"self":[{"href":"https:\/\/boreait.com\/hu\/wp-json\/wp\/v2\/product\/6706","targetHints":{"allow":["GET"]}}],"collection":[{"href":"https:\/\/boreait.com\/hu\/wp-json\/wp\/v2\/product"}],"about":[{"href":"https:\/\/boreait.com\/hu\/wp-json\/wp\/v2\/types\/product"}],"wp:featuredmedia":[{"embeddable":true,"href":"https:\/\/boreait.com\/hu\/wp-json\/wp\/v2\/media\/6756"}],"wp:attachment":[{"href":"https:\/\/boreait.com\/hu\/wp-json\/wp\/v2\/media?parent=6706"}],"wp:term":[{"taxonomy":"product_brand","embeddable":true,"href":"https:\/\/boreait.com\/hu\/wp-json\/wp\/v2\/product_brand?post=6706"},{"taxonomy":"product_cat","embeddable":true,"href":"https:\/\/boreait.com\/hu\/wp-json\/wp\/v2\/product_cat?post=6706"},{"taxonomy":"product_tag","embeddable":true,"href":"https:\/\/boreait.com\/hu\/wp-json\/wp\/v2\/product_tag?post=6706"}],"curies":[{"name":"wp","href":"https:\/\/api.w.org\/{rel}","templated":true}]}}