{"id":6705,"date":"2025-09-17T11:42:27","date_gmt":"2025-09-17T09:42:27","guid":{"rendered":"https:\/\/boreait.com\/hu\/?post_type=product&#038;p=6705"},"modified":"2026-01-19T11:09:14","modified_gmt":"2026-01-19T10:09:14","slug":"intel-wireless-ac-3165-3165ngw-ketsavos-802-11ac-ngff-m-2-806723-001-bluetooth-wifi-kartya","status":"publish","type":"product","link":"https:\/\/boreait.com\/hu\/termek\/intel-wireless-ac-3165-3165ngw-ketsavos-802-11ac-ngff-m-2-806723-001-bluetooth-wifi-kartya\/","title":{"rendered":"Intel Wireless-AC 3165 3165NGW k\u00e9ts\u00e1vos 802.11AC NGFF M.2 806723-001 Bluetooth WiFi k\u00e1rtya"},"content":{"rendered":"<p>B\u0151v\u00edtse laptopja vezet\u00e9k n\u00e9lk\u00fcli kapcsolat\u00e1t az Intel Wireless-AC 3165NGW WiFi k\u00e1rty\u00e1val. HP SPS: 806723-001. A nagy sebess\u00e9g\u0171, k\u00e9ts\u00e1vos 802.11AC vezet\u00e9k n\u00e9lk\u00fcli teljes\u00edtm\u00e9nyre tervezett NGFF M.2 k\u00e1rtya megb\u00edzhat\u00f3 \u00e9s gyors internet-hozz\u00e1f\u00e9r\u00e9st biztos\u00edt az \u00d6n sz\u00e1m\u00edt\u00e1stechnikai ig\u00e9nyeihez. A Bluetooth technol\u00f3gi\u00e1val felszerelt z\u00f6kken\u0151mentes kapcsolatot tesz lehet\u0151v\u00e9 Bluetooth-kompatibilis eszk\u00f6z\u00f6kkel, p\u00e9ld\u00e1ul fejhallgat\u00f3val, hangsz\u00f3r\u00f3kkal \u00e9s perif\u00e9ri\u00e1kkal. Ak\u00e1r HD vide\u00f3kat streamel, ak\u00e1r online j\u00e1tszol, ak\u00e1r t\u00e1volr\u00f3l dolgozol, ez a WiFi k\u00e1rtya z\u00f6kken\u0151mentes \u00e9s megszak\u00edt\u00e1s n\u00e9lk\u00fcli teljes\u00edtm\u00e9nyt biztos\u00edt. Cser\u00e9lje le megl\u00e9v\u0151 WiFi-k\u00e1rty\u00e1j\u00e1t az Intel Wireless-AC 3165NGW-re a nagyobb sebess\u00e9g, hat\u00f3t\u00e1v \u00e9s megb\u00edzhat\u00f3s\u00e1g \u00e9rdek\u00e9ben.<\/p>\n","protected":false},"excerpt":{"rendered":"<p>B\u0151v\u00edtse laptopja vezet\u00e9k n\u00e9lk\u00fcli kapcsolat\u00e1t az Intel Wireless-AC 3165NGW WiFi k\u00e1rty\u00e1val. Ez az NGFF M.2 k\u00e1rtya nagy sebess\u00e9g\u0171, k\u00e9ts\u00e1vos 802.11AC teljes\u00edtm\u00e9nyt ny\u00fajt, \u00e9s Bluetooth technol\u00f3gi\u00e1val rendelkezik, hogy z\u00f6kken\u0151mentesen csatlakozhasson az eszk\u00f6z\u00f6kh\u00f6z. Ide\u00e1lis streaminghez, j\u00e1t\u00e9khoz \u00e9s t\u00e1voli munk\u00e1hoz.<\/p>\n","protected":false},"featured_media":6755,"template":"","meta":[],"product_brand":[],"product_cat":[27],"product_tag":[25],"class_list":{"0":"post-6705","1":"product","2":"type-product","3":"status-publish","4":"has-post-thumbnail","6":"product_cat-motherboards-board-parts","7":"product_tag-hp","9":"first","10":"instock","11":"taxable","12":"shipping-taxable","13":"purchasable","14":"product-type-simple"},"_links":{"self":[{"href":"https:\/\/boreait.com\/hu\/wp-json\/wp\/v2\/product\/6705","targetHints":{"allow":["GET"]}}],"collection":[{"href":"https:\/\/boreait.com\/hu\/wp-json\/wp\/v2\/product"}],"about":[{"href":"https:\/\/boreait.com\/hu\/wp-json\/wp\/v2\/types\/product"}],"wp:featuredmedia":[{"embeddable":true,"href":"https:\/\/boreait.com\/hu\/wp-json\/wp\/v2\/media\/6755"}],"wp:attachment":[{"href":"https:\/\/boreait.com\/hu\/wp-json\/wp\/v2\/media?parent=6705"}],"wp:term":[{"taxonomy":"product_brand","embeddable":true,"href":"https:\/\/boreait.com\/hu\/wp-json\/wp\/v2\/product_brand?post=6705"},{"taxonomy":"product_cat","embeddable":true,"href":"https:\/\/boreait.com\/hu\/wp-json\/wp\/v2\/product_cat?post=6705"},{"taxonomy":"product_tag","embeddable":true,"href":"https:\/\/boreait.com\/hu\/wp-json\/wp\/v2\/product_tag?post=6705"}],"curies":[{"name":"wp","href":"https:\/\/api.w.org\/{rel}","templated":true}]}}