{"id":6704,"date":"2025-09-17T11:42:26","date_gmt":"2025-09-17T09:42:26","guid":{"rendered":"https:\/\/boreait.com\/hu\/?post_type=product&#038;p=6704"},"modified":"2026-01-19T11:08:49","modified_gmt":"2026-01-19T10:08:49","slug":"laptop-wifi-wi-fi-kartyamodul-emachines-e528-2325-hoz","status":"publish","type":"product","link":"https:\/\/boreait.com\/hu\/termek\/laptop-wifi-wi-fi-kartyamodul-emachines-e528-2325-hoz\/","title":{"rendered":"Laptop WiFi Wi-Fi k\u00e1rtyamodul eMachines E528-2325-h\u00f6z"},"content":{"rendered":"<p>B\u0151v\u00edtse eMachines E528-2325 laptopja vezet\u00e9k n\u00e9lk\u00fcli kapcsolat\u00e1t ezzel a WiFi k\u00e1rtyamodullal. \u00c9lvezze a gyorsabb internetsebess\u00e9get \u00e9s a nagyobb megb\u00edzhat\u00f3s\u00e1got online tev\u00e9kenys\u00e9gei sor\u00e1n, legyen sz\u00f3 b\u00f6ng\u00e9sz\u00e9sr\u0151l, streamel\u00e9sr\u0151l vagy j\u00e1t\u00e9kr\u00f3l. A kifejezetten az eMachines E528-2325 modellhez tervezett WiFi k\u00e1rtyamodul z\u00f6kken\u0151mentes kompatibilit\u00e1st \u00e9s egyszer\u0171 telep\u00edt\u00e9st biztos\u00edt. Mondjon b\u00facs\u00fat a csatlakoz\u00e1si probl\u00e9m\u00e1knak, \u00e9s tapasztalja meg a sim\u00e1bb vezet\u00e9k n\u00e9lk\u00fcli teljes\u00edtm\u00e9nyt ezzel a megb\u00edzhat\u00f3 friss\u00edt\u00e9ssel. Fektessen be laptopja csatlakoztathat\u00f3s\u00e1g\u00e1ba m\u00e9g ma, \u00e9s maradjon kapcsolatban, b\u00e1rhov\u00e1 is megy!<\/p>\n","protected":false},"excerpt":{"rendered":"<p>Fokozza eMachines E528-2325 laptopja vezet\u00e9k n\u00e9lk\u00fcli kapcsolat\u00e1t ezzel a WiFi k\u00e1rtyamodullal. Tapasztalja meg a gyorsabb internetsebess\u00e9get \u00e9s az online tev\u00e9kenys\u00e9gei nagyobb megb\u00edzhat\u00f3s\u00e1g\u00e1t. A kompatibilis \u00e9s k\u00f6nnyen telep\u00edthet\u0151 friss\u00edt\u00e9s z\u00f6kken\u0151mentes vezet\u00e9k n\u00e9lk\u00fcli teljes\u00edtm\u00e9nyt biztos\u00edt. Maradjon z\u00f6kken\u0151mentesen kapcsolatban ezzel a megb\u00edzhat\u00f3 WiFi k\u00e1rtyamodul friss\u00edt\u00e9ssel!<\/p>\n","protected":false},"featured_media":6753,"template":"","meta":[],"product_brand":[],"product_cat":[27],"product_tag":[69],"class_list":{"0":"post-6704","1":"product","2":"type-product","3":"status-publish","4":"has-post-thumbnail","6":"product_cat-motherboards-board-parts","7":"product_tag-emachines","9":"first","10":"instock","11":"taxable","12":"shipping-taxable","13":"purchasable","14":"product-type-simple"},"_links":{"self":[{"href":"https:\/\/boreait.com\/hu\/wp-json\/wp\/v2\/product\/6704","targetHints":{"allow":["GET"]}}],"collection":[{"href":"https:\/\/boreait.com\/hu\/wp-json\/wp\/v2\/product"}],"about":[{"href":"https:\/\/boreait.com\/hu\/wp-json\/wp\/v2\/types\/product"}],"wp:featuredmedia":[{"embeddable":true,"href":"https:\/\/boreait.com\/hu\/wp-json\/wp\/v2\/media\/6753"}],"wp:attachment":[{"href":"https:\/\/boreait.com\/hu\/wp-json\/wp\/v2\/media?parent=6704"}],"wp:term":[{"taxonomy":"product_brand","embeddable":true,"href":"https:\/\/boreait.com\/hu\/wp-json\/wp\/v2\/product_brand?post=6704"},{"taxonomy":"product_cat","embeddable":true,"href":"https:\/\/boreait.com\/hu\/wp-json\/wp\/v2\/product_cat?post=6704"},{"taxonomy":"product_tag","embeddable":true,"href":"https:\/\/boreait.com\/hu\/wp-json\/wp\/v2\/product_tag?post=6704"}],"curies":[{"name":"wp","href":"https:\/\/api.w.org\/{rel}","templated":true}]}}