{"id":6703,"date":"2025-09-17T11:42:26","date_gmt":"2025-09-17T09:42:26","guid":{"rendered":"https:\/\/boreait.com\/hu\/?post_type=product&#038;p=6703"},"modified":"2025-09-17T11:42:57","modified_gmt":"2025-09-17T09:42:57","slug":"broadcom-bcm92070md-bluetooth-kartya-kabel-dell-e6420-e6430-0g9m5x","status":"publish","type":"product","link":"https:\/\/boreait.com\/hu\/termek\/broadcom-bcm92070md-bluetooth-kartya-kabel-dell-e6420-e6430-0g9m5x\/","title":{"rendered":"Broadcom BCM92070MD Bluetooth k\u00e1rtya + k\u00e1bel Dell E6420 E6430 0G9M5X"},"content":{"rendered":"<p>Friss\u00edtse Dell E6420 vagy E6430 laptopj\u00e1t a Broadcom BCM92070MD Bluetooth k\u00e1rtyalap+k\u00e1bellel a z\u00f6kken\u0151mentes vezet\u00e9k n\u00e9lk\u00fcli kapcsolat \u00e9rdek\u00e9ben. Ez az eredeti Dell cserealkatr\u00e9sz biztos\u00edtja a kompatibilit\u00e1st \u00e9s a megb\u00edzhat\u00f3 teljes\u00edtm\u00e9nyt, lehet\u0151v\u00e9 t\u00e9ve, hogy k\u00f6nnyed\u00e9n csatlakoztassa laptopj\u00e1t Bluetooth-kompatibilis eszk\u00f6z\u00f6kh\u00f6z, p\u00e9ld\u00e1ul hangsz\u00f3r\u00f3khoz, fejhallgat\u00f3khoz \u00e9s okostelefonokhoz. A mell\u00e9kelt k\u00e1bel leegyszer\u0171s\u00edti a telep\u00edt\u00e9st, \u00edgy minden technikai tud\u00e1ssal rendelkez\u0151 felhaszn\u00e1l\u00f3 sz\u00e1m\u00e1ra probl\u00e9mamentes. N\u00f6velje termel\u00e9kenys\u00e9g\u00e9t \u00e9s k\u00e9nyelm\u00e9t azzal, hogy Bluetooth funkci\u00f3t ad Dell laptopj\u00e1hoz. Fektessen be a Broadcom BCM92070MD Bluetooth k\u00e1rtyalapba + k\u00e1belbe m\u00e9g ma!<\/p>\n","protected":false},"excerpt":{"rendered":"<p>Friss\u00edtse Dell E6420 vagy E6430 laptopj\u00e1t a Broadcom BCM92070MD Bluetooth k\u00e1rtyalap+k\u00e1bellel a z\u00f6kken\u0151mentes vezet\u00e9k n\u00e9lk\u00fcli kapcsolat \u00e9rdek\u00e9ben. Az eredeti Dell cserealkatr\u00e9sz biztos\u00edtja a kompatibilit\u00e1st \u00e9s a megb\u00edzhat\u00f3 teljes\u00edtm\u00e9nyt. K\u00f6nny\u0171 telep\u00edt\u00e9s a mell\u00e9kelt k\u00e1bellel. N\u00f6velje a termel\u00e9kenys\u00e9get \u00e9s a k\u00e9nyelmet, ha Bluetooth funkci\u00f3t ad Dell laptopj\u00e1hoz.<\/p>\n","protected":false},"featured_media":6752,"template":"","meta":[],"product_brand":[],"product_cat":[27],"product_tag":[17],"class_list":{"0":"post-6703","1":"product","2":"type-product","3":"status-publish","4":"has-post-thumbnail","6":"product_cat-motherboards-board-parts","7":"product_tag-dell","9":"first","10":"instock","11":"taxable","12":"shipping-taxable","13":"purchasable","14":"product-type-simple"},"_links":{"self":[{"href":"https:\/\/boreait.com\/hu\/wp-json\/wp\/v2\/product\/6703","targetHints":{"allow":["GET"]}}],"collection":[{"href":"https:\/\/boreait.com\/hu\/wp-json\/wp\/v2\/product"}],"about":[{"href":"https:\/\/boreait.com\/hu\/wp-json\/wp\/v2\/types\/product"}],"wp:featuredmedia":[{"embeddable":true,"href":"https:\/\/boreait.com\/hu\/wp-json\/wp\/v2\/media\/6752"}],"wp:attachment":[{"href":"https:\/\/boreait.com\/hu\/wp-json\/wp\/v2\/media?parent=6703"}],"wp:term":[{"taxonomy":"product_brand","embeddable":true,"href":"https:\/\/boreait.com\/hu\/wp-json\/wp\/v2\/product_brand?post=6703"},{"taxonomy":"product_cat","embeddable":true,"href":"https:\/\/boreait.com\/hu\/wp-json\/wp\/v2\/product_cat?post=6703"},{"taxonomy":"product_tag","embeddable":true,"href":"https:\/\/boreait.com\/hu\/wp-json\/wp\/v2\/product_tag?post=6703"}],"curies":[{"name":"wp","href":"https:\/\/api.w.org\/{rel}","templated":true}]}}