{"id":6702,"date":"2025-09-17T11:42:26","date_gmt":"2025-09-17T09:42:26","guid":{"rendered":"https:\/\/boreait.com\/hu\/?post_type=product&#038;p=6702"},"modified":"2025-09-17T11:42:56","modified_gmt":"2025-09-17T09:42:56","slug":"emachines-e642-e642g-kartyaolvaso-port-kartya-memoriakartya-olvaso","status":"publish","type":"product","link":"https:\/\/boreait.com\/hu\/termek\/emachines-e642-e642g-kartyaolvaso-port-kartya-memoriakartya-olvaso\/","title":{"rendered":"eMachines E642 &#8211; E642G K\u00e1rtyaolvas\u00f3 Port k\u00e1rtya mem\u00f3riak\u00e1rtya olvas\u00f3"},"content":{"rendered":"<p>Cser\u00e9lje ki s\u00e9r\u00fclt vagy hib\u00e1san m\u0171k\u00f6d\u0151 k\u00e1rtyaolvas\u00f3 portj\u00e1t erre a kiv\u00e1l\u00f3 min\u0151s\u00e9g\u0171 cserealkatr\u00e9szre, amelyet kifejezetten az eMachines E642 \u00e9s E642G laptopokhoz terveztek. Ez a k\u00e1rtyaolvas\u00f3 port k\u00e1rtya z\u00f6kken\u0151mentes csatlakoz\u00e1st biztos\u00edt a mem\u00f3riak\u00e1rty\u00e1khoz, lehet\u0151v\u00e9 t\u00e9ve az adatok egyszer\u0171 \u00e1tvitel\u00e9t \u00e9s a f\u00e1jlok el\u00e9r\u00e9s\u00e9t. A pontoss\u00e1got \u00e9s a tart\u00f3ss\u00e1got szem el\u0151tt tartva k\u00e9sz\u00fclt ez a cserek\u00e1rtya megb\u00edzhat\u00f3 teljes\u00edtm\u00e9nyt \u00e9s t\u00f6k\u00e9letes illeszked\u00e9st k\u00edn\u00e1l laptopj\u00e1hoz. A telep\u00edt\u00e9s egyszer\u0171, \u00edgy ide\u00e1lis megold\u00e1s a bark\u00e1cs jav\u00edt\u00e1sokhoz. \u00c1ll\u00edtsa vissza eMachines laptopja teljes funkcionalit\u00e1s\u00e1t, \u00e9s \u00e9lvezze a probl\u00e9mamentes adat\u00e1tvitelt ezzel a k\u00e1rtyaolvas\u00f3 porttal.<\/p>\n","protected":false},"excerpt":{"rendered":"<p>Cser\u00e9lje ki s\u00e9r\u00fclt k\u00e1rtyaolvas\u00f3 portj\u00e1t eMachines E642 vagy E642G laptopj\u00e1n ezzel a kiv\u00e1l\u00f3 min\u0151s\u00e9g\u0171 cserealkatr\u00e9szsel. \u00c9lvezze a z\u00f6kken\u0151mentes adat\u00e1tvitelt \u00e9s a probl\u00e9mamentes telep\u00edt\u00e9st a jobb funkcionalit\u00e1s \u00e9rdek\u00e9ben.<\/p>\n","protected":false},"featured_media":6750,"template":"","meta":[],"product_brand":[],"product_cat":[27],"product_tag":[69],"class_list":{"0":"post-6702","1":"product","2":"type-product","3":"status-publish","4":"has-post-thumbnail","6":"product_cat-motherboards-board-parts","7":"product_tag-emachines","9":"first","10":"instock","11":"taxable","12":"shipping-taxable","13":"purchasable","14":"product-type-simple"},"_links":{"self":[{"href":"https:\/\/boreait.com\/hu\/wp-json\/wp\/v2\/product\/6702","targetHints":{"allow":["GET"]}}],"collection":[{"href":"https:\/\/boreait.com\/hu\/wp-json\/wp\/v2\/product"}],"about":[{"href":"https:\/\/boreait.com\/hu\/wp-json\/wp\/v2\/types\/product"}],"wp:featuredmedia":[{"embeddable":true,"href":"https:\/\/boreait.com\/hu\/wp-json\/wp\/v2\/media\/6750"}],"wp:attachment":[{"href":"https:\/\/boreait.com\/hu\/wp-json\/wp\/v2\/media?parent=6702"}],"wp:term":[{"taxonomy":"product_brand","embeddable":true,"href":"https:\/\/boreait.com\/hu\/wp-json\/wp\/v2\/product_brand?post=6702"},{"taxonomy":"product_cat","embeddable":true,"href":"https:\/\/boreait.com\/hu\/wp-json\/wp\/v2\/product_cat?post=6702"},{"taxonomy":"product_tag","embeddable":true,"href":"https:\/\/boreait.com\/hu\/wp-json\/wp\/v2\/product_tag?post=6702"}],"curies":[{"name":"wp","href":"https:\/\/api.w.org\/{rel}","templated":true}]}}