{"id":6701,"date":"2025-09-17T11:42:26","date_gmt":"2025-09-17T09:42:26","guid":{"rendered":"https:\/\/boreait.com\/hu\/?post_type=product&#038;p=6701"},"modified":"2025-09-17T11:42:55","modified_gmt":"2025-09-17T09:42:55","slug":"eredeti-acer-emachines-e642g-usb-kartya-kabellel-cserealkatreszek","status":"publish","type":"product","link":"https:\/\/boreait.com\/hu\/termek\/eredeti-acer-emachines-e642g-usb-kartya-kabellel-cserealkatreszek\/","title":{"rendered":"Eredeti Acer eMachines E642G USB k\u00e1rtya k\u00e1bellel \u2013 cserealkatr\u00e9szek"},"content":{"rendered":"<p>Friss\u00edtse Acer eMachines E642G laptopj\u00e1t ezzel az eredeti USB k\u00e1rty\u00e1val \u00e9s k\u00e1bellel, amelyet arra terveztek, hogy helyre\u00e1ll\u00edtsa eszk\u00f6ze USB-portjainak m\u0171k\u00f6d\u00e9s\u00e9t. A prec\u00edzi\u00f3s \u00e9s min\u0151s\u00e9gi anyagokb\u00f3l k\u00e9sz\u00fclt cserealkatr\u00e9sz megb\u00edzhat\u00f3 csatlakoz\u00e1st biztos\u00edt perif\u00e9ri\u00e1ihoz, p\u00e9ld\u00e1ul billenty\u0171zetekhez, egerekhez \u00e9s k\u00fcls\u0151 meghajt\u00f3khoz. A telep\u00edt\u00e9s egyszer\u0171, minim\u00e1lis m\u0171szaki szak\u00e9rtelmet ig\u00e9nyel. Egyszer\u0171en t\u00e1vol\u00edtsa el a r\u00e9gi USB-k\u00e1rty\u00e1t \u00e9s k\u00e1belt, \u00e9s cser\u00e9lje ki ezzel az \u00faj szerelv\u00e9nnyel, hogy \u00fajra teljes m\u00e9rt\u00e9kben kihaszn\u00e1lhassa laptopja USB-portjait. Ak\u00e1r hib\u00e1s k\u00e1rty\u00e1t cser\u00e9l, ak\u00e1r a jobb teljes\u00edtm\u00e9ny \u00e9rdek\u00e9ben friss\u00edt, ez az eredeti Acer alkatr\u00e9sz t\u00f6k\u00e9letes megold\u00e1s laptopja jav\u00edt\u00e1si ig\u00e9nyeire.<\/p>\n","protected":false},"excerpt":{"rendered":"<p>\u00c1ll\u00edtsa vissza Acer eMachines E642G laptopja USB-portjainak funkcionalit\u00e1s\u00e1t ezzel az eredeti USB-k\u00e1rty\u00e1val \u00e9s k\u00e1belegys\u00e9ggel. K\u00f6nnyen telep\u00edthet\u0151 \u00e9s min\u0151s\u00e9gi anyagokb\u00f3l k\u00e9sz\u00fclt, ez a cserealkatr\u00e9sz megb\u00edzhat\u00f3 csatlakoz\u00e1st biztos\u00edt perif\u00e9ri\u00e1ihoz. Friss\u00edtse vagy cser\u00e9lje ki megl\u00e9v\u0151 USB-k\u00e1rty\u00e1j\u00e1t k\u00f6nnyed\u00e9n, \u00e9s k\u00f6nnyed\u00e9n \u00fajra haszn\u00e1lhatja eszk\u00f6zeit!<\/p>\n","protected":false},"featured_media":6748,"template":"","meta":[],"product_brand":[],"product_cat":[27],"product_tag":[69],"class_list":{"0":"post-6701","1":"product","2":"type-product","3":"status-publish","4":"has-post-thumbnail","6":"product_cat-motherboards-board-parts","7":"product_tag-emachines","9":"first","10":"instock","11":"taxable","12":"shipping-taxable","13":"purchasable","14":"product-type-simple"},"_links":{"self":[{"href":"https:\/\/boreait.com\/hu\/wp-json\/wp\/v2\/product\/6701","targetHints":{"allow":["GET"]}}],"collection":[{"href":"https:\/\/boreait.com\/hu\/wp-json\/wp\/v2\/product"}],"about":[{"href":"https:\/\/boreait.com\/hu\/wp-json\/wp\/v2\/types\/product"}],"wp:featuredmedia":[{"embeddable":true,"href":"https:\/\/boreait.com\/hu\/wp-json\/wp\/v2\/media\/6748"}],"wp:attachment":[{"href":"https:\/\/boreait.com\/hu\/wp-json\/wp\/v2\/media?parent=6701"}],"wp:term":[{"taxonomy":"product_brand","embeddable":true,"href":"https:\/\/boreait.com\/hu\/wp-json\/wp\/v2\/product_brand?post=6701"},{"taxonomy":"product_cat","embeddable":true,"href":"https:\/\/boreait.com\/hu\/wp-json\/wp\/v2\/product_cat?post=6701"},{"taxonomy":"product_tag","embeddable":true,"href":"https:\/\/boreait.com\/hu\/wp-json\/wp\/v2\/product_tag?post=6701"}],"curies":[{"name":"wp","href":"https:\/\/api.w.org\/{rel}","templated":true}]}}