{"id":6700,"date":"2025-09-17T11:42:26","date_gmt":"2025-09-17T09:42:26","guid":{"rendered":"https:\/\/boreait.com\/hu\/?post_type=product&#038;p=6700"},"modified":"2025-09-17T11:42:53","modified_gmt":"2025-09-17T09:42:53","slug":"dc-tapcsatlakozo-emachineshez-e529-e640-e640g-e443-p5we6-bell-tm87-tm85-tm86-tm98","status":"publish","type":"product","link":"https:\/\/boreait.com\/hu\/termek\/dc-tapcsatlakozo-emachineshez-e529-e640-e640g-e443-p5we6-bell-tm87-tm85-tm86-tm98\/","title":{"rendered":"DC t\u00e1pcsatlakoz\u00f3 eMachineshez E529 E640 E640G E443 P5WE6 Bell TM87 TM85 TM86 TM98"},"content":{"rendered":"<p>Cser\u00e9lje ki s\u00e9r\u00fclt vagy hib\u00e1san m\u0171k\u00f6d\u0151 egyen\u00e1ram\u00fa t\u00e1pcsatlakoz\u00f3j\u00e1t erre a kiv\u00e1l\u00f3 min\u0151s\u00e9g\u0171 cserealkatr\u00e9szre, amely kompatibilis a k\u00fcl\u00f6nb\u00f6z\u0151 eMachines \u00e9s Bell laptopmodellekkel. Ezt az egyen\u00e1ram\u00fa t\u00e1pcsatlakoz\u00f3t \u00fagy tervezt\u00e9k, hogy helyre\u00e1ll\u00edtsa az eszk\u00f6z megb\u00edzhat\u00f3 t\u00e1pell\u00e1t\u00e1s\u00e1t, biztos\u00edtva, hogy laptopja megfelel\u0151en t\u00f6lts\u00f6n \u00e9s optim\u00e1lisan m\u0171k\u00f6dj\u00f6n. A tart\u00f3s anyagokb\u00f3l k\u00e9sz\u00fclt cserealjzat hossz\u00fa \u00e9lettartamot \u00e9s biztons\u00e1gos csatlakoz\u00e1st k\u00edn\u00e1l. A telep\u00edt\u00e9s egyszer\u0171, \u00edgy gyorsan \u00fajra \u00fczembe helyezheti laptopj\u00e1t. Ak\u00e1r bark\u00e1csol\u00f3, ak\u00e1r professzion\u00e1lis technikus, ez az egyen\u00e1ram\u00fa t\u00e1pcsatlakoz\u00f3 elengedhetetlen eleme laptopja funkcionalit\u00e1s\u00e1nak meg\u0151rz\u00e9s\u00e9hez.<\/p>\n","protected":false},"excerpt":{"rendered":"<p>Ezzel a helyettes\u00edt\u0151 egyen\u00e1ram\u00fa t\u00e1pcsatlakoz\u00f3val \u00e1ll\u00edtsa helyre eMachines vagy Bell laptopja t\u00e1pell\u00e1t\u00e1s\u00e1t. Tart\u00f3s anyagokb\u00f3l k\u00e9sz\u00fclt a hossz\u00fa \u00e9lettartam \u00e9rdek\u00e9ben. Az egyszer\u0171 telep\u00edt\u00e9s biztos\u00edtja a m\u0171k\u00f6d\u0151k\u00e9pess\u00e9g gyors helyre\u00e1ll\u00edt\u00e1s\u00e1t.<\/p>\n","protected":false},"featured_media":6747,"template":"","meta":[],"product_brand":[],"product_cat":[20],"product_tag":[69],"class_list":{"0":"post-6700","1":"product","2":"type-product","3":"status-publish","4":"has-post-thumbnail","6":"product_cat-cables","7":"product_tag-emachines","9":"first","10":"instock","11":"taxable","12":"shipping-taxable","13":"purchasable","14":"product-type-simple"},"_links":{"self":[{"href":"https:\/\/boreait.com\/hu\/wp-json\/wp\/v2\/product\/6700","targetHints":{"allow":["GET"]}}],"collection":[{"href":"https:\/\/boreait.com\/hu\/wp-json\/wp\/v2\/product"}],"about":[{"href":"https:\/\/boreait.com\/hu\/wp-json\/wp\/v2\/types\/product"}],"wp:featuredmedia":[{"embeddable":true,"href":"https:\/\/boreait.com\/hu\/wp-json\/wp\/v2\/media\/6747"}],"wp:attachment":[{"href":"https:\/\/boreait.com\/hu\/wp-json\/wp\/v2\/media?parent=6700"}],"wp:term":[{"taxonomy":"product_brand","embeddable":true,"href":"https:\/\/boreait.com\/hu\/wp-json\/wp\/v2\/product_brand?post=6700"},{"taxonomy":"product_cat","embeddable":true,"href":"https:\/\/boreait.com\/hu\/wp-json\/wp\/v2\/product_cat?post=6700"},{"taxonomy":"product_tag","embeddable":true,"href":"https:\/\/boreait.com\/hu\/wp-json\/wp\/v2\/product_tag?post=6700"}],"curies":[{"name":"wp","href":"https:\/\/api.w.org\/{rel}","templated":true}]}}