{"id":67,"date":"2025-09-17T09:21:16","date_gmt":"2025-09-17T07:21:16","guid":{"rendered":"https:\/\/boreait.com\/hu\/?post_type=product&#038;p=67"},"modified":"2025-09-17T09:21:22","modified_gmt":"2025-09-17T07:21:22","slug":"hasznalt-eredeti-dell-precision-7710-laptop-lcd-kepernyo-zsanerkeszlet","status":"publish","type":"product","link":"https:\/\/boreait.com\/hu\/termek\/hasznalt-eredeti-dell-precision-7710-laptop-lcd-kepernyo-zsanerkeszlet\/","title":{"rendered":"Haszn\u00e1lt eredeti Dell Precision 7710 laptop LCD k\u00e9perny\u0151 zsan\u00e9rk\u00e9szlet"},"content":{"rendered":"<p>PN: GJN0G<\/p>\n<p>A haszn\u00e1lt eredeti Dell Precision 7710 laptop LCD-k\u00e9perny\u0151 zsan\u00e9rk\u00e9szlet a laptop LCD-k\u00e9perny\u0151j\u00e9t a testhez csatlakoztat\u00f3 csukl\u00f3p\u00e1nt-mechanizmus cserealkatr\u00e9sze. Ezek a zsan\u00e9rok eredeti Dell alkatr\u00e9szek, \u00e9s kifejezetten a Precision 7710 modellhez k\u00e9sz\u00fcltek. Haszn\u00e1lt \u00e1llapotban vannak, de teljesen m\u0171k\u00f6d\u0151k\u00e9pesek. A s\u00e9r\u00fclt vagy t\u00f6r\u00f6tt zsan\u00e9rok ezzel a k\u00e9szlettel t\u00f6rt\u00e9n\u0151 cser\u00e9j\u00e9vel a felhaszn\u00e1l\u00f3k vissza\u00e1ll\u00edthatj\u00e1k laptopjuk kijelz\u0151j\u00e9t a megfelel\u0151 m\u0171k\u00f6d\u00e9si \u00e1llapotba, \u00e9s \u00e9lvezhetik a z\u00f6kken\u0151mentes \u00e9s stabil m\u0171k\u00f6d\u00e9st.<\/p>\n","protected":false},"excerpt":{"rendered":"<p>Keltse \u00fajra \u00e9letre Dell Precision 7710 laptopja kijelz\u0151j\u00e9t ezzel az autentikus \u00e9s teljesen m\u0171k\u00f6d\u0151k\u00e9pes LCD-k\u00e9perny\u0151 zsan\u00e9rk\u00e9szlettel, amelyet a z\u00f6kken\u0151mentes \u00e9s stabil m\u0171k\u00f6d\u00e9sre terveztek.<\/p>\n","protected":false},"featured_media":99,"template":"","meta":[],"product_brand":[],"product_cat":[19],"product_tag":[17],"class_list":{"0":"post-67","1":"product","2":"type-product","3":"status-publish","4":"has-post-thumbnail","6":"product_cat-screen-hinge","7":"product_tag-dell","9":"first","10":"instock","11":"taxable","12":"shipping-taxable","13":"purchasable","14":"product-type-simple"},"_links":{"self":[{"href":"https:\/\/boreait.com\/hu\/wp-json\/wp\/v2\/product\/67","targetHints":{"allow":["GET"]}}],"collection":[{"href":"https:\/\/boreait.com\/hu\/wp-json\/wp\/v2\/product"}],"about":[{"href":"https:\/\/boreait.com\/hu\/wp-json\/wp\/v2\/types\/product"}],"wp:featuredmedia":[{"embeddable":true,"href":"https:\/\/boreait.com\/hu\/wp-json\/wp\/v2\/media\/99"}],"wp:attachment":[{"href":"https:\/\/boreait.com\/hu\/wp-json\/wp\/v2\/media?parent=67"}],"wp:term":[{"taxonomy":"product_brand","embeddable":true,"href":"https:\/\/boreait.com\/hu\/wp-json\/wp\/v2\/product_brand?post=67"},{"taxonomy":"product_cat","embeddable":true,"href":"https:\/\/boreait.com\/hu\/wp-json\/wp\/v2\/product_cat?post=67"},{"taxonomy":"product_tag","embeddable":true,"href":"https:\/\/boreait.com\/hu\/wp-json\/wp\/v2\/product_tag?post=67"}],"curies":[{"name":"wp","href":"https:\/\/api.w.org\/{rel}","templated":true}]}}