{"id":6699,"date":"2025-09-17T11:42:26","date_gmt":"2025-09-17T09:42:26","guid":{"rendered":"https:\/\/boreait.com\/hu\/?post_type=product&#038;p=6699"},"modified":"2026-01-19T11:08:33","modified_gmt":"2026-01-19T10:08:33","slug":"hasznalt-emachines-e642-g-hutoborda-at0g3002dr0-eredeti-hutoalkatresz","status":"publish","type":"product","link":"https:\/\/boreait.com\/hu\/termek\/hasznalt-emachines-e642-g-hutoborda-at0g3002dr0-eredeti-hutoalkatresz\/","title":{"rendered":"Haszn\u00e1lt eMachines E642 G h\u0171t\u0151borda AT0G3002DR0 &#8211; Eredeti h\u0171t\u0151alkatr\u00e9sz"},"content":{"rendered":"<p>Friss\u00edtse eMachines E642 G laptopja h\u0171t\u0151rendszer\u00e9t ezzel az eredeti AT0G3002DR0 t\u00edpus\u00fa h\u0171t\u0151bord\u00e1val. A laptop CPU-ja, GPU-ja \u00e9s egy\u00e9b \u00f6sszetev\u0151i \u00e1ltal termelt h\u0151 hat\u00e9kony elvezet\u00e9s\u00e9re tervezett h\u0171t\u0151borda optim\u00e1lis teljes\u00edtm\u00e9nyt \u00e9s megb\u00edzhat\u00f3s\u00e1got biztos\u00edt. Kiv\u00e1l\u00f3 min\u0151s\u00e9g\u0171 anyagokb\u00f3l k\u00e9sz\u00fclt, ez a haszn\u00e1lt h\u0171t\u0151borda m\u0171k\u00f6d\u00e9s\u00e9t tesztelt\u00e9k, \u00e9s k\u00e9szen \u00e1ll a telep\u00edt\u00e9sre. Ezzel az alapvet\u0151 elemmel tartsa z\u00f6kken\u0151mentesen a laptopj\u00e1t, \u00e9s akad\u00e1lyozza meg a t\u00falmeleged\u00e9si probl\u00e9m\u00e1kat.<\/p>\n","protected":false},"excerpt":{"rendered":"<p>Eredeti haszn\u00e1lt h\u0171t\u0151borda AT0G3002DR0 eMachines E642 G laptophoz. Hat\u00e9konyan elvezeti a h\u0151t az optim\u00e1lis teljes\u00edtm\u00e9ny \u00e9s megb\u00edzhat\u00f3s\u00e1g meg\u0151rz\u00e9se \u00e9rdek\u00e9ben. M\u0171k\u00f6d\u00e9si szempontb\u00f3l tesztelve \u00e9s telep\u00edt\u00e9sre k\u00e9sz.<\/p>\n","protected":false},"featured_media":6746,"template":"","meta":[],"product_brand":[],"product_cat":[33],"product_tag":[69],"class_list":{"0":"post-6699","1":"product","2":"type-product","3":"status-publish","4":"has-post-thumbnail","6":"product_cat-cpu-fans-heatsinks","7":"product_tag-emachines","9":"first","10":"instock","11":"taxable","12":"shipping-taxable","13":"purchasable","14":"product-type-simple"},"_links":{"self":[{"href":"https:\/\/boreait.com\/hu\/wp-json\/wp\/v2\/product\/6699","targetHints":{"allow":["GET"]}}],"collection":[{"href":"https:\/\/boreait.com\/hu\/wp-json\/wp\/v2\/product"}],"about":[{"href":"https:\/\/boreait.com\/hu\/wp-json\/wp\/v2\/types\/product"}],"wp:featuredmedia":[{"embeddable":true,"href":"https:\/\/boreait.com\/hu\/wp-json\/wp\/v2\/media\/6746"}],"wp:attachment":[{"href":"https:\/\/boreait.com\/hu\/wp-json\/wp\/v2\/media?parent=6699"}],"wp:term":[{"taxonomy":"product_brand","embeddable":true,"href":"https:\/\/boreait.com\/hu\/wp-json\/wp\/v2\/product_brand?post=6699"},{"taxonomy":"product_cat","embeddable":true,"href":"https:\/\/boreait.com\/hu\/wp-json\/wp\/v2\/product_cat?post=6699"},{"taxonomy":"product_tag","embeddable":true,"href":"https:\/\/boreait.com\/hu\/wp-json\/wp\/v2\/product_tag?post=6699"}],"curies":[{"name":"wp","href":"https:\/\/api.w.org\/{rel}","templated":true}]}}