{"id":6698,"date":"2025-09-17T11:42:26","date_gmt":"2025-09-17T09:42:26","guid":{"rendered":"https:\/\/boreait.com\/hu\/?post_type=product&#038;p=6698"},"modified":"2026-01-19T11:08:16","modified_gmt":"2026-01-19T10:08:16","slug":"acer-aspire-5551-5742-packard-bell-tk85pew91-wifi-kartya-fedel-ajto-ap0c9000700","status":"publish","type":"product","link":"https:\/\/boreait.com\/hu\/termek\/acer-aspire-5551-5742-packard-bell-tk85pew91-wifi-kartya-fedel-ajto-ap0c9000700\/","title":{"rendered":"Acer Aspire 5551 5742 Packard Bell TK85PEW91 Wifi k\u00e1rtya fed\u00e9l ajt\u00f3 AP0C9000700"},"content":{"rendered":"<p>Cser\u00e9lje ki elveszett vagy s\u00e9r\u00fclt WiFi-k\u00e1rtya fedel\u00e9t erre az eredeti Acer Aspire 5551 5742 Packard Bell TK85\/PEW91 cserealkatr\u00e9szre. Ez a AP0C9000700 cikksz\u00e1m\u00fa WiFi k\u00e1rtya fedel\u00e9t \u00fagy tervezt\u00e9k, hogy t\u00f6k\u00e9letesen illeszkedjen a laptop modellj\u00e9hez, \u00e9s megfelel\u0151 v\u00e9delmet \u00e9s biztons\u00e1gos elhelyez\u00e9st biztos\u00edt laptopja WiFi k\u00e1rty\u00e1j\u00e1nak. Ez a strapab\u00edr\u00f3 anyagokb\u00f3l k\u00e9sz\u00fclt takar\u00f3ajt\u00f3 hosszan tart\u00f3 teljes\u00edtm\u00e9nyt \u00e9s nyugalmat k\u00edn\u00e1l. K\u00f6nnyen telep\u00edtheti saj\u00e1t maga, hogy helyre\u00e1ll\u00edtsa laptopja funkcionalit\u00e1s\u00e1t \u00e9s meg\u0151rizze eszt\u00e9tikai megjelen\u00e9s\u00e9t. Ne hagyja, hogy egy hi\u00e1nyz\u00f3 vagy t\u00f6r\u00f6tt WiFi-k\u00e1rtya fedel\u00e9nek ajtaja rontsa laptopja teljes\u00edtm\u00e9ny\u00e9t \u2013 szerezze be ezt a cserealkatr\u00e9szt m\u00e9g ma!<\/p>\n","protected":false},"excerpt":{"rendered":"<p>Cser\u00e9lje ki elveszett vagy s\u00e9r\u00fclt WiFi-k\u00e1rtya fedel\u00e9t erre az eredeti Acer Aspire 5551 5742 Packard Bell TK85\/PEW91 cserealkatr\u00e9szre. A z\u00f6kken\u0151mentes illeszked\u00e9sre tervezve megfelel\u0151 v\u00e9delmet \u00e9s biztons\u00e1gos elhelyez\u00e9st biztos\u00edt laptopja WiFi k\u00e1rty\u00e1j\u00e1nak. K\u00f6nnyen telep\u00edthet\u0151, tart\u00f3s anyagokb\u00f3l k\u00e9sz\u00fclt, \u00e9s az Acer min\u0151s\u00e9gbiztos\u00edt\u00e1sa t\u00e1mogatja.<\/p>\n","protected":false},"featured_media":6732,"template":"","meta":[],"product_brand":[],"product_cat":[16],"product_tag":[29],"class_list":{"0":"post-6698","1":"product","2":"type-product","3":"status-publish","4":"has-post-thumbnail","6":"product_cat-laptop-housing","7":"product_tag-acer","9":"first","10":"instock","11":"taxable","12":"shipping-taxable","13":"purchasable","14":"product-type-simple"},"_links":{"self":[{"href":"https:\/\/boreait.com\/hu\/wp-json\/wp\/v2\/product\/6698","targetHints":{"allow":["GET"]}}],"collection":[{"href":"https:\/\/boreait.com\/hu\/wp-json\/wp\/v2\/product"}],"about":[{"href":"https:\/\/boreait.com\/hu\/wp-json\/wp\/v2\/types\/product"}],"wp:featuredmedia":[{"embeddable":true,"href":"https:\/\/boreait.com\/hu\/wp-json\/wp\/v2\/media\/6732"}],"wp:attachment":[{"href":"https:\/\/boreait.com\/hu\/wp-json\/wp\/v2\/media?parent=6698"}],"wp:term":[{"taxonomy":"product_brand","embeddable":true,"href":"https:\/\/boreait.com\/hu\/wp-json\/wp\/v2\/product_brand?post=6698"},{"taxonomy":"product_cat","embeddable":true,"href":"https:\/\/boreait.com\/hu\/wp-json\/wp\/v2\/product_cat?post=6698"},{"taxonomy":"product_tag","embeddable":true,"href":"https:\/\/boreait.com\/hu\/wp-json\/wp\/v2\/product_tag?post=6698"}],"curies":[{"name":"wp","href":"https:\/\/api.w.org\/{rel}","templated":true}]}}