{"id":6697,"date":"2025-09-17T11:42:26","date_gmt":"2025-09-17T09:42:26","guid":{"rendered":"https:\/\/boreait.com\/hu\/?post_type=product&#038;p=6697"},"modified":"2026-01-19T11:07:56","modified_gmt":"2026-01-19T10:07:56","slug":"amd-mobile-athlon-ii-p320-cpu-amp320sgr22gm-emachines-e642-processzorhoz-e642g-acer-aspire-7551g","status":"publish","type":"product","link":"https:\/\/boreait.com\/hu\/termek\/amd-mobile-athlon-ii-p320-cpu-amp320sgr22gm-emachines-e642-processzorhoz-e642g-acer-aspire-7551g\/","title":{"rendered":"AMD Mobile Athlon II P320 CPU AMP320SGR22GM eMachines E642 processzorhoz E642G \/ Acer Aspire 7551G"},"content":{"rendered":"<p>N\u00f6velje eMachines E642 \/ Acer Aspire 7551G laptopja teljes\u00edtm\u00e9ny\u00e9t az AMD Mobile Athlon II P320 CPU-val. Ez az eredeti processzor, az AMP320SGR22GM modell, megb\u00edzhat\u00f3an helyettes\u00edti a megl\u00e9v\u0151 CPU-t, nagyobb sebess\u00e9get \u00e9s v\u00e1laszk\u00e9szs\u00e9get biztos\u00edtva sz\u00e1m\u00edt\u00e1stechnikai ig\u00e9nyeihez. Legyen sz\u00f3 t\u00f6bbfeladatos tev\u00e9kenys\u00e9gr\u0151l, j\u00e1t\u00e9kr\u00f3l vagy ig\u00e9nyes alkalmaz\u00e1sok futtat\u00e1s\u00e1r\u00f3l, ez az AMD processzor egyenletes teljes\u00edtm\u00e9nyt \u00e9s hat\u00e9konys\u00e1got biztos\u00edt. Az eMachines E642 sorozattal val\u00f3 kompatibilit\u00e1sra tervezve, a telep\u00edt\u00e9s egyszer\u0171, z\u00f6kken\u0151mentes friss\u00edt\u00e9si \u00e9lm\u00e9nyt biztos\u00edt. Fektessen be az AMD Mobile Athlon II P320 CPU-ba m\u00e9g ma, \u00e9s \u00e9lvezze a jobb feldolgoz\u00e1si teljes\u00edtm\u00e9nyt \u00e9s a rendszer \u00e1ltal\u00e1nos teljes\u00edtm\u00e9ny\u00e9t.<\/p>\n","protected":false},"excerpt":{"rendered":"<p>N\u00f6velje eMachines E642 laptopja sebess\u00e9g\u00e9t \u00e9s v\u00e1laszk\u00e9szs\u00e9g\u00e9t az AMD Mobile Athlon II P320 CPU-val. Ez az eredeti processzor megn\u00f6velt teljes\u00edtm\u00e9nyt k\u00edn\u00e1l t\u00f6bbfeladatos munkav\u00e9gz\u00e9shez, j\u00e1t\u00e9khoz \u00e9s ig\u00e9nyes alkalmaz\u00e1sokhoz. K\u00f6nnyen telep\u00edthet\u0151 \u00e9s kompatibilis az eMachines E642 sorozattal, ez a t\u00f6k\u00e9letes friss\u00edt\u00e9s laptopj\u00e1hoz.<\/p>\n","protected":false},"featured_media":6731,"template":"","meta":[],"product_brand":[],"product_cat":[39],"product_tag":[69],"class_list":{"0":"post-6697","1":"product","2":"type-product","3":"status-publish","4":"has-post-thumbnail","6":"product_cat-processors-cpu","7":"product_tag-emachines","9":"first","10":"instock","11":"taxable","12":"shipping-taxable","13":"purchasable","14":"product-type-simple"},"_links":{"self":[{"href":"https:\/\/boreait.com\/hu\/wp-json\/wp\/v2\/product\/6697","targetHints":{"allow":["GET"]}}],"collection":[{"href":"https:\/\/boreait.com\/hu\/wp-json\/wp\/v2\/product"}],"about":[{"href":"https:\/\/boreait.com\/hu\/wp-json\/wp\/v2\/types\/product"}],"wp:featuredmedia":[{"embeddable":true,"href":"https:\/\/boreait.com\/hu\/wp-json\/wp\/v2\/media\/6731"}],"wp:attachment":[{"href":"https:\/\/boreait.com\/hu\/wp-json\/wp\/v2\/media?parent=6697"}],"wp:term":[{"taxonomy":"product_brand","embeddable":true,"href":"https:\/\/boreait.com\/hu\/wp-json\/wp\/v2\/product_brand?post=6697"},{"taxonomy":"product_cat","embeddable":true,"href":"https:\/\/boreait.com\/hu\/wp-json\/wp\/v2\/product_cat?post=6697"},{"taxonomy":"product_tag","embeddable":true,"href":"https:\/\/boreait.com\/hu\/wp-json\/wp\/v2\/product_tag?post=6697"}],"curies":[{"name":"wp","href":"https:\/\/api.w.org\/{rel}","templated":true}]}}