{"id":6696,"date":"2025-09-17T11:42:26","date_gmt":"2025-09-17T09:42:26","guid":{"rendered":"https:\/\/boreait.com\/hu\/?post_type=product&#038;p=6696"},"modified":"2026-01-19T11:07:40","modified_gmt":"2026-01-19T10:07:40","slug":"emachines-e642-bekapcsologomb-e642g-kapcsolokartya-taplapkartya","status":"publish","type":"product","link":"https:\/\/boreait.com\/hu\/termek\/emachines-e642-bekapcsologomb-e642g-kapcsolokartya-taplapkartya\/","title":{"rendered":"eMachines E642 bekapcsol\u00f3gomb &#8211; E642G kapcsol\u00f3k\u00e1rtya T\u00e1plapk\u00e1rtya"},"content":{"rendered":"<p>Friss\u00edtse vagy cser\u00e9lje ki eMachines E642 vagy E642G laptopja bekapcsol\u00f3gombos kapcsol\u00f3k\u00e1rty\u00e1j\u00e1t ezzel a kiv\u00e1l\u00f3 min\u0151s\u00e9g\u0171 cserealkatr\u00e9szrel. Az eszk\u00f6z funkcionalit\u00e1s\u00e1nak helyre\u00e1ll\u00edt\u00e1s\u00e1ra tervezett t\u00e1pegys\u00e9gk\u00e1rtya megb\u00edzhat\u00f3 energiagazd\u00e1lkod\u00e1st biztos\u00edt, lehet\u0151v\u00e9 t\u00e9ve a laptop egyszer\u0171 be- \u00e9s kikapcsol\u00e1s\u00e1t. A pontoss\u00e1g \u00e9s a tart\u00f3ss\u00e1g szem el\u0151tt tart\u00e1s\u00e1val k\u00e9sz\u00fclt, ez a kapcsol\u00f3k\u00e1rtya tart\u00f3snak k\u00e9sz\u00fclt, \u00e9s hosszan tart\u00f3 teljes\u00edtm\u00e9nyt ny\u00fajt az \u00d6n k\u00e9nyelme \u00e9rdek\u00e9ben. Ezzel az eredeti cserealkatr\u00e9szrel \u00e1ll\u00edtsa helyre laptopja funkcionalit\u00e1s\u00e1t \u00e9s teljes\u00edtm\u00e9nyszab\u00e1lyoz\u00e1si k\u00e9pess\u00e9geit. K\u00f6nnyen telep\u00edthet\u0151 \u00e9s kompatibilis az eMachines E642 \u00e9s E642G modellekkel, ez a kapcsol\u00f3k\u00e1rtya t\u00f6k\u00e9letes megold\u00e1s laptopja jav\u00edt\u00e1si ig\u00e9nyeire.<\/p>\n","protected":false},"excerpt":{"rendered":"<p>Cser\u00e9lje ki az eMachines E642 vagy E642G laptop bekapcsol\u00f3gomb-kapcsol\u00f3k\u00e1rty\u00e1j\u00e1t ezzel a kiv\u00e1l\u00f3 min\u0151s\u00e9g\u0171 cserealkatr\u00e9szre. Biztos\u00edtson megb\u00edzhat\u00f3 energiagazd\u00e1lkod\u00e1st \u00e9s egyszer\u0171 kezel\u00e9st ezzel az eredeti kapcsol\u00f3k\u00e1rty\u00e1val. K\u00f6nnyen telep\u00edthet\u0151 \u00e9s tart\u00f3san meg\u00e9p\u00edthet\u0151, ez a cserealkatr\u00e9sz vissza\u00e1ll\u00edtja az eszk\u00f6z m\u0171k\u00f6d\u00e9s\u00e9t, lehet\u0151v\u00e9 t\u00e9ve a k\u00f6nny\u0171 be- \u00e9s kikapcsol\u00e1st.<\/p>\n","protected":false},"featured_media":6730,"template":"","meta":[],"product_brand":[],"product_cat":[27],"product_tag":[69],"class_list":{"0":"post-6696","1":"product","2":"type-product","3":"status-publish","4":"has-post-thumbnail","6":"product_cat-motherboards-board-parts","7":"product_tag-emachines","9":"first","10":"instock","11":"taxable","12":"shipping-taxable","13":"purchasable","14":"product-type-simple"},"_links":{"self":[{"href":"https:\/\/boreait.com\/hu\/wp-json\/wp\/v2\/product\/6696","targetHints":{"allow":["GET"]}}],"collection":[{"href":"https:\/\/boreait.com\/hu\/wp-json\/wp\/v2\/product"}],"about":[{"href":"https:\/\/boreait.com\/hu\/wp-json\/wp\/v2\/types\/product"}],"wp:featuredmedia":[{"embeddable":true,"href":"https:\/\/boreait.com\/hu\/wp-json\/wp\/v2\/media\/6730"}],"wp:attachment":[{"href":"https:\/\/boreait.com\/hu\/wp-json\/wp\/v2\/media?parent=6696"}],"wp:term":[{"taxonomy":"product_brand","embeddable":true,"href":"https:\/\/boreait.com\/hu\/wp-json\/wp\/v2\/product_brand?post=6696"},{"taxonomy":"product_cat","embeddable":true,"href":"https:\/\/boreait.com\/hu\/wp-json\/wp\/v2\/product_cat?post=6696"},{"taxonomy":"product_tag","embeddable":true,"href":"https:\/\/boreait.com\/hu\/wp-json\/wp\/v2\/product_tag?post=6696"}],"curies":[{"name":"wp","href":"https:\/\/api.w.org\/{rel}","templated":true}]}}