{"id":6695,"date":"2025-09-17T11:42:26","date_gmt":"2025-09-17T09:42:26","guid":{"rendered":"https:\/\/boreait.com\/hu\/?post_type=product&#038;p=6695"},"modified":"2025-09-17T11:42:46","modified_gmt":"2025-09-17T09:42:46","slug":"hangszoro-tok-emachines-e642-e642g-hangszorokhoz","status":"publish","type":"product","link":"https:\/\/boreait.com\/hu\/termek\/hangszoro-tok-emachines-e642-e642g-hangszorokhoz\/","title":{"rendered":"HANGSZ\u00d3R\u00d3 TOK eMachines E642 &#8211; E642G hangsz\u00f3r\u00f3khoz"},"content":{"rendered":"<p>N\u00f6velje hang\u00e9lm\u00e9ny\u00e9t ezzel az eMachines E642 \u00e9s E642G laptopokhoz tervezett hangsz\u00f3r\u00f3tokkal. Ez a hangsz\u00f3r\u00f3tok tiszta hangkimenetet biztos\u00edt, \u00e9s fokozza a multim\u00e9di\u00e1s \u00e9lm\u00e9nyt, ak\u00e1r filmeket n\u00e9z, zen\u00e9t hallgat, ak\u00e1r videocseveg\u00e9st folytat bar\u00e1taival \u00e9s csal\u00e1dj\u00e1val. A prec\u00edzen megalkotott, hogy z\u00f6kken\u0151mentesen illeszkedjen a laptopj\u00e1ba, ez a hangsz\u00f3r\u00f3tok k\u00f6nnyen felszerelhet\u0151, \u00e9s megb\u00edzhat\u00f3 megold\u00e1st k\u00edn\u00e1l a s\u00e9r\u00fclt vagy hib\u00e1s hangsz\u00f3r\u00f3k cser\u00e9j\u00e9re. \u00c9lvezze az \u00e9les \u00e9s mag\u00e1val ragad\u00f3 hangmin\u0151s\u00e9get ezekkel a kiv\u00e1l\u00f3 min\u0151s\u00e9g\u0171 hangsz\u00f3r\u00f3kkal. Fektessen be sz\u00f3rakoz\u00e1si \u00e9s kommunik\u00e1ci\u00f3s ig\u00e9nyeibe m\u00e9g ma ezzel az eMachines E642 \u00e9s E642G laptopokhoz k\u00e9sz\u00fclt hangsz\u00f3r\u00f3tokkal.<\/p>\n","protected":false},"excerpt":{"rendered":"<p>Fokozza a hang\u00e9lm\u00e9nyt ezzel az eMachines E642 &#8211; E642G laptopokhoz k\u00e9sz\u00fclt hangsz\u00f3r\u00f3tokkal. K\u00f6nnyen telep\u00edthet\u0151 \u00e9s tiszta hangkimenetet biztos\u00edt\u00f3 hangsz\u00f3r\u00f3k t\u00f6k\u00e9letes megold\u00e1st jelentenek a s\u00e9r\u00fclt vagy hib\u00e1s audiokomponensek cser\u00e9j\u00e9re. Friss\u00edtse multim\u00e9di\u00e1s \u00e9lm\u00e9ny\u00e9t m\u00e9g ma!<\/p>\n","protected":false},"featured_media":6729,"template":"","meta":[],"product_brand":[],"product_cat":[18],"product_tag":[69],"class_list":{"0":"post-6695","1":"product","2":"type-product","3":"status-publish","4":"has-post-thumbnail","6":"product_cat-laptop-speakers","7":"product_tag-emachines","9":"first","10":"instock","11":"taxable","12":"shipping-taxable","13":"purchasable","14":"product-type-simple"},"_links":{"self":[{"href":"https:\/\/boreait.com\/hu\/wp-json\/wp\/v2\/product\/6695","targetHints":{"allow":["GET"]}}],"collection":[{"href":"https:\/\/boreait.com\/hu\/wp-json\/wp\/v2\/product"}],"about":[{"href":"https:\/\/boreait.com\/hu\/wp-json\/wp\/v2\/types\/product"}],"wp:featuredmedia":[{"embeddable":true,"href":"https:\/\/boreait.com\/hu\/wp-json\/wp\/v2\/media\/6729"}],"wp:attachment":[{"href":"https:\/\/boreait.com\/hu\/wp-json\/wp\/v2\/media?parent=6695"}],"wp:term":[{"taxonomy":"product_brand","embeddable":true,"href":"https:\/\/boreait.com\/hu\/wp-json\/wp\/v2\/product_brand?post=6695"},{"taxonomy":"product_cat","embeddable":true,"href":"https:\/\/boreait.com\/hu\/wp-json\/wp\/v2\/product_cat?post=6695"},{"taxonomy":"product_tag","embeddable":true,"href":"https:\/\/boreait.com\/hu\/wp-json\/wp\/v2\/product_tag?post=6695"}],"curies":[{"name":"wp","href":"https:\/\/api.w.org\/{rel}","templated":true}]}}