{"id":6694,"date":"2025-09-17T11:42:25","date_gmt":"2025-09-17T09:42:25","guid":{"rendered":"https:\/\/boreait.com\/hu\/?post_type=product&#038;p=6694"},"modified":"2026-01-19T11:07:22","modified_gmt":"2026-01-19T10:07:22","slug":"kingston-2gb-pc3-10600-ddr3-1333mhz-ram-memoria-modul-acr256x64d3s1333c9","status":"publish","type":"product","link":"https:\/\/boreait.com\/hu\/termek\/kingston-2gb-pc3-10600-ddr3-1333mhz-ram-memoria-modul-acr256x64d3s1333c9\/","title":{"rendered":"Kingston 2GB PC3-10600 DDR3-1333MHz RAM mem\u00f3ria modul ACR256X64D3S1333C9"},"content":{"rendered":"<p>B\u0151v\u00edtse sz\u00e1m\u00edt\u00f3g\u00e9pe mem\u00f3ri\u00e1j\u00e1t a Kingston ACR256X64D3S1333C9 2 GB RAM modullal. A kompatibilit\u00e1sra \u00e9s megb\u00edzhat\u00f3s\u00e1gra tervezett DDR3-1333MHz nem ECC puffereletlen mem\u00f3riamodul z\u00f6kken\u0151mentes teljes\u00edtm\u00e9nyt ny\u00fajt az \u00d6n sz\u00e1m\u00edt\u00e1stechnikai ig\u00e9nyeinek. A CL9 k\u00e9sleltet\u00e9ssel gyors adathozz\u00e1f\u00e9r\u00e9st \u00e9s z\u00f6kken\u0151mentes t\u00f6bbfeladatos munkav\u00e9gz\u00e9st biztos\u00edt. Ak\u00e1r h\u00e9tk\u00f6znapi felhaszn\u00e1l\u00f3, ak\u00e1r ig\u00e9nyes szakember, ez a Kingston RAM modul biztos\u00edtja a rendszere hat\u00e9konys\u00e1g\u00e1nak n\u00f6vel\u00e9s\u00e9hez sz\u00fcks\u00e9ges teljes\u00edtm\u00e9nyt \u00e9s megb\u00edzhat\u00f3s\u00e1got. K\u00f6nnyed\u00e9n telep\u00edtheti kompatibilis rendszer\u00e9be, \u00e9s megtapasztalhatja alkalmaz\u00e1sai \u00e9s feladatai gyorsabban \u00e9s gyorsabban reag\u00e1lva.<\/p>\n","protected":false},"excerpt":{"rendered":"<p>N\u00f6velje sz\u00e1m\u00edt\u00f3g\u00e9pe teljes\u00edtm\u00e9ny\u00e9t a Kingston ACR256X64D3S1333C9 2 GB DDR3 RAM modullal. A DDR3-1333 MHz-es sebess\u00e9ggel \u00e9s a CL9 k\u00e9sleltet\u00e9ssel rendelkez\u0151, nem ECC puffereletlen mem\u00f3riamodul gyors adathozz\u00e1f\u00e9r\u00e9st \u00e9s z\u00f6kken\u0151mentes t\u00f6bbfeladatos munkav\u00e9gz\u00e9st biztos\u00edt. Egyszer\u0171en telep\u00edtse a kompatibilis rendszer\u00e9be, hogy gyorsabban \u00e9s gyorsabban reag\u00e1ljon alkalmaz\u00e1saira \u00e9s feladataira.<\/p>\n","protected":false},"featured_media":6728,"template":"","meta":[],"product_brand":[],"product_cat":[37,36],"product_tag":[],"class_list":{"0":"post-6694","1":"product","2":"type-product","3":"status-publish","4":"has-post-thumbnail","6":"product_cat-ddr3-ddr3l","7":"product_cat-ram-memory","9":"first","10":"instock","11":"taxable","12":"shipping-taxable","13":"purchasable","14":"product-type-simple"},"_links":{"self":[{"href":"https:\/\/boreait.com\/hu\/wp-json\/wp\/v2\/product\/6694","targetHints":{"allow":["GET"]}}],"collection":[{"href":"https:\/\/boreait.com\/hu\/wp-json\/wp\/v2\/product"}],"about":[{"href":"https:\/\/boreait.com\/hu\/wp-json\/wp\/v2\/types\/product"}],"wp:featuredmedia":[{"embeddable":true,"href":"https:\/\/boreait.com\/hu\/wp-json\/wp\/v2\/media\/6728"}],"wp:attachment":[{"href":"https:\/\/boreait.com\/hu\/wp-json\/wp\/v2\/media?parent=6694"}],"wp:term":[{"taxonomy":"product_brand","embeddable":true,"href":"https:\/\/boreait.com\/hu\/wp-json\/wp\/v2\/product_brand?post=6694"},{"taxonomy":"product_cat","embeddable":true,"href":"https:\/\/boreait.com\/hu\/wp-json\/wp\/v2\/product_cat?post=6694"},{"taxonomy":"product_tag","embeddable":true,"href":"https:\/\/boreait.com\/hu\/wp-json\/wp\/v2\/product_tag?post=6694"}],"curies":[{"name":"wp","href":"https:\/\/api.w.org\/{rel}","templated":true}]}}