{"id":6693,"date":"2025-09-17T11:42:25","date_gmt":"2025-09-17T09:42:25","guid":{"rendered":"https:\/\/boreait.com\/hu\/?post_type=product&#038;p=6693"},"modified":"2026-01-19T11:07:03","modified_gmt":"2026-01-19T10:07:03","slug":"nanya-4-gb-so-dimm-1333-mhz-pc3-10600-ddr3-memoria-nt4gc64b8hg0nscg","status":"publish","type":"product","link":"https:\/\/boreait.com\/hu\/termek\/nanya-4-gb-so-dimm-1333-mhz-pc3-10600-ddr3-memoria-nt4gc64b8hg0nscg\/","title":{"rendered":"Nanya 4 GB SO-DIMM 1333 MHz PC3-10600 DDR3 mem\u00f3ria (NT4GC64B8HG0NSCG)"},"content":{"rendered":"<p>N\u00f6velje laptopja teljes\u00edtm\u00e9ny\u00e9t a Nanya 4 GB SO-DIMM DDR3 mem\u00f3riamodullal. A z\u00f6kken\u0151mentes t\u00f6bbfeladatos munkav\u00e9gz\u00e9sre \u00e9s a g\u00f6rd\u00fcl\u00e9kenyebb m\u0171veletekre tervezett mem\u00f3riamodul t\u00f6k\u00e9letes a sz\u00e1m\u00edt\u00e1stechnikai \u00e9lm\u00e9ny fokoz\u00e1s\u00e1ra. Az 1333 MHz-es \u00f3rajellel (PC3-10600) jobb v\u00e1laszk\u00e9szs\u00e9gre \u00e9s gyorsabb adat\u00e1tviteli sebess\u00e9gre sz\u00e1m\u00edthat. Legyen \u00d6n alkalmi felhaszn\u00e1l\u00f3, di\u00e1k vagy profi, ez a mem\u00f3riab\u0151v\u00edt\u00e9s \u00faj \u00e9letet lehel laptopj\u00e1ba. A k\u00fcl\u00f6nf\u00e9le laptopmodellekkel kompatibilis, bele\u00e9rtve a SO-DIMM mem\u00f3ri\u00e1t ig\u00e9nyl\u0151ket is, a telep\u00edt\u00e9s gyors \u00e9s egyszer\u0171. Egyszer\u0171en plug and play, hogy \u00e9lvezze a megn\u00f6vekedett rendszerteljes\u00edtm\u00e9nyt \u00e9s hat\u00e9konys\u00e1got. Fektessen be a Nanya 4 GB DDR3 mem\u00f3riamodulba m\u00e9g ma, \u00e9s emelje laptopj\u00e1t a k\u00f6vetkez\u0151 szintre!<\/p>\n","protected":false},"excerpt":{"rendered":"<p>N\u00f6velje laptopja teljes\u00edtm\u00e9ny\u00e9t a Nanya 4 GB SO-DIMM DDR3 mem\u00f3riamodullal. Ez a z\u00f6kken\u0151mentes t\u00f6bbfeladatos munkav\u00e9gz\u00e9sre \u00e9s g\u00f6rd\u00fcl\u00e9kenyebb m\u0171veletekre tervezett mem\u00f3riab\u0151v\u00edt\u00e9s jav\u00edtja a sz\u00e1m\u00edt\u00e1stechnikai \u00e9lm\u00e9nyt. Az 1333 MHz-es \u00f3rajellel (PC3-10600) \u00e9lvezheti a jobb v\u00e1laszk\u00e9szs\u00e9get \u00e9s a gyorsabb adat\u00e1tviteli sebess\u00e9get. Egyszer\u0171 telep\u00edt\u00e9s az azonnali teljes\u00edtm\u00e9nyn\u00f6vel\u00e9shez!<\/p>\n","protected":false},"featured_media":6727,"template":"","meta":[],"product_brand":[],"product_cat":[37,36],"product_tag":[],"class_list":{"0":"post-6693","1":"product","2":"type-product","3":"status-publish","4":"has-post-thumbnail","6":"product_cat-ddr3-ddr3l","7":"product_cat-ram-memory","9":"first","10":"instock","11":"taxable","12":"shipping-taxable","13":"purchasable","14":"product-type-simple"},"_links":{"self":[{"href":"https:\/\/boreait.com\/hu\/wp-json\/wp\/v2\/product\/6693","targetHints":{"allow":["GET"]}}],"collection":[{"href":"https:\/\/boreait.com\/hu\/wp-json\/wp\/v2\/product"}],"about":[{"href":"https:\/\/boreait.com\/hu\/wp-json\/wp\/v2\/types\/product"}],"wp:featuredmedia":[{"embeddable":true,"href":"https:\/\/boreait.com\/hu\/wp-json\/wp\/v2\/media\/6727"}],"wp:attachment":[{"href":"https:\/\/boreait.com\/hu\/wp-json\/wp\/v2\/media?parent=6693"}],"wp:term":[{"taxonomy":"product_brand","embeddable":true,"href":"https:\/\/boreait.com\/hu\/wp-json\/wp\/v2\/product_brand?post=6693"},{"taxonomy":"product_cat","embeddable":true,"href":"https:\/\/boreait.com\/hu\/wp-json\/wp\/v2\/product_cat?post=6693"},{"taxonomy":"product_tag","embeddable":true,"href":"https:\/\/boreait.com\/hu\/wp-json\/wp\/v2\/product_tag?post=6693"}],"curies":[{"name":"wp","href":"https:\/\/api.w.org\/{rel}","templated":true}]}}