{"id":6692,"date":"2025-09-17T11:42:25","date_gmt":"2025-09-17T09:42:25","guid":{"rendered":"https:\/\/boreait.com\/hu\/?post_type=product&#038;p=6692"},"modified":"2026-01-19T10:55:32","modified_gmt":"2026-01-19T09:55:32","slug":"emachines-e442-e443-e529-e642-e642g-e644-e644g-e729-e729z-lcd-kepernyo-zsanerok","status":"publish","type":"product","link":"https:\/\/boreait.com\/hu\/termek\/emachines-e442-e443-e529-e642-e642g-e644-e644g-e729-e729z-lcd-kepernyo-zsanerok\/","title":{"rendered":"eMachines E442 E443 E529 E642 E642G E644 E644G E729 E729Z LCD k\u00e9perny\u0151 zsan\u00e9rok"},"content":{"rendered":"<p>B\u0151v\u00edtse eMachines laptopja funkcionalit\u00e1s\u00e1t ezekkel a m\u00e1rk\u00e1s LCD-k\u00e9perny\u0151s zsan\u00e9rokkal, amelyek kompatibilisek a k\u00fcl\u00f6nb\u00f6z\u0151 modellekkel, bele\u00e9rtve az E442, E443, E529, E642, E642G, E644, E644G, E729 \u00e9s E729Z modelleket. A prec\u00edzi\u00f3s tervez\u00e9s \u00e9s a tart\u00f3ss\u00e1g szem el\u0151tt tart\u00e1s\u00e1val k\u00e9sz\u00fclt zsan\u00e9rok biztos\u00edtj\u00e1k a laptop fedel\u00e9nek z\u00f6kken\u0151mentes nyit\u00e1s\u00e1t \u00e9s z\u00e1r\u00e1s\u00e1t, stabilit\u00e1st \u00e9s t\u00e1mogat\u00e1st biztos\u00edtva a k\u00e9perny\u0151monitornak. A kiv\u00e1l\u00f3 min\u0151s\u00e9g\u0171 anyagokb\u00f3l k\u00e9sz\u00fclt zsan\u00e9rok \u00fagy k\u00e9sz\u00fcltek, hogy ellen\u00e1lljanak a napi haszn\u00e1latnak, \u00e9s hossz\u00fa \u00e9lettartamot biztos\u00edtsanak. Legyen sz\u00f3 di\u00e1k, professzion\u00e1lis vagy alkalmi felhaszn\u00e1l\u00f3r\u00f3l, ezek a zsan\u00e9rok megb\u00edzhat\u00f3 megold\u00e1st k\u00edn\u00e1lnak laptopja \u00e9ps\u00e9g\u00e9nek meg\u0151rz\u00e9s\u00e9re. K\u00f6nnyed\u00e9n cser\u00e9lje ki az elhaszn\u00e1l\u00f3dott vagy s\u00e9r\u00fclt zsan\u00e9rokat, \u00e9s \u00e1ll\u00edtsa vissza laptopja optim\u00e1lis m\u0171k\u00f6d\u00e9s\u00e9t ezzel az alapvet\u0151 laptop-alkatr\u00e9szrel.<\/p>\n","protected":false},"excerpt":{"rendered":"<p>N\u00f6velje eMachines laptopja teljes\u00edtm\u00e9ny\u00e9t \u00e9s tart\u00f3ss\u00e1g\u00e1t ezekkel az LCD-k\u00e9perny\u0151s zsan\u00e9rokkal. T\u00f6bb modellel kompatibilis, k\u00f6zt\u00fck az E442, E443, E529, E642, E642G, E644, E644G, E729 \u00e9s E729Z, ezek a zsan\u00e9rok biztos\u00edtj\u00e1k a laptop k\u00e9perny\u0151j\u00e9nek z\u00f6kken\u0151mentes m\u0171k\u00f6d\u00e9s\u00e9t \u00e9s stabilit\u00e1s\u00e1t. Friss\u00edtsen m\u00e9g ma, \u00e9s \u00e9lvezze eszk\u00f6ze tov\u00e1bbfejlesztett funkcionalit\u00e1s\u00e1t \u00e9s t\u00e1mogat\u00e1s\u00e1t.<\/p>\n","protected":false},"featured_media":6726,"template":"","meta":[],"product_brand":[],"product_cat":[19],"product_tag":[69],"class_list":{"0":"post-6692","1":"product","2":"type-product","3":"status-publish","4":"has-post-thumbnail","6":"product_cat-screen-hinge","7":"product_tag-emachines","9":"first","10":"instock","11":"taxable","12":"shipping-taxable","13":"purchasable","14":"product-type-simple"},"_links":{"self":[{"href":"https:\/\/boreait.com\/hu\/wp-json\/wp\/v2\/product\/6692","targetHints":{"allow":["GET"]}}],"collection":[{"href":"https:\/\/boreait.com\/hu\/wp-json\/wp\/v2\/product"}],"about":[{"href":"https:\/\/boreait.com\/hu\/wp-json\/wp\/v2\/types\/product"}],"wp:featuredmedia":[{"embeddable":true,"href":"https:\/\/boreait.com\/hu\/wp-json\/wp\/v2\/media\/6726"}],"wp:attachment":[{"href":"https:\/\/boreait.com\/hu\/wp-json\/wp\/v2\/media?parent=6692"}],"wp:term":[{"taxonomy":"product_brand","embeddable":true,"href":"https:\/\/boreait.com\/hu\/wp-json\/wp\/v2\/product_brand?post=6692"},{"taxonomy":"product_cat","embeddable":true,"href":"https:\/\/boreait.com\/hu\/wp-json\/wp\/v2\/product_cat?post=6692"},{"taxonomy":"product_tag","embeddable":true,"href":"https:\/\/boreait.com\/hu\/wp-json\/wp\/v2\/product_tag?post=6692"}],"curies":[{"name":"wp","href":"https:\/\/api.w.org\/{rel}","templated":true}]}}