{"id":6690,"date":"2025-09-17T11:42:25","date_gmt":"2025-09-17T09:42:25","guid":{"rendered":"https:\/\/boreait.com\/hu\/?post_type=product&#038;p=6690"},"modified":"2025-09-17T11:42:42","modified_gmt":"2025-09-17T09:42:42","slug":"billentyuzet-az-acer-aspire-pk130c91123-v104702ak3-cserealkatreszhez","status":"publish","type":"product","link":"https:\/\/boreait.com\/hu\/termek\/billentyuzet-az-acer-aspire-pk130c91123-v104702ak3-cserealkatreszhez\/","title":{"rendered":"Billenty\u0171zet az Acer Aspire PK130C91123 V104702AK3 cserealkatr\u00e9szhez"},"content":{"rendered":"<p>Elrendez\u00e9s: szlov\u00e9n (SLO) \u2013 m\u00e1s orsz\u00e1gokkal \u00e9s nyelvekkel is kompatibilis.<\/p>\n<p>Friss\u00edtse vagy cser\u00e9lje ki Acer Aspire laptopja billenty\u0171zet\u00e9t ezzel a kiv\u00e1l\u00f3 min\u0151s\u00e9g\u0171 billenty\u0171zettel. A PK130C91123 V104702AK3 modell kompatibilis helyettes\u00edt\u00e9s\u00e9re tervezett billenty\u0171zet z\u00f6kken\u0151mentes integr\u00e1ci\u00f3t \u00e9s megb\u00edzhat\u00f3 teljes\u00edtm\u00e9nyt k\u00edn\u00e1l. A pontoss\u00e1g \u00e9s a tart\u00f3ss\u00e1g szem el\u0151tt tart\u00e1s\u00e1val k\u00e9sz\u00fclt minden billenty\u0171 tapinthat\u00f3 visszajelz\u00e9st ad a k\u00e9nyelmes g\u00e9pel\u00e9s \u00e9rdek\u00e9ben. F\u00fcggetlen\u00fcl att\u00f3l, hogy dokumentumokat g\u00e9pel, b\u00f6ng\u00e9szik az interneten vagy j\u00e1tszik, ez a billenty\u0171zet z\u00f6kken\u0151mentes \u00e9s rugalmas \u00e9lm\u00e9nyt biztos\u00edt. A telep\u00edt\u00e9s egyszer\u0171, \u00edgy k\u00f6nnyen vissza\u00e1ll\u00edthat\u00f3 a laptop funkcionalit\u00e1sa. Fektessen be ebbe a billenty\u0171zetbe m\u00e9g ma, \u00e9s \u00e9lvezze a fokozott termel\u00e9kenys\u00e9get \u00e9s k\u00e9nyelmet Acer Aspire laptopj\u00e1val.<\/p>\n","protected":false},"excerpt":{"rendered":"<p>Cser\u00e9lje vagy friss\u00edtse Acer Aspire laptop billenty\u0171zet\u00e9t ezzel a kompatibilis cserealkatr\u00e9szrel. \u00c9lvezze a k\u00e9nyelmes g\u00e9pel\u00e9st \u00e9s az \u00e9rz\u00e9keny teljes\u00edtm\u00e9nyt minden egyes gombnyom\u00e1ssal. K\u00f6nnyen telep\u00edthet\u0151, ez a billenty\u0171zet k\u00f6nnyed\u00e9n vissza\u00e1ll\u00edtja laptopja funkcionalit\u00e1s\u00e1t.<\/p>\n","protected":false},"featured_media":6723,"template":"","meta":[],"product_brand":[],"product_cat":[35],"product_tag":[29],"class_list":{"0":"post-6690","1":"product","2":"type-product","3":"status-publish","4":"has-post-thumbnail","6":"product_cat-laptop-keyboard","7":"product_tag-acer","9":"first","10":"instock","11":"taxable","12":"shipping-taxable","13":"purchasable","14":"product-type-simple"},"_links":{"self":[{"href":"https:\/\/boreait.com\/hu\/wp-json\/wp\/v2\/product\/6690","targetHints":{"allow":["GET"]}}],"collection":[{"href":"https:\/\/boreait.com\/hu\/wp-json\/wp\/v2\/product"}],"about":[{"href":"https:\/\/boreait.com\/hu\/wp-json\/wp\/v2\/types\/product"}],"wp:featuredmedia":[{"embeddable":true,"href":"https:\/\/boreait.com\/hu\/wp-json\/wp\/v2\/media\/6723"}],"wp:attachment":[{"href":"https:\/\/boreait.com\/hu\/wp-json\/wp\/v2\/media?parent=6690"}],"wp:term":[{"taxonomy":"product_brand","embeddable":true,"href":"https:\/\/boreait.com\/hu\/wp-json\/wp\/v2\/product_brand?post=6690"},{"taxonomy":"product_cat","embeddable":true,"href":"https:\/\/boreait.com\/hu\/wp-json\/wp\/v2\/product_cat?post=6690"},{"taxonomy":"product_tag","embeddable":true,"href":"https:\/\/boreait.com\/hu\/wp-json\/wp\/v2\/product_tag?post=6690"}],"curies":[{"name":"wp","href":"https:\/\/api.w.org\/{rel}","templated":true}]}}