{"id":669,"date":"2025-09-17T09:29:46","date_gmt":"2025-09-17T07:29:46","guid":{"rendered":"https:\/\/boreait.com\/hu\/?post_type=product&#038;p=669"},"modified":"2026-01-07T09:22:33","modified_gmt":"2026-01-07T08:22:33","slug":"audio-usb-kartya-cp567145-z4-x4-a-fujitsu-lifebook-notebookbol","status":"publish","type":"product","link":"https:\/\/boreait.com\/hu\/termek\/audio-usb-kartya-cp567145-z4-x4-a-fujitsu-lifebook-notebookbol\/","title":{"rendered":"Audio USB k\u00e1rtya CP567145-Z4 X4 a Fujitsu Lifebook notebookb\u00f3l"},"content":{"rendered":"<p>B\u0151v\u00edtse Fujitsu Lifebook notebookja audiok\u00e9pess\u00e9geit a CP567145-Z4 X4 audio USB k\u00e1rty\u00e1val. Ez az eredeti cserek\u00e1rtya kifejezetten az \u00d6n Lifebook modellj\u00e9hez k\u00e9sz\u00fclt, \u00e9s lehet\u0151v\u00e9 teszi a hang\u00e9lm\u00e9ny fokoz\u00e1s\u00e1t.<\/p>\n<p>A CP567145-Z4 X4 Audio USB Board USB-csatlakoz\u00e1ssal rendelkezik, amely lehet\u0151v\u00e9 teszi, hogy hangeszk\u00f6z\u00f6ket, p\u00e9ld\u00e1ul fejhallgat\u00f3t, hangsz\u00f3r\u00f3t vagy mikrofont k\u00f6zvetlen\u00fcl a notebookj\u00e1hoz csatlakoztasson. Ez a k\u00e1rtya megb\u00edzhat\u00f3 \u00e9s stabil kapcsolatot biztos\u00edt, kiv\u00e1l\u00f3 min\u0151s\u00e9g\u0171 hangkimenetet biztos\u00edtva a mag\u00e1val ragad\u00f3 multim\u00e9di\u00e1s \u00e9lm\u00e9ny\u00e9rt.<\/p>\n<p>Az USB audiok\u00e1rtya telep\u00edt\u00e9se egyszer\u0171 folyamat. Gy\u0151z\u0151dj\u00f6n meg arr\u00f3l, hogy notebookja ki van kapcsolva, \u00e9s le van v\u00e1lasztva minden \u00e1ramforr\u00e1sr\u00f3l. Keresse meg a megfelel\u0151 ny\u00edl\u00e1st vagy csatlakoz\u00f3t az alaplapon az alaplap sz\u00e1m\u00e1ra, \u00e9s \u00f3vatosan helyezze be, biztos\u00edtva a biztons\u00e1gos csatlakoz\u00e1st. A telep\u00edt\u00e9s ut\u00e1n \u00e9lvezheti a tov\u00e1bbfejlesztett audiok\u00e9pess\u00e9geket zen\u00e9hez, filmekhez, j\u00e1t\u00e9kokhoz \u00e9s egyebekhez.<\/p>\n<p>Friss\u00edtse Fujitsu Lifebook notebookja hangteljes\u00edtm\u00e9ny\u00e9t a CP567145-Z4 X4 audio USB k\u00e1rty\u00e1val. \u00c9lvezze a kiv\u00e1l\u00f3 min\u0151s\u00e9g\u0171 hangkimenetet, \u00e9s mer\u00fclj\u00f6n el kedvenc multim\u00e9di\u00e1s tartalmaiban. B\u00edzzon az eredeti Fujitsu cserealkatr\u00e9szben a kompatibilit\u00e1s \u00e9s a megb\u00edzhat\u00f3 teljes\u00edtm\u00e9ny \u00e9rdek\u00e9ben.<\/p>\n","protected":false},"excerpt":{"rendered":"<p>N\u00f6velje Fujitsu Lifebook notebookja audiok\u00e9pess\u00e9geit a CP567145-Z4 X4 audio USB k\u00e1rty\u00e1val. Ez az eredeti cserek\u00e1rtya lehet\u0151v\u00e9 teszi audioeszk\u00f6z\u00f6k csatlakoztat\u00e1s\u00e1t USB-n kereszt\u00fcl, \u00e9s kiv\u00e1l\u00f3 min\u0151s\u00e9g\u0171 hangkimenetet \u00e9lvezhet. Jav\u00edtsa notebookja hangteljes\u00edtm\u00e9ny\u00e9t a mag\u00e1val ragad\u00f3 multim\u00e9di\u00e1s \u00e9lm\u00e9ny \u00e9rdek\u00e9ben.<\/p>\n","protected":false},"featured_media":727,"template":"","meta":[],"product_brand":[],"product_cat":[27],"product_tag":[28],"class_list":{"0":"post-669","1":"product","2":"type-product","3":"status-publish","4":"has-post-thumbnail","6":"product_cat-motherboards-board-parts","7":"product_tag-fujitsu","9":"first","10":"instock","11":"taxable","12":"shipping-taxable","13":"purchasable","14":"product-type-simple"},"_links":{"self":[{"href":"https:\/\/boreait.com\/hu\/wp-json\/wp\/v2\/product\/669","targetHints":{"allow":["GET"]}}],"collection":[{"href":"https:\/\/boreait.com\/hu\/wp-json\/wp\/v2\/product"}],"about":[{"href":"https:\/\/boreait.com\/hu\/wp-json\/wp\/v2\/types\/product"}],"wp:featuredmedia":[{"embeddable":true,"href":"https:\/\/boreait.com\/hu\/wp-json\/wp\/v2\/media\/727"}],"wp:attachment":[{"href":"https:\/\/boreait.com\/hu\/wp-json\/wp\/v2\/media?parent=669"}],"wp:term":[{"taxonomy":"product_brand","embeddable":true,"href":"https:\/\/boreait.com\/hu\/wp-json\/wp\/v2\/product_brand?post=669"},{"taxonomy":"product_cat","embeddable":true,"href":"https:\/\/boreait.com\/hu\/wp-json\/wp\/v2\/product_cat?post=669"},{"taxonomy":"product_tag","embeddable":true,"href":"https:\/\/boreait.com\/hu\/wp-json\/wp\/v2\/product_tag?post=669"}],"curies":[{"name":"wp","href":"https:\/\/api.w.org\/{rel}","templated":true}]}}