{"id":6689,"date":"2025-09-17T11:42:25","date_gmt":"2025-09-17T09:42:25","guid":{"rendered":"https:\/\/boreait.com\/hu\/?post_type=product&#038;p=6689"},"modified":"2025-09-17T11:42:40","modified_gmt":"2025-09-17T09:42:40","slug":"emachines-e642g-csuklotamasz-erintopad-felso-burkolattal","status":"publish","type":"product","link":"https:\/\/boreait.com\/hu\/termek\/emachines-e642g-csuklotamasz-erintopad-felso-burkolattal\/","title":{"rendered":"eMachines E642G csukl\u00f3t\u00e1masz \u00e9rint\u0151pad fels\u0151 burkolattal"},"content":{"rendered":"<p>Friss\u00edtse eMachines E642G laptopja megjelen\u00e9s\u00e9t \u00e9s funkcionalit\u00e1s\u00e1t ezzel a m\u00e1rk\u00e1j\u00fa csukl\u00f3t\u00e1maszral, amely integr\u00e1lt \u00e9rint\u0151pad fels\u0151 bor\u00edt\u00e1ssal rendelkezik. A k\u00e9sz\u00fcl\u00e9khez z\u00f6kken\u0151mentesen illeszked\u0151 csukl\u00f3t\u00e1masz nemcsak az eszt\u00e9tik\u00e1t jav\u00edtja, hanem k\u00e9nyelmes fel\u00fcletet is biztos\u00edt a tenyer\u00e9nek g\u00e9pel\u00e9s k\u00f6zben. Az integr\u00e1lt \u00e9rint\u0151pad prec\u00edz kurzorvez\u00e9rl\u00e9st tesz lehet\u0151v\u00e9, \u00edgy a navig\u00e1ci\u00f3 egyszer\u0171. Cser\u00e9lje ki r\u00e9gi vagy s\u00e9r\u00fclt csukl\u00f3t\u00e1masz\u00e1t ezzel a kiv\u00e1l\u00f3 min\u0151s\u00e9g\u0171 csereeszk\u00f6zzel, amellyel vissza\u00e1ll\u00edthatja laptopja optim\u00e1lis \u00e1llapot\u00e1t. K\u00f6nnyen felszerelhet\u0151, ez a csukl\u00f3t\u00e1masz t\u00f6k\u00e9letes megold\u00e1s a laptop alkatr\u00e9szeinek ig\u00e9nyeire.<\/p>\n","protected":false},"excerpt":{"rendered":"<p>Fejlessze eMachines E642G laptopj\u00e1t ezzel a m\u00e1rk\u00e1j\u00fa csukl\u00f3t\u00e1maszral, amely integr\u00e1lt \u00e9rint\u0151pad fels\u0151 burkolattal rendelkezik. Cser\u00e9lje ki r\u00e9gi vagy s\u00e9r\u00fclt csukl\u00f3t\u00e1masz\u00e1t, hogy vissza\u00e1ll\u00edtsa laptopja optim\u00e1lis \u00e1llapot\u00e1t. K\u00f6nnyen felszerelhet\u0151, ez a csukl\u00f3t\u00e1masz t\u00f6k\u00e9letes megold\u00e1s a laptop alkatr\u00e9szeinek ig\u00e9nyeire.<\/p>\n","protected":false},"featured_media":6721,"template":"","meta":[],"product_brand":[],"product_cat":[16],"product_tag":[69],"class_list":{"0":"post-6689","1":"product","2":"type-product","3":"status-publish","4":"has-post-thumbnail","6":"product_cat-laptop-housing","7":"product_tag-emachines","9":"first","10":"instock","11":"taxable","12":"shipping-taxable","13":"purchasable","14":"product-type-simple"},"_links":{"self":[{"href":"https:\/\/boreait.com\/hu\/wp-json\/wp\/v2\/product\/6689","targetHints":{"allow":["GET"]}}],"collection":[{"href":"https:\/\/boreait.com\/hu\/wp-json\/wp\/v2\/product"}],"about":[{"href":"https:\/\/boreait.com\/hu\/wp-json\/wp\/v2\/types\/product"}],"wp:featuredmedia":[{"embeddable":true,"href":"https:\/\/boreait.com\/hu\/wp-json\/wp\/v2\/media\/6721"}],"wp:attachment":[{"href":"https:\/\/boreait.com\/hu\/wp-json\/wp\/v2\/media?parent=6689"}],"wp:term":[{"taxonomy":"product_brand","embeddable":true,"href":"https:\/\/boreait.com\/hu\/wp-json\/wp\/v2\/product_brand?post=6689"},{"taxonomy":"product_cat","embeddable":true,"href":"https:\/\/boreait.com\/hu\/wp-json\/wp\/v2\/product_cat?post=6689"},{"taxonomy":"product_tag","embeddable":true,"href":"https:\/\/boreait.com\/hu\/wp-json\/wp\/v2\/product_tag?post=6689"}],"curies":[{"name":"wp","href":"https:\/\/api.w.org\/{rel}","templated":true}]}}