{"id":6688,"date":"2025-09-17T11:42:25","date_gmt":"2025-09-17T09:42:25","guid":{"rendered":"https:\/\/boreait.com\/hu\/?post_type=product&#038;p=6688"},"modified":"2025-09-17T11:42:36","modified_gmt":"2025-09-17T09:42:36","slug":"emachines-e644-e644g-e442-e642g-ap0c9000210-kijelzokeret-elolap-lcd-burkolat","status":"publish","type":"product","link":"https:\/\/boreait.com\/hu\/termek\/emachines-e644-e644g-e442-e642g-ap0c9000210-kijelzokeret-elolap-lcd-burkolat\/","title":{"rendered":"EMACHINES E644 E644G E442 E642G AP0c9000210 kijelz\u0151keret el\u0151lap LCD burkolat"},"content":{"rendered":"<p>Cser\u00e9lje ki a s\u00e9r\u00fclt vagy elhaszn\u00e1l\u00f3dott kijelz\u0151keret el\u0151lapj\u00e1t \u00e9s LCD fedel\u00e9t erre az eredeti AP0c9000210 cserealkatr\u00e9szre, amely kompatibilis az EMACHINES E644, E644G, E442 \u00e9s E642G laptopokkal. A pontoss\u00e1got \u00e9s a tart\u00f3ss\u00e1got szem el\u0151tt tartva kialak\u00edtott kijelz\u0151keret el\u0151lapja \u00e9s LCD-burkolata t\u00f6k\u00e9letes illeszked\u00e9st \u00e9s z\u00f6kken\u0151mentes integr\u00e1ci\u00f3t biztos\u00edt laptopja k\u00e9perny\u0151j\u00e9hez, meg\u0151rzi szerkezeti integrit\u00e1s\u00e1t \u00e9s eszt\u00e9tikai vonzerej\u00e9t. Kiv\u00e1l\u00f3 min\u0151s\u00e9g\u0171 anyagokb\u00f3l k\u00e9sz\u00fclt, ez a cserealkatr\u00e9sz \u00fagy lett kialak\u00edtva, hogy ellen\u00e1lljon a napi haszn\u00e1latnak, \u00e9s hossz\u00fa \u00e9lettartamot biztos\u00edtson. K\u00f6nnyen felszerelhet\u0151, ez a kijelz\u0151keret el\u0151lapja \u00e9s LCD-burkolata probl\u00e9mamentes cser\u00e9t tesz lehet\u0151v\u00e9, \u00edgy id\u0151t \u00e9s er\u0151fesz\u00edt\u00e9st takar\u00edt meg. Ezzel az eredeti cserealkatr\u00e9szrel \u00e1ll\u00edtsa vissza EMACHINES laptopj\u00e1t eredeti \u00e1llapot\u00e1ba, \u00e9s \u00e9lvezze a megszak\u00edt\u00e1s n\u00e9lk\u00fcli termel\u00e9kenys\u00e9get \u00e9s a vizu\u00e1lis tisztas\u00e1got.<\/p>\n","protected":false},"excerpt":{"rendered":"<p>Cser\u00e9lje ki a s\u00e9r\u00fclt vagy elhaszn\u00e1l\u00f3dott kijelz\u0151keret el\u0151lapj\u00e1t \u00e9s LCD fedel\u00e9t erre az eredeti AP0c9000210 cserealkatr\u00e9szre, amely kompatibilis az EMACHINES E644, E644G, E442 \u00e9s E642G laptopokkal. A pontoss\u00e1got \u00e9s a tart\u00f3ss\u00e1got szem el\u0151tt tartva kialak\u00edtott kijelz\u0151keret el\u0151lapja \u00e9s LCD-burkolata t\u00f6k\u00e9letes illeszked\u00e9st \u00e9s z\u00f6kken\u0151mentes integr\u00e1ci\u00f3t biztos\u00edt laptopja k\u00e9perny\u0151j\u00e9hez, meg\u0151rzi szerkezeti integrit\u00e1s\u00e1t \u00e9s eszt\u00e9tikai vonzerej\u00e9t. Kiv\u00e1l\u00f3 min\u0151s\u00e9g\u0171 anyagokb\u00f3l k\u00e9sz\u00fclt, ez a cserealkatr\u00e9sz \u00fagy lett kialak\u00edtva, hogy ellen\u00e1lljon a napi haszn\u00e1latnak, \u00e9s hossz\u00fa \u00e9lettartamot biztos\u00edtson. K\u00f6nnyen felszerelhet\u0151, ez a kijelz\u0151keret el\u0151lapja \u00e9s LCD-burkolata probl\u00e9mamentes cser\u00e9t tesz lehet\u0151v\u00e9, \u00edgy id\u0151t \u00e9s er\u0151fesz\u00edt\u00e9st takar\u00edt meg.<\/p>\n","protected":false},"featured_media":6719,"template":"","meta":[],"product_brand":[],"product_cat":[16],"product_tag":[69],"class_list":{"0":"post-6688","1":"product","2":"type-product","3":"status-publish","4":"has-post-thumbnail","6":"product_cat-laptop-housing","7":"product_tag-emachines","9":"first","10":"instock","11":"taxable","12":"shipping-taxable","13":"purchasable","14":"product-type-simple"},"_links":{"self":[{"href":"https:\/\/boreait.com\/hu\/wp-json\/wp\/v2\/product\/6688","targetHints":{"allow":["GET"]}}],"collection":[{"href":"https:\/\/boreait.com\/hu\/wp-json\/wp\/v2\/product"}],"about":[{"href":"https:\/\/boreait.com\/hu\/wp-json\/wp\/v2\/types\/product"}],"wp:featuredmedia":[{"embeddable":true,"href":"https:\/\/boreait.com\/hu\/wp-json\/wp\/v2\/media\/6719"}],"wp:attachment":[{"href":"https:\/\/boreait.com\/hu\/wp-json\/wp\/v2\/media?parent=6688"}],"wp:term":[{"taxonomy":"product_brand","embeddable":true,"href":"https:\/\/boreait.com\/hu\/wp-json\/wp\/v2\/product_brand?post=6688"},{"taxonomy":"product_cat","embeddable":true,"href":"https:\/\/boreait.com\/hu\/wp-json\/wp\/v2\/product_cat?post=6688"},{"taxonomy":"product_tag","embeddable":true,"href":"https:\/\/boreait.com\/hu\/wp-json\/wp\/v2\/product_tag?post=6688"}],"curies":[{"name":"wp","href":"https:\/\/api.w.org\/{rel}","templated":true}]}}