{"id":6687,"date":"2025-09-17T11:42:25","date_gmt":"2025-09-17T09:42:25","guid":{"rendered":"https:\/\/boreait.com\/hu\/?post_type=product&#038;p=6687"},"modified":"2025-09-17T11:42:32","modified_gmt":"2025-09-17T09:42:32","slug":"emachines-e442-e642-e642g-lcd-felso-fedel-hatso-fedel-cserealkatresz","status":"publish","type":"product","link":"https:\/\/boreait.com\/hu\/termek\/emachines-e442-e642-e642g-lcd-felso-fedel-hatso-fedel-cserealkatresz\/","title":{"rendered":"eMachines E442 E642 E642G LCD fels\u0151 fed\u00e9l h\u00e1ts\u00f3 fed\u00e9l cserealkatr\u00e9sz"},"content":{"rendered":"<p>Revitaliz\u00e1lja eMachines E442, E642 vagy E642G laptopj\u00e1t ezzel a m\u00e1rk\u00e1s LCD fels\u0151 burkolat h\u00e1ts\u00f3 fed\u00e9l cserealkatr\u00e9sz\u00e9vel. Az OEM specifik\u00e1ci\u00f3i szerint k\u00e9sz\u00fclt burkolat t\u00f6k\u00e9letes illeszked\u00e9st \u00e9s z\u00f6kken\u0151mentes integr\u00e1ci\u00f3t biztos\u00edt a k\u00e9sz\u00fcl\u00e9kkel. A tart\u00f3s anyagokb\u00f3l k\u00e9sz\u00fclt, v\u00e9delmet ny\u00fajt k\u00e9perny\u0151j\u00e9nek, mik\u00f6zben karcs\u00fa \u00e9s professzion\u00e1lis megjelen\u00e9st k\u00f6lcs\u00f6n\u00f6z laptopj\u00e1nak. Ak\u00e1r egy s\u00e9r\u00fclt burkolatot szeretne cser\u00e9lni, ak\u00e1r jav\u00edtani k\u00edv\u00e1nja k\u00e9sz\u00fcl\u00e9ke eszt\u00e9tikai megjelen\u00e9s\u00e9t, ez a cserealkatr\u00e9sz az ide\u00e1lis megold\u00e1s. K\u00f6nnyen telep\u00edthet\u0151, minim\u00e1lis er\u0151fesz\u00edt\u00e9ssel vissza\u00e1ll\u00edthatja laptopja megjelen\u00e9s\u00e9t \u00e9s funkcionalit\u00e1s\u00e1t. Friss\u00edtse eMachines laptopj\u00e1t m\u00e9g ma ezzel a kiv\u00e1l\u00f3 min\u0151s\u00e9g\u0171 LCD fels\u0151 burkolat\u00fa h\u00e1ts\u00f3 fed\u00e9llel.<\/p>\n","protected":false},"excerpt":{"rendered":"<p>Cser\u00e9lje ki s\u00e9r\u00fclt vagy elhaszn\u00e1l\u00f3dott LCD fels\u0151 burkolat\u00e1nak h\u00e1ts\u00f3 fedel\u00e9t az eMachines E442, E642 vagy E642G laptopon erre a m\u00e1rk\u00e1j\u00fa cserealkatr\u00e9szre. Az OEM specifik\u00e1ci\u00f3i szerint k\u00e9sz\u00fclt, t\u00f6k\u00e9letes illeszked\u00e9st biztos\u00edt, \u00e9s eleg\u00e1ns megjelen\u00e9st k\u00f6lcs\u00f6n\u00f6z k\u00e9sz\u00fcl\u00e9k\u00e9nek. K\u00f6nnyen telep\u00edthet\u0151, ide\u00e1lis megold\u00e1s laptopja megjelen\u00e9s\u00e9nek helyre\u00e1ll\u00edt\u00e1s\u00e1hoz \u00e9s a k\u00e9perny\u0151 v\u00e9delm\u00e9hez.<\/p>\n","protected":false},"featured_media":6717,"template":"","meta":[],"product_brand":[],"product_cat":[16],"product_tag":[69],"class_list":{"0":"post-6687","1":"product","2":"type-product","3":"status-publish","4":"has-post-thumbnail","6":"product_cat-laptop-housing","7":"product_tag-emachines","9":"first","10":"instock","11":"taxable","12":"shipping-taxable","13":"purchasable","14":"product-type-simple"},"_links":{"self":[{"href":"https:\/\/boreait.com\/hu\/wp-json\/wp\/v2\/product\/6687","targetHints":{"allow":["GET"]}}],"collection":[{"href":"https:\/\/boreait.com\/hu\/wp-json\/wp\/v2\/product"}],"about":[{"href":"https:\/\/boreait.com\/hu\/wp-json\/wp\/v2\/types\/product"}],"wp:featuredmedia":[{"embeddable":true,"href":"https:\/\/boreait.com\/hu\/wp-json\/wp\/v2\/media\/6717"}],"wp:attachment":[{"href":"https:\/\/boreait.com\/hu\/wp-json\/wp\/v2\/media?parent=6687"}],"wp:term":[{"taxonomy":"product_brand","embeddable":true,"href":"https:\/\/boreait.com\/hu\/wp-json\/wp\/v2\/product_brand?post=6687"},{"taxonomy":"product_cat","embeddable":true,"href":"https:\/\/boreait.com\/hu\/wp-json\/wp\/v2\/product_cat?post=6687"},{"taxonomy":"product_tag","embeddable":true,"href":"https:\/\/boreait.com\/hu\/wp-json\/wp\/v2\/product_tag?post=6687"}],"curies":[{"name":"wp","href":"https:\/\/api.w.org\/{rel}","templated":true}]}}