{"id":6668,"date":"2025-09-17T11:42:05","date_gmt":"2025-09-17T09:42:05","guid":{"rendered":"https:\/\/boreait.com\/hu\/?post_type=product&#038;p=6668"},"modified":"2025-09-17T11:42:22","modified_gmt":"2025-09-17T09:42:22","slug":"hp-compaq-6820s-mukodo-led-monitor-17-laptop-alkatreszek","status":"publish","type":"product","link":"https:\/\/boreait.com\/hu\/termek\/hp-compaq-6820s-mukodo-led-monitor-17-laptop-alkatreszek\/","title":{"rendered":"HP Compaq 6820s m\u0171k\u00f6d\u0151 LED-monitor 17&#8243; &#8211; Laptop alkatr\u00e9szek"},"content":{"rendered":"<p>Fedezze fel a HP Compaq 6820-ban rejl\u0151 lehet\u0151s\u00e9geket ezzel a m\u0171k\u00f6d\u0151 LED-monitorral, amely t\u00f6k\u00e9letes az alkatr\u00e9szekhez \u00e9s a jav\u00edt\u00e1sokhoz. Ak\u00e1r egy s\u00e9r\u00fclt monitort szeretne kicser\u00e9lni, ak\u00e1r m\u00e1s projektekhez sz\u00fcks\u00e9ges alkatr\u00e9szeket szeretne megmenteni, ez a teljesen m\u0171k\u00f6d\u0151k\u00e9pes LED-monitor k\u00f6lts\u00e9ghat\u00e9kony megold\u00e1st k\u00edn\u00e1l. A HP Compaq 6820s modellel val\u00f3 kompatibilit\u00e1sra tervezve megb\u00edzhat min\u0151s\u00e9g\u00e9ben \u00e9s megb\u00edzhat\u00f3s\u00e1g\u00e1ban. Fektessen be ebbe az eredeti HP-alkatr\u00e9szbe, \u00e9s leheljen \u00faj \u00e9letet k\u00e9sz\u00fcl\u00e9k\u00e9be.<\/p>\n","protected":false},"excerpt":{"rendered":"<p>Keltse \u00faj \u00e9letre HP Compaq 6820s k\u00e9sz\u00fcl\u00e9k\u00e9t ezzel a teljesen m\u0171k\u00f6d\u0151k\u00e9pes LED-monitorral, amely ide\u00e1lis p\u00f3talkatr\u00e9szekhez \u00e9s jav\u00edt\u00e1sokhoz. Kompatibilis \u00e9s megb\u00edzhat\u00f3, k\u00f6lts\u00e9ghat\u00e9kony megold\u00e1st k\u00edn\u00e1l az eszk\u00f6z m\u0171k\u00f6d\u0151k\u00e9pess\u00e9g\u00e9nek vissza\u00e1ll\u00edt\u00e1s\u00e1ra.<\/p>\n","protected":false},"featured_media":6686,"template":"","meta":[],"product_brand":[],"product_cat":[44,21],"product_tag":[25],"class_list":{"0":"post-6668","1":"product","2":"type-product","3":"status-publish","4":"has-post-thumbnail","6":"product_cat-44","7":"product_cat-laptop-screens-lcd-panels","8":"product_tag-hp","10":"first","11":"instock","12":"taxable","13":"shipping-taxable","14":"purchasable","15":"product-type-simple"},"_links":{"self":[{"href":"https:\/\/boreait.com\/hu\/wp-json\/wp\/v2\/product\/6668","targetHints":{"allow":["GET"]}}],"collection":[{"href":"https:\/\/boreait.com\/hu\/wp-json\/wp\/v2\/product"}],"about":[{"href":"https:\/\/boreait.com\/hu\/wp-json\/wp\/v2\/types\/product"}],"wp:featuredmedia":[{"embeddable":true,"href":"https:\/\/boreait.com\/hu\/wp-json\/wp\/v2\/media\/6686"}],"wp:attachment":[{"href":"https:\/\/boreait.com\/hu\/wp-json\/wp\/v2\/media?parent=6668"}],"wp:term":[{"taxonomy":"product_brand","embeddable":true,"href":"https:\/\/boreait.com\/hu\/wp-json\/wp\/v2\/product_brand?post=6668"},{"taxonomy":"product_cat","embeddable":true,"href":"https:\/\/boreait.com\/hu\/wp-json\/wp\/v2\/product_cat?post=6668"},{"taxonomy":"product_tag","embeddable":true,"href":"https:\/\/boreait.com\/hu\/wp-json\/wp\/v2\/product_tag?post=6668"}],"curies":[{"name":"wp","href":"https:\/\/api.w.org\/{rel}","templated":true}]}}