{"id":6667,"date":"2025-09-17T11:42:04","date_gmt":"2025-09-17T09:42:04","guid":{"rendered":"https:\/\/boreait.com\/hu\/?post_type=product&#038;p=6667"},"modified":"2025-09-17T11:42:20","modified_gmt":"2025-09-17T09:42:20","slug":"videokabel-lapos-lcd-kijelzo-kepernyo-hp-6820s-compaq-monitorhoz-456582-001","status":"publish","type":"product","link":"https:\/\/boreait.com\/hu\/termek\/videokabel-lapos-lcd-kijelzo-kepernyo-hp-6820s-compaq-monitorhoz-456582-001\/","title":{"rendered":"Videok\u00e1bel lapos LCD kijelz\u0151 k\u00e9perny\u0151 HP 6820s Compaq monitorhoz 456582-001"},"content":{"rendered":"<p>Friss\u00edtse HP 6820s Compaq laptop monitorj\u00e1t ezzel a kiv\u00e1l\u00f3 min\u0151s\u00e9g\u0171 videok\u00e1beles lapos LCD kijelz\u0151vel. Az \u00e9les \u00e9s tiszta k\u00e9p megjelen\u00edt\u00e9s\u00e9re tervezett k\u00e1bel z\u00f6kken\u0151mentes kapcsolatot biztos\u00edt a kijelz\u0151panel \u00e9s az alaplap k\u00f6z\u00f6tt. A prec\u00edzi\u00f3s \u00e9s tart\u00f3s kialak\u00edt\u00e1s\u00fa, megb\u00edzhat\u00f3 teljes\u00edtm\u00e9nyt ny\u00fajt, \u00edgy laptopja elengedhetetlen cserealkatr\u00e9sze. A HP 6820s Compaq modellekkel \u00e9s a 456582-001 cikksz\u00e1mmal kompatibilis videok\u00e1bel t\u00f6k\u00e9letes illeszked\u00e9st \u00e9s probl\u00e9mamentes telep\u00edt\u00e9st k\u00edn\u00e1l. \u00c1ll\u00edtsa vissza laptopja kijelz\u0151funkci\u00f3it ezzel a megb\u00edzhat\u00f3 cserek\u00e1bellel m\u00e9g ma!<\/p>\n","protected":false},"excerpt":{"rendered":"<p>Cser\u00e9lje ki elhaszn\u00e1l\u00f3dott vagy s\u00e9r\u00fclt videok\u00e1bel lapos LCD kijelz\u0151j\u00e9t ezzel a kiv\u00e1l\u00f3 min\u0151s\u00e9g\u0171 HP 6820s Compaq laptopok cserealkatr\u00e9sz\u00e9vel. Gondoskodjon z\u00f6kken\u0151mentes csatlakoz\u00e1sr\u00f3l \u00e9s tiszta l\u00e1tv\u00e1nyr\u00f3l a jobb megtekint\u00e9si \u00e9lm\u00e9ny \u00e9rdek\u00e9ben. K\u00f6nnyen telep\u00edthet\u0151 \u00e9s kompatibilis a 456582-001 cikksz\u00e1mmal, ez a k\u00e1bel elengedhetetlen friss\u00edt\u00e9s laptopj\u00e1hoz.<\/p>\n","protected":false},"featured_media":6685,"template":"","meta":[],"product_brand":[],"product_cat":[20],"product_tag":[25],"class_list":{"0":"post-6667","1":"product","2":"type-product","3":"status-publish","4":"has-post-thumbnail","6":"product_cat-cables","7":"product_tag-hp","9":"first","10":"instock","11":"taxable","12":"shipping-taxable","13":"purchasable","14":"product-type-simple"},"_links":{"self":[{"href":"https:\/\/boreait.com\/hu\/wp-json\/wp\/v2\/product\/6667","targetHints":{"allow":["GET"]}}],"collection":[{"href":"https:\/\/boreait.com\/hu\/wp-json\/wp\/v2\/product"}],"about":[{"href":"https:\/\/boreait.com\/hu\/wp-json\/wp\/v2\/types\/product"}],"wp:featuredmedia":[{"embeddable":true,"href":"https:\/\/boreait.com\/hu\/wp-json\/wp\/v2\/media\/6685"}],"wp:attachment":[{"href":"https:\/\/boreait.com\/hu\/wp-json\/wp\/v2\/media?parent=6667"}],"wp:term":[{"taxonomy":"product_brand","embeddable":true,"href":"https:\/\/boreait.com\/hu\/wp-json\/wp\/v2\/product_brand?post=6667"},{"taxonomy":"product_cat","embeddable":true,"href":"https:\/\/boreait.com\/hu\/wp-json\/wp\/v2\/product_cat?post=6667"},{"taxonomy":"product_tag","embeddable":true,"href":"https:\/\/boreait.com\/hu\/wp-json\/wp\/v2\/product_tag?post=6667"}],"curies":[{"name":"wp","href":"https:\/\/api.w.org\/{rel}","templated":true}]}}