{"id":6666,"date":"2025-09-17T11:42:04","date_gmt":"2025-09-17T09:42:04","guid":{"rendered":"https:\/\/boreait.com\/hu\/?post_type=product&#038;p=6666"},"modified":"2026-01-19T10:54:54","modified_gmt":"2026-01-19T09:54:54","slug":"felso-konzol-17-lcd-kepernyos-hp-6820s-compaq-laptophoz","status":"publish","type":"product","link":"https:\/\/boreait.com\/hu\/termek\/felso-konzol-17-lcd-kepernyos-hp-6820s-compaq-laptophoz\/","title":{"rendered":"Fels\u0151 konzol 17\u201d LCD k\u00e9perny\u0151s HP 6820s Compaq laptophoz"},"content":{"rendered":"<p>N\u00f6velje HP Compaq 6820s laptopja 17 h\u00fcvelykes LCD-k\u00e9perny\u0151j\u00e9nek stabilit\u00e1s\u00e1t ezzel a fels\u0151 konzollal. A kifejezetten a HP 6820s modellhez k\u00e9sz\u00fclt konzol biztons\u00e1gos illeszked\u00e9st biztos\u00edt, \u00e9s haszn\u00e1lat k\u00f6zben is a hely\u00e9n tartja a k\u00e9perny\u0151t. A tart\u00f3s anyagokb\u00f3l k\u00e9sz\u00fclt fels\u0151 konzol megb\u00edzhat\u00f3s\u00e1got \u00e9s hossz\u00fa \u00e9lettartamot biztos\u00edt, \u00edgy nyugodt cser\u00e9t biztos\u00edt a meghosszabb\u00edtott haszn\u00e1lathoz. laptop fels\u0151 tart\u00f3ja, amely vissza\u00e1ll\u00edtja a funkcionalit\u00e1st \u00e9s biztos\u00edtja az optim\u00e1lis k\u00e9perny\u0151-t\u00e1mogat\u00e1st. N\u00f6velje laptopja teljes\u00edtm\u00e9ny\u00e9t \u00e9s tart\u00f3ss\u00e1g\u00e1t ezzel a HP Compaq 6820s cs\u00facsmin\u0151s\u00e9g\u0171 fels\u0151 konzollal.<\/p>\n","protected":false},"excerpt":{"rendered":"<p>Friss\u00edtse HP Compaq 6820s laptopja 17 h\u00fcvelykes LCD-k\u00e9perny\u0151j\u00e9t ezzel a fels\u0151 konzollal. Kifejezetten a HP 6820s modellhez tervezett tart\u00f3s konzol biztons\u00e1gos illeszked\u00e9st, stabilit\u00e1st \u00e9s t\u00e1mogat\u00e1st biztos\u00edt a haszn\u00e1lat sor\u00e1n. K\u00f6nnyen telep\u00edthet\u0151, probl\u00e9mamentes cser\u00e9t biztos\u00edt, \u00e9s vissza\u00e1ll\u00edtja a laptop k\u00e9perny\u0151j\u00e9nek funkcionalit\u00e1s\u00e1t.<\/p>\n","protected":false},"featured_media":6684,"template":"","meta":[],"product_brand":[],"product_cat":[16],"product_tag":[25],"class_list":{"0":"post-6666","1":"product","2":"type-product","3":"status-publish","4":"has-post-thumbnail","6":"product_cat-laptop-housing","7":"product_tag-hp","9":"first","10":"instock","11":"taxable","12":"shipping-taxable","13":"purchasable","14":"product-type-simple"},"_links":{"self":[{"href":"https:\/\/boreait.com\/hu\/wp-json\/wp\/v2\/product\/6666","targetHints":{"allow":["GET"]}}],"collection":[{"href":"https:\/\/boreait.com\/hu\/wp-json\/wp\/v2\/product"}],"about":[{"href":"https:\/\/boreait.com\/hu\/wp-json\/wp\/v2\/types\/product"}],"wp:featuredmedia":[{"embeddable":true,"href":"https:\/\/boreait.com\/hu\/wp-json\/wp\/v2\/media\/6684"}],"wp:attachment":[{"href":"https:\/\/boreait.com\/hu\/wp-json\/wp\/v2\/media?parent=6666"}],"wp:term":[{"taxonomy":"product_brand","embeddable":true,"href":"https:\/\/boreait.com\/hu\/wp-json\/wp\/v2\/product_brand?post=6666"},{"taxonomy":"product_cat","embeddable":true,"href":"https:\/\/boreait.com\/hu\/wp-json\/wp\/v2\/product_cat?post=6666"},{"taxonomy":"product_tag","embeddable":true,"href":"https:\/\/boreait.com\/hu\/wp-json\/wp\/v2\/product_tag?post=6666"}],"curies":[{"name":"wp","href":"https:\/\/api.w.org\/{rel}","templated":true}]}}